{"id":26878,"date":"2025-09-20T11:53:50","date_gmt":"2025-09-20T14:53:50","guid":{"rendered":"https:\/\/jugueterialudico.com.ar\/?post_type=product&#038;p=26878"},"modified":"2026-04-28T18:19:36","modified_gmt":"2026-04-28T21:19:36","slug":"juego-y-aprendo-por-el-mundo-011","status":"publish","type":"product","link":"https:\/\/jugueterialudico.com.ar\/?product=juego-y-aprendo-por-el-mundo-011","title":{"rendered":"JUEGO Y APRENDO POR EL MUNDO &#8211; 011"},"content":{"rendered":"<p><strong>Juego y Aprendo: Por el Mundo<\/strong><\/p>\n<p>\u00a1Un viaje lleno de juegos para hacer una y otra vez!<\/p>\n<p>Este cuaderno did\u00e1ctico invita a recorrer el mundo a trav\u00e9s de 41 actividades ilustradas. Con propuestas que estimulan la atenci\u00f3n, el pensamiento l\u00f3gico, la lectoescritura y la curiosidad cultural, es ideal para ni\u00f1os y ni\u00f1as de 6 a 8 a\u00f1os.<\/p>\n<p>Su formato anillado y plastificado permite escribir y borrar cuantas veces se quiera. Adem\u00e1s, incluye un fibr\u00f3n con borrador que se guarda en el mismo cuaderno: \u00a1perfecto para usar en casa, en la escuela, o mientras viajan!<\/p>\n<p>&nbsp;<\/p>\n<p><strong>\u00bfQu\u00e9 actividades incluye?<\/strong><\/p>\n<ul>\n<li>Laberintos<\/li>\n<li>Sudokus<\/li>\n<li>Juegos de palabras<\/li>\n<li>Sopa de letras<\/li>\n<li>C\u00e1lculos con situaciones de viaje<\/li>\n<li>Adivinanzas y diferencias culturales<\/li>\n<li>Juegos sobre mapas y medios de transporte<\/li>\n<\/ul>\n<p>\u00a1Y muchas m\u00e1s!<\/p>\n<p>&nbsp;<\/p>\n<p><strong>Ideal para trabajar<\/strong><\/p>\n<ul>\n<li>Atenci\u00f3n y observaci\u00f3n<\/li>\n<li>C\u00e1lculo mental y lectura<\/li>\n<li>Conocimientos sobre geograf\u00eda y culturas<\/li>\n<li>Autonom\u00eda y pensamiento creativo<\/li>\n<\/ul>\n<p>&nbsp;<\/p>\n<p><strong>Incluye<\/strong><\/p>\n<ul>\n<li>1 cuaderno anillado plastificado<\/li>\n<li>41 actividades reutilizables<\/li>\n<li>1 fibr\u00f3n con borrador<\/li>\n<\/ul>\n<p>&nbsp;<\/p>\n<p><strong>Recomendado para ni\u00f1os y ni\u00f1as de 6 a 8 a\u00f1os.<\/strong><\/p>\n","protected":false},"excerpt":{"rendered":"<p>Juego y Aprendo: Por el Mundo \u00a1Un viaje lleno de juegos para hacer una y otra vez! Este cuaderno did\u00e1ctico invita a recorrer el mundo a trav\u00e9s de 41 actividades ilustradas. Con propuestas que estimulan la atenci\u00f3n, el pensamiento l\u00f3gico, la lectoescritura y la curiosidad cultural, es ideal para ni\u00f1os y ni\u00f1as de 6 a [&hellip;]<\/p>\n","protected":false},"featured_media":26879,"comment_status":"open","ping_status":"closed","template":"","meta":{"site-sidebar-layout":"default","site-content-layout":"","ast-site-content-layout":"default","site-content-style":"default","site-sidebar-style":"default","ast-global-header-display":"","ast-banner-title-visibility":"","ast-main-header-display":"","ast-hfb-above-header-display":"","ast-hfb-below-header-display":"","ast-hfb-mobile-header-display":"","site-post-title":"","ast-breadcrumbs-content":"","ast-featured-img":"","footer-sml-layout":"","theme-transparent-header-meta":"default","adv-header-id-meta":"","stick-header-meta":"","header-above-stick-meta":"","header-main-stick-meta":"","header-below-stick-meta":"","astra-migrate-meta-layouts":"set","ast-page-background-enabled":"default","ast-page-background-meta":{"desktop":{"background-color":"","background-image":"","background-repeat":"repeat","background-position":"center center","background-size":"auto","background-attachment":"scroll","background-type":"","background-media":"","overlay-type":"","overlay-color":"","overlay-opacity":"","overlay-gradient":""},"tablet":{"background-color":"","background-image":"","background-repeat":"repeat","background-position":"center center","background-size":"auto","background-attachment":"scroll","background-type":"","background-media":"","overlay-type":"","overlay-color":"","overlay-opacity":"","overlay-gradient":""},"mobile":{"background-color":"","background-image":"","background-repeat":"repeat","background-position":"center center","background-size":"auto","background-attachment":"scroll","background-type":"","background-media":"","overlay-type":"","overlay-color":"","overlay-opacity":"","overlay-gradient":""}},"ast-content-background-meta":{"desktop":{"background-color":"var(--ast-global-color-5)","background-image":"","background-repeat":"repeat","background-position":"center center","background-size":"auto","background-attachment":"scroll","background-type":"","background-media":"","overlay-type":"","overlay-color":"","overlay-opacity":"","overlay-gradient":""},"tablet":{"background-color":"var(--ast-global-color-5)","background-image":"","background-repeat":"repeat","background-position":"center center","background-size":"auto","background-attachment":"scroll","background-type":"","background-media":"","overlay-type":"","overlay-color":"","overlay-opacity":"","overlay-gradient":""},"mobile":{"background-color":"var(--ast-global-color-5)","background-image":"","background-repeat":"repeat","background-position":"center center","background-size":"auto","background-attachment":"scroll","background-type":"","background-media":"","overlay-type":"","overlay-color":"","overlay-opacity":"","overlay-gradient":""}},"spay_email":""},"product_cat":[166,167,146,196,145],"product_tag":[],"_links":{"self":[{"href":"https:\/\/jugueterialudico.com.ar\/index.php?rest_route=\/wp\/v2\/product\/26878"}],"collection":[{"href":"https:\/\/jugueterialudico.com.ar\/index.php?rest_route=\/wp\/v2\/product"}],"about":[{"href":"https:\/\/jugueterialudico.com.ar\/index.php?rest_route=\/wp\/v2\/types\/product"}],"replies":[{"embeddable":true,"href":"https:\/\/jugueterialudico.com.ar\/index.php?rest_route=%2Fwp%2Fv2%2Fcomments&post=26878"}],"wp:featuredmedia":[{"embeddable":true,"href":"https:\/\/jugueterialudico.com.ar\/index.php?rest_route=\/wp\/v2\/media\/26879"}],"wp:attachment":[{"href":"https:\/\/jugueterialudico.com.ar\/index.php?rest_route=%2Fwp%2Fv2%2Fmedia&parent=26878"}],"wp:term":[{"taxonomy":"product_cat","embeddable":true,"href":"https:\/\/jugueterialudico.com.ar\/index.php?rest_route=%2Fwp%2Fv2%2Fproduct_cat&post=26878"},{"taxonomy":"product_tag","embeddable":true,"href":"https:\/\/jugueterialudico.com.ar\/index.php?rest_route=%2Fwp%2Fv2%2Fproduct_tag&post=26878"}],"curies":[{"name":"wp","href":"https:\/\/api.w.org\/{rel}","templated":true}]}}