{"id":26905,"date":"2025-09-30T19:00:24","date_gmt":"2025-09-30T22:00:24","guid":{"rendered":"https:\/\/jugueterialudico.com.ar\/?post_type=product&#038;p=26905"},"modified":"2025-12-29T11:37:05","modified_gmt":"2025-12-29T14:37:05","slug":"carrera-de-mente-1-cartas-101","status":"publish","type":"product","link":"https:\/\/jugueterialudico.com.ar\/?product=carrera-de-mente-1-cartas-101","title":{"rendered":"CARRERA DE MENTE 1 CARTAS &#8211; 101"},"content":{"rendered":"<div class=\"ficha\">\n<div class=\"f-1\">Jugadores<\/div>\n<div class=\"f-2\">2 a 6<\/div>\n<\/div>\n<div class=\"ficha\">\n<div class=\"f-1\">Edad<\/div>\n<div class=\"f-2\">+10<\/div>\n<\/div>\n<div class=\"ficha\">\n<div class=\"f-1\">Medidas<\/div>\n<div class=\"f-2\">92 x 116 x 19 mm.<\/div>\n<\/div>\n<div class=\"ficha\">\n<div class=\"f-1\">Contenido<\/div>\n<div class=\"f-2c\">120 cartas, 1 dado especial, 1 reglamento<\/div>\n<\/div>\n","protected":false},"excerpt":{"rendered":"<header>\n<h1 class=\"title single-title\">Carrera de Mente Cartas 1<\/h1>\n<\/header>\n<div class=\"post-single-content box mark-links\">\n<p><strong>Una nueva edici\u00f3n del juego de preguntas y respuestas m\u00e1s famoso del pa\u00eds en un formato para jugar en el auto, en la oficina, en la playa, en el subte o en el tren.<\/strong><br \/>\n<strong>Desafi\u00e1 tus conocimientos y los de todos tus amigos respondiendo grandes preguntas en el juego m\u00e1s peque\u00f1o que pudiste imaginar.<\/strong><\/p>\n<\/div>\n","protected":false},"featured_media":26908,"comment_status":"open","ping_status":"closed","template":"","meta":{"site-sidebar-layout":"default","site-content-layout":"","ast-site-content-layout":"default","site-content-style":"default","site-sidebar-style":"default","ast-global-header-display":"","ast-banner-title-visibility":"","ast-main-header-display":"","ast-hfb-above-header-display":"","ast-hfb-below-header-display":"","ast-hfb-mobile-header-display":"","site-post-title":"","ast-breadcrumbs-content":"","ast-featured-img":"","footer-sml-layout":"","theme-transparent-header-meta":"default","adv-header-id-meta":"","stick-header-meta":"","header-above-stick-meta":"","header-main-stick-meta":"","header-below-stick-meta":"","astra-migrate-meta-layouts":"set","ast-page-background-enabled":"default","ast-page-background-meta":{"desktop":{"background-color":"","background-image":"","background-repeat":"repeat","background-position":"center center","background-size":"auto","background-attachment":"scroll","background-type":"","background-media":"","overlay-type":"","overlay-color":"","overlay-opacity":"","overlay-gradient":""},"tablet":{"background-color":"","background-image":"","background-repeat":"repeat","background-position":"center center","background-size":"auto","background-attachment":"scroll","background-type":"","background-media":"","overlay-type":"","overlay-color":"","overlay-opacity":"","overlay-gradient":""},"mobile":{"background-color":"","background-image":"","background-repeat":"repeat","background-position":"center center","background-size":"auto","background-attachment":"scroll","background-type":"","background-media":"","overlay-type":"","overlay-color":"","overlay-opacity":"","overlay-gradient":""}},"ast-content-background-meta":{"desktop":{"background-color":"var(--ast-global-color-5)","background-image":"","background-repeat":"repeat","background-position":"center center","background-size":"auto","background-attachment":"scroll","background-type":"","background-media":"","overlay-type":"","overlay-color":"","overlay-opacity":"","overlay-gradient":""},"tablet":{"background-color":"var(--ast-global-color-5)","background-image":"","background-repeat":"repeat","background-position":"center center","background-size":"auto","background-attachment":"scroll","background-type":"","background-media":"","overlay-type":"","overlay-color":"","overlay-opacity":"","overlay-gradient":""},"mobile":{"background-color":"var(--ast-global-color-5)","background-image":"","background-repeat":"repeat","background-position":"center center","background-size":"auto","background-attachment":"scroll","background-type":"","background-media":"","overlay-type":"","overlay-color":"","overlay-opacity":"","overlay-gradient":""}},"spay_email":""},"product_cat":[185,168,74],"product_tag":[],"_links":{"self":[{"href":"https:\/\/jugueterialudico.com.ar\/index.php?rest_route=\/wp\/v2\/product\/26905"}],"collection":[{"href":"https:\/\/jugueterialudico.com.ar\/index.php?rest_route=\/wp\/v2\/product"}],"about":[{"href":"https:\/\/jugueterialudico.com.ar\/index.php?rest_route=\/wp\/v2\/types\/product"}],"replies":[{"embeddable":true,"href":"https:\/\/jugueterialudico.com.ar\/index.php?rest_route=%2Fwp%2Fv2%2Fcomments&post=26905"}],"wp:featuredmedia":[{"embeddable":true,"href":"https:\/\/jugueterialudico.com.ar\/index.php?rest_route=\/wp\/v2\/media\/26908"}],"wp:attachment":[{"href":"https:\/\/jugueterialudico.com.ar\/index.php?rest_route=%2Fwp%2Fv2%2Fmedia&parent=26905"}],"wp:term":[{"taxonomy":"product_cat","embeddable":true,"href":"https:\/\/jugueterialudico.com.ar\/index.php?rest_route=%2Fwp%2Fv2%2Fproduct_cat&post=26905"},{"taxonomy":"product_tag","embeddable":true,"href":"https:\/\/jugueterialudico.com.ar\/index.php?rest_route=%2Fwp%2Fv2%2Fproduct_tag&post=26905"}],"curies":[{"name":"wp","href":"https:\/\/api.w.org\/{rel}","templated":true}]}}