{"id":26911,"date":"2025-09-30T19:13:26","date_gmt":"2025-09-30T22:13:26","guid":{"rendered":"https:\/\/jugueterialudico.com.ar\/?post_type=product&#038;p=26911"},"modified":"2025-09-30T19:14:43","modified_gmt":"2025-09-30T22:14:43","slug":"carrera-de-mente-2-cartas-101","status":"publish","type":"product","link":"https:\/\/jugueterialudico.com.ar\/?product=carrera-de-mente-2-cartas-101","title":{"rendered":"CARRERA DE MENTE 2 CARTAS &#8211; 101"},"content":{"rendered":"<div class=\"ficha\">\n<div class=\"f-1\"><strong>Jugadores: 2 a 6<\/strong><\/div>\n<\/div>\n<div class=\"ficha\">\n<div class=\"f-1\"><strong>Edad recomendada: +10 a\u00f1os<\/strong><\/div>\n<\/div>\n<div class=\"ficha\">\n<div class=\"f-1\"><strong>Medidas: 92 x 116 x 19 mm.<\/strong><\/div>\n<\/div>\n<div class=\"ficha\">\n<p><strong>Contenido: <\/strong><\/p>\n<ul>\n<li><strong>120 cartas<\/strong><\/li>\n<li><strong>1 dado especial<\/strong><\/li>\n<li><strong> 1 reglamento<\/strong><\/li>\n<\/ul>\n<\/div>\n","protected":false},"excerpt":{"rendered":"<header>\n<h3 class=\"title single-title\">Carrera de Mente Cartas 2 (Edici\u00f3n 2022)<\/h3>\n<\/header>\n<div class=\"post-single-content box mark-links\">\n<p><strong>Una nueva edici\u00f3n del juego de preguntas y respuestas m\u00e1s famoso del pa\u00eds en un formato para jugar en el auto, en la oficina, en la playa, en el subte o en el tren.<\/strong><br \/>\n<strong>Desafi\u00e1 tus conocimientos y los de todos tus amigos respondiendo grandes preguntas en el juego m\u00e1s peque\u00f1o que pudiste imaginar.<\/strong><\/p>\n<\/div>\n","protected":false},"featured_media":26912,"comment_status":"open","ping_status":"closed","template":"","meta":{"site-sidebar-layout":"default","site-content-layout":"","ast-site-content-layout":"default","site-content-style":"default","site-sidebar-style":"default","ast-global-header-display":"","ast-banner-title-visibility":"","ast-main-header-display":"","ast-hfb-above-header-display":"","ast-hfb-below-header-display":"","ast-hfb-mobile-header-display":"","site-post-title":"","ast-breadcrumbs-content":"","ast-featured-img":"","footer-sml-layout":"","theme-transparent-header-meta":"default","adv-header-id-meta":"","stick-header-meta":"","header-above-stick-meta":"","header-main-stick-meta":"","header-below-stick-meta":"","astra-migrate-meta-layouts":"set","ast-page-background-enabled":"default","ast-page-background-meta":{"desktop":{"background-color":"","background-image":"","background-repeat":"repeat","background-position":"center center","background-size":"auto","background-attachment":"scroll","background-type":"","background-media":"","overlay-type":"","overlay-color":"","overlay-opacity":"","overlay-gradient":""},"tablet":{"background-color":"","background-image":"","background-repeat":"repeat","background-position":"center center","background-size":"auto","background-attachment":"scroll","background-type":"","background-media":"","overlay-type":"","overlay-color":"","overlay-opacity":"","overlay-gradient":""},"mobile":{"background-color":"","background-image":"","background-repeat":"repeat","background-position":"center center","background-size":"auto","background-attachment":"scroll","background-type":"","background-media":"","overlay-type":"","overlay-color":"","overlay-opacity":"","overlay-gradient":""}},"ast-content-background-meta":{"desktop":{"background-color":"var(--ast-global-color-5)","background-image":"","background-repeat":"repeat","background-position":"center center","background-size":"auto","background-attachment":"scroll","background-type":"","background-media":"","overlay-type":"","overlay-color":"","overlay-opacity":"","overlay-gradient":""},"tablet":{"background-color":"var(--ast-global-color-5)","background-image":"","background-repeat":"repeat","background-position":"center center","background-size":"auto","background-attachment":"scroll","background-type":"","background-media":"","overlay-type":"","overlay-color":"","overlay-opacity":"","overlay-gradient":""},"mobile":{"background-color":"var(--ast-global-color-5)","background-image":"","background-repeat":"repeat","background-position":"center center","background-size":"auto","background-attachment":"scroll","background-type":"","background-media":"","overlay-type":"","overlay-color":"","overlay-opacity":"","overlay-gradient":""}},"spay_email":""},"product_cat":[185,168,74],"product_tag":[],"_links":{"self":[{"href":"https:\/\/jugueterialudico.com.ar\/index.php?rest_route=\/wp\/v2\/product\/26911"}],"collection":[{"href":"https:\/\/jugueterialudico.com.ar\/index.php?rest_route=\/wp\/v2\/product"}],"about":[{"href":"https:\/\/jugueterialudico.com.ar\/index.php?rest_route=\/wp\/v2\/types\/product"}],"replies":[{"embeddable":true,"href":"https:\/\/jugueterialudico.com.ar\/index.php?rest_route=%2Fwp%2Fv2%2Fcomments&post=26911"}],"wp:featuredmedia":[{"embeddable":true,"href":"https:\/\/jugueterialudico.com.ar\/index.php?rest_route=\/wp\/v2\/media\/26912"}],"wp:attachment":[{"href":"https:\/\/jugueterialudico.com.ar\/index.php?rest_route=%2Fwp%2Fv2%2Fmedia&parent=26911"}],"wp:term":[{"taxonomy":"product_cat","embeddable":true,"href":"https:\/\/jugueterialudico.com.ar\/index.php?rest_route=%2Fwp%2Fv2%2Fproduct_cat&post=26911"},{"taxonomy":"product_tag","embeddable":true,"href":"https:\/\/jugueterialudico.com.ar\/index.php?rest_route=%2Fwp%2Fv2%2Fproduct_tag&post=26911"}],"curies":[{"name":"wp","href":"https:\/\/api.w.org\/{rel}","templated":true}]}}