{"id":26917,"date":"2025-09-30T19:37:12","date_gmt":"2025-09-30T22:37:12","guid":{"rendered":"https:\/\/jugueterialudico.com.ar\/?post_type=product&#038;p=26917"},"modified":"2026-04-29T11:11:43","modified_gmt":"2026-04-29T14:11:43","slug":"uno-101","status":"publish","type":"product","link":"https:\/\/jugueterialudico.com.ar\/?product=uno-101","title":{"rendered":"UNO &#8211; 101"},"content":{"rendered":"<div class=\"ficha\">\n<div class=\"f-1\"><strong>Jugadores: 2 a 10<\/strong><\/div>\n<\/div>\n<div class=\"ficha\">\n<div class=\"f-1\"><strong>Edad recomendada: + 7 a\u00f1os<\/strong><\/div>\n<\/div>\n<div class=\"ficha\">\n<div class=\"f-1\"><strong>Medidas: 92 x 116 x ,9 mm.<\/strong><\/div>\n<\/div>\n<div class=\"ficha\">\n<div class=\"f-1\"><strong>Contenido: <\/strong><\/div>\n<ul>\n<li class=\"f-1\"><strong>108 cartas<\/strong><\/li>\n<li class=\"f-1\"><strong>1 reglamento<\/strong><\/li>\n<\/ul>\n<\/div>\n","protected":false},"excerpt":{"rendered":"<header>\n<h3 class=\"title single-title\">Uno<\/h3>\n<\/header>\n<div class=\"post-single-content box mark-links\">\n<p><strong>El cl\u00e1sico juego de cartas conocido en todo el mundo.<\/strong><br \/>\n<strong>Con UNO, la mesa de juego se vuelve un frenes\u00ed donde nadie puede perder de vista las acciones de los dem\u00e1s. Es tan f\u00e1cil de aprender, que vas a jugarlo una y otra vez.<\/strong><\/p>\n<\/div>\n","protected":false},"featured_media":26918,"comment_status":"open","ping_status":"closed","template":"","meta":{"site-sidebar-layout":"default","site-content-layout":"","ast-site-content-layout":"default","site-content-style":"default","site-sidebar-style":"default","ast-global-header-display":"","ast-banner-title-visibility":"","ast-main-header-display":"","ast-hfb-above-header-display":"","ast-hfb-below-header-display":"","ast-hfb-mobile-header-display":"","site-post-title":"","ast-breadcrumbs-content":"","ast-featured-img":"","footer-sml-layout":"","theme-transparent-header-meta":"default","adv-header-id-meta":"","stick-header-meta":"","header-above-stick-meta":"","header-main-stick-meta":"","header-below-stick-meta":"","astra-migrate-meta-layouts":"set","ast-page-background-enabled":"default","ast-page-background-meta":{"desktop":{"background-color":"","background-image":"","background-repeat":"repeat","background-position":"center center","background-size":"auto","background-attachment":"scroll","background-type":"","background-media":"","overlay-type":"","overlay-color":"","overlay-opacity":"","overlay-gradient":""},"tablet":{"background-color":"","background-image":"","background-repeat":"repeat","background-position":"center center","background-size":"auto","background-attachment":"scroll","background-type":"","background-media":"","overlay-type":"","overlay-color":"","overlay-opacity":"","overlay-gradient":""},"mobile":{"background-color":"","background-image":"","background-repeat":"repeat","background-position":"center center","background-size":"auto","background-attachment":"scroll","background-type":"","background-media":"","overlay-type":"","overlay-color":"","overlay-opacity":"","overlay-gradient":""}},"ast-content-background-meta":{"desktop":{"background-color":"var(--ast-global-color-5)","background-image":"","background-repeat":"repeat","background-position":"center center","background-size":"auto","background-attachment":"scroll","background-type":"","background-media":"","overlay-type":"","overlay-color":"","overlay-opacity":"","overlay-gradient":""},"tablet":{"background-color":"var(--ast-global-color-5)","background-image":"","background-repeat":"repeat","background-position":"center center","background-size":"auto","background-attachment":"scroll","background-type":"","background-media":"","overlay-type":"","overlay-color":"","overlay-opacity":"","overlay-gradient":""},"mobile":{"background-color":"var(--ast-global-color-5)","background-image":"","background-repeat":"repeat","background-position":"center center","background-size":"auto","background-attachment":"scroll","background-type":"","background-media":"","overlay-type":"","overlay-color":"","overlay-opacity":"","overlay-gradient":""}},"spay_email":""},"product_cat":[168,166,167,74],"product_tag":[],"_links":{"self":[{"href":"https:\/\/jugueterialudico.com.ar\/index.php?rest_route=\/wp\/v2\/product\/26917"}],"collection":[{"href":"https:\/\/jugueterialudico.com.ar\/index.php?rest_route=\/wp\/v2\/product"}],"about":[{"href":"https:\/\/jugueterialudico.com.ar\/index.php?rest_route=\/wp\/v2\/types\/product"}],"replies":[{"embeddable":true,"href":"https:\/\/jugueterialudico.com.ar\/index.php?rest_route=%2Fwp%2Fv2%2Fcomments&post=26917"}],"wp:featuredmedia":[{"embeddable":true,"href":"https:\/\/jugueterialudico.com.ar\/index.php?rest_route=\/wp\/v2\/media\/26918"}],"wp:attachment":[{"href":"https:\/\/jugueterialudico.com.ar\/index.php?rest_route=%2Fwp%2Fv2%2Fmedia&parent=26917"}],"wp:term":[{"taxonomy":"product_cat","embeddable":true,"href":"https:\/\/jugueterialudico.com.ar\/index.php?rest_route=%2Fwp%2Fv2%2Fproduct_cat&post=26917"},{"taxonomy":"product_tag","embeddable":true,"href":"https:\/\/jugueterialudico.com.ar\/index.php?rest_route=%2Fwp%2Fv2%2Fproduct_tag&post=26917"}],"curies":[{"name":"wp","href":"https:\/\/api.w.org\/{rel}","templated":true}]}}