{"id":26956,"date":"2025-10-10T13:18:28","date_gmt":"2025-10-10T16:18:28","guid":{"rendered":"https:\/\/jugueterialudico.com.ar\/?post_type=product&#038;p=26956"},"modified":"2026-04-18T17:48:47","modified_gmt":"2026-04-18T20:48:47","slug":"manda-sensorial-bichos-y-flores-061","status":"publish","type":"product","link":"https:\/\/jugueterialudico.com.ar\/?product=manda-sensorial-bichos-y-flores-061","title":{"rendered":"MANTA SENSORIAL BICHOS Y FLORES &#8211; 061"},"content":{"rendered":"<h5 class=\"font-big mb-4\">Descripci\u00f3n<\/h5>\n<div class=\"user-content font-small mb-4\">\n<p><img loading=\"lazy\" decoding=\"async\" src=\"https:\/\/d1a9qnv764bsoo.cloudfront.net\/stores\/679\/410\/rte\/1.png\" alt=\"\" width=\"700\" height=\"200\" \/><\/p>\n<p><img loading=\"lazy\" decoding=\"async\" src=\"https:\/\/d1a9qnv764bsoo.cloudfront.net\/stores\/679\/410\/rte\/cubos.png\" alt=\"\" width=\"700\" height=\"240\" \/><\/p>\n<p>Las mantas did\u00e1cticas para beb\u00e9s\u00a0 ofrecen una serie de beneficios importantes para el desarrollo infantil temprano<\/p>\n<ol>\n<li><strong>Estimulaci\u00f3n sensorial: <\/strong>La\u00a0variedad de texturas, colores y patrones estimulan los sentidos del beb\u00e9 y promueven el desarrollo sensorial.<\/li>\n<li><strong>Desarrollo motor:<\/strong>\u00a0Las mantas proporcionan un espacio seguro y c\u00f3modo para que los beb\u00e9s practiquen habilidades motoras, como rodar, gatear y sentarse. Los juguetes y actividades integradas en la manta lo motivan a moverse.<\/li>\n<li><strong>Estimulaci\u00f3n cognitiva:<\/strong>\u00a0Los elementos interactivos como el sonajero,\u00a0 los juguetes colgantes , texturas diferentes, chifle, moviento ayudan a desarrollar las habilidades cognitivas del beb\u00e9, como la percepci\u00f3n visual, la coordinaci\u00f3n mano-ojo y la resoluci\u00f3n de problemas simples.<\/li>\n<li><strong>Fomento del tiempo boca abajo:<\/strong>\u00a0Colocar al beb\u00e9 boca abajo en la manta did\u00e1ctica durante el tiempo de juego supervisado puede fortalecer los m\u00fasculos del cuello, los hombros y la espalda, y ayudar a prevenir la plagiocefalia posicional (aplanamiento de la cabeza) y otros problemas relacionados con el desarrollo.<\/li>\n<\/ol>\n<\/div>\n","protected":false},"excerpt":{"rendered":"<p>Descripci\u00f3n Las mantas did\u00e1cticas para beb\u00e9s\u00a0 ofrecen una serie de beneficios importantes para el desarrollo infantil temprano Estimulaci\u00f3n sensorial: La\u00a0variedad de texturas, colores y patrones estimulan los sentidos del beb\u00e9 y promueven el desarrollo sensorial. Desarrollo motor:\u00a0Las mantas proporcionan un espacio seguro y c\u00f3modo para que los beb\u00e9s practiquen habilidades motoras, como rodar, gatear y [&hellip;]<\/p>\n","protected":false},"featured_media":26957,"comment_status":"open","ping_status":"closed","template":"","meta":{"site-sidebar-layout":"default","site-content-layout":"","ast-site-content-layout":"default","site-content-style":"default","site-sidebar-style":"default","ast-global-header-display":"","ast-banner-title-visibility":"","ast-main-header-display":"","ast-hfb-above-header-display":"","ast-hfb-below-header-display":"","ast-hfb-mobile-header-display":"","site-post-title":"","ast-breadcrumbs-content":"","ast-featured-img":"","footer-sml-layout":"","theme-transparent-header-meta":"default","adv-header-id-meta":"","stick-header-meta":"","header-above-stick-meta":"","header-main-stick-meta":"","header-below-stick-meta":"","astra-migrate-meta-layouts":"set","ast-page-background-enabled":"default","ast-page-background-meta":{"desktop":{"background-color":"","background-image":"","background-repeat":"repeat","background-position":"center center","background-size":"auto","background-attachment":"scroll","background-type":"","background-media":"","overlay-type":"","overlay-color":"","overlay-opacity":"","overlay-gradient":""},"tablet":{"background-color":"","background-image":"","background-repeat":"repeat","background-position":"center center","background-size":"auto","background-attachment":"scroll","background-type":"","background-media":"","overlay-type":"","overlay-color":"","overlay-opacity":"","overlay-gradient":""},"mobile":{"background-color":"","background-image":"","background-repeat":"repeat","background-position":"center center","background-size":"auto","background-attachment":"scroll","background-type":"","background-media":"","overlay-type":"","overlay-color":"","overlay-opacity":"","overlay-gradient":""}},"ast-content-background-meta":{"desktop":{"background-color":"var(--ast-global-color-5)","background-image":"","background-repeat":"repeat","background-position":"center center","background-size":"auto","background-attachment":"scroll","background-type":"","background-media":"","overlay-type":"","overlay-color":"","overlay-opacity":"","overlay-gradient":""},"tablet":{"background-color":"var(--ast-global-color-5)","background-image":"","background-repeat":"repeat","background-position":"center center","background-size":"auto","background-attachment":"scroll","background-type":"","background-media":"","overlay-type":"","overlay-color":"","overlay-opacity":"","overlay-gradient":""},"mobile":{"background-color":"var(--ast-global-color-5)","background-image":"","background-repeat":"repeat","background-position":"center center","background-size":"auto","background-attachment":"scroll","background-type":"","background-media":"","overlay-type":"","overlay-color":"","overlay-opacity":"","overlay-gradient":""}},"spay_email":""},"product_cat":[162,161,76,159],"product_tag":[],"_links":{"self":[{"href":"https:\/\/jugueterialudico.com.ar\/index.php?rest_route=\/wp\/v2\/product\/26956"}],"collection":[{"href":"https:\/\/jugueterialudico.com.ar\/index.php?rest_route=\/wp\/v2\/product"}],"about":[{"href":"https:\/\/jugueterialudico.com.ar\/index.php?rest_route=\/wp\/v2\/types\/product"}],"replies":[{"embeddable":true,"href":"https:\/\/jugueterialudico.com.ar\/index.php?rest_route=%2Fwp%2Fv2%2Fcomments&post=26956"}],"wp:featuredmedia":[{"embeddable":true,"href":"https:\/\/jugueterialudico.com.ar\/index.php?rest_route=\/wp\/v2\/media\/26957"}],"wp:attachment":[{"href":"https:\/\/jugueterialudico.com.ar\/index.php?rest_route=%2Fwp%2Fv2%2Fmedia&parent=26956"}],"wp:term":[{"taxonomy":"product_cat","embeddable":true,"href":"https:\/\/jugueterialudico.com.ar\/index.php?rest_route=%2Fwp%2Fv2%2Fproduct_cat&post=26956"},{"taxonomy":"product_tag","embeddable":true,"href":"https:\/\/jugueterialudico.com.ar\/index.php?rest_route=%2Fwp%2Fv2%2Fproduct_tag&post=26956"}],"curies":[{"name":"wp","href":"https:\/\/api.w.org\/{rel}","templated":true}]}}