{"id":26965,"date":"2025-10-10T13:23:54","date_gmt":"2025-10-10T16:23:54","guid":{"rendered":"https:\/\/jugueterialudico.com.ar\/?post_type=product&#038;p=26965"},"modified":"2026-04-15T17:06:00","modified_gmt":"2026-04-15T20:06:00","slug":"libro-bichos-y-flores-061","status":"publish","type":"product","link":"https:\/\/jugueterialudico.com.ar\/?product=libro-bichos-y-flores-061","title":{"rendered":"LIBRO BICHOS Y FLORES &#8211; 061"},"content":{"rendered":"<h5 class=\"font-big mb-4\">Descripci\u00f3n<\/h5>\n<div class=\"user-content font-small mb-4\">\n<p data-start=\"62\" data-end=\"193\"><strong data-start=\"62\" data-end=\"112\"><img decoding=\"async\" src=\"https:\/\/d1a9qnv764bsoo.cloudfront.net\/stores\/005\/651\/436\/rte\/edades%20bichos.png\" alt=\"\" \/><\/strong><\/p>\n<p data-start=\"62\" data-end=\"193\"><strong data-start=\"62\" data-end=\"112\"><img loading=\"lazy\" decoding=\"async\" src=\"https:\/\/d1a9qnv764bsoo.cloudfront.net\/stores\/005\/651\/436\/rte\/iconos%20bichos.png\" alt=\"\" width=\"700\" height=\"240\" \/><\/strong><\/p>\n<p data-start=\"62\" data-end=\"193\"><strong data-start=\"62\" data-end=\"112\">Libro de actividades para beb\u00e9s (9 a 24 meses)<\/strong><br data-start=\"112\" data-end=\"115\" \/>Un libro pensado para acompa\u00f1ar el desarrollo de tu beb\u00e9 a trav\u00e9s del juego:<\/p>\n<ul data-start=\"194\" data-end=\"556\">\n<li data-start=\"194\" data-end=\"266\">\n<p data-start=\"196\" data-end=\"266\">\ud83d\udc4b\u00a0<strong data-start=\"199\" data-end=\"224\">Coordinaci\u00f3n ojo-mano<\/strong>: ejercita la concentraci\u00f3n y precisi\u00f3n.<\/p>\n<\/li>\n<li data-start=\"267\" data-end=\"332\">\n<p data-start=\"269\" data-end=\"332\">\u270b\u00a0<strong data-start=\"271\" data-end=\"290\">Motricidad fina<\/strong>: favorece el movimiento de los deditos.<\/p>\n<\/li>\n<li data-start=\"333\" data-end=\"387\">\n<p data-start=\"335\" data-end=\"387\">\ud83e\uddf5\u00a0<strong data-start=\"338\" data-end=\"351\">Enhebrado<\/strong>: desarrolla paciencia y destreza.<\/p>\n<\/li>\n<li data-start=\"388\" data-end=\"467\">\n<p data-start=\"390\" data-end=\"467\">\ud83d\udc3b\u00a0<strong data-start=\"393\" data-end=\"416\">Animales escondidos<\/strong>: estimula la curiosidad y el pensamiento l\u00f3gico.<\/p>\n<\/li>\n<li data-start=\"468\" data-end=\"556\">\n<p data-start=\"470\" data-end=\"556\">\ud83c\udf08\u00a0<strong data-start=\"473\" data-end=\"493\">Colores y espejo<\/strong>: promueven la exploraci\u00f3n, el reconocimiento y la identidad.<\/p>\n<\/li>\n<\/ul>\n<p>&nbsp;<\/p>\n<p data-start=\"558\" data-end=\"788\">Incluye un\u00a0<strong data-start=\"569\" data-end=\"605\">texto corto con rimas divertidas<\/strong>, ideal para la\u00a0<strong data-start=\"621\" data-end=\"650\">estimulaci\u00f3n del lenguaje<\/strong>. Leerle a los beb\u00e9s fortalece el v\u00ednculo afectivo, enriquece su vocabulario y despierta su amor por los libros desde los primeros a\u00f1os.<\/p>\n<\/div>\n","protected":false},"excerpt":{"rendered":"<p>Descripci\u00f3n Libro de actividades para beb\u00e9s (9 a 24 meses)Un libro pensado para acompa\u00f1ar el desarrollo de tu beb\u00e9 a trav\u00e9s del juego: \ud83d\udc4b\u00a0Coordinaci\u00f3n ojo-mano: ejercita la concentraci\u00f3n y precisi\u00f3n. \u270b\u00a0Motricidad fina: favorece el movimiento de los deditos. \ud83e\uddf5\u00a0Enhebrado: desarrolla paciencia y destreza. \ud83d\udc3b\u00a0Animales escondidos: estimula la curiosidad y el pensamiento l\u00f3gico. \ud83c\udf08\u00a0Colores y espejo: [&hellip;]<\/p>\n","protected":false},"featured_media":26966,"comment_status":"open","ping_status":"closed","template":"","meta":{"site-sidebar-layout":"default","site-content-layout":"","ast-site-content-layout":"default","site-content-style":"default","site-sidebar-style":"default","ast-global-header-display":"","ast-banner-title-visibility":"","ast-main-header-display":"","ast-hfb-above-header-display":"","ast-hfb-below-header-display":"","ast-hfb-mobile-header-display":"","site-post-title":"","ast-breadcrumbs-content":"","ast-featured-img":"","footer-sml-layout":"","theme-transparent-header-meta":"default","adv-header-id-meta":"","stick-header-meta":"","header-above-stick-meta":"","header-main-stick-meta":"","header-below-stick-meta":"","astra-migrate-meta-layouts":"set","ast-page-background-enabled":"default","ast-page-background-meta":{"desktop":{"background-color":"","background-image":"","background-repeat":"repeat","background-position":"center center","background-size":"auto","background-attachment":"scroll","background-type":"","background-media":"","overlay-type":"","overlay-color":"","overlay-opacity":"","overlay-gradient":""},"tablet":{"background-color":"","background-image":"","background-repeat":"repeat","background-position":"center center","background-size":"auto","background-attachment":"scroll","background-type":"","background-media":"","overlay-type":"","overlay-color":"","overlay-opacity":"","overlay-gradient":""},"mobile":{"background-color":"","background-image":"","background-repeat":"repeat","background-position":"center center","background-size":"auto","background-attachment":"scroll","background-type":"","background-media":"","overlay-type":"","overlay-color":"","overlay-opacity":"","overlay-gradient":""}},"ast-content-background-meta":{"desktop":{"background-color":"var(--ast-global-color-5)","background-image":"","background-repeat":"repeat","background-position":"center center","background-size":"auto","background-attachment":"scroll","background-type":"","background-media":"","overlay-type":"","overlay-color":"","overlay-opacity":"","overlay-gradient":""},"tablet":{"background-color":"var(--ast-global-color-5)","background-image":"","background-repeat":"repeat","background-position":"center center","background-size":"auto","background-attachment":"scroll","background-type":"","background-media":"","overlay-type":"","overlay-color":"","overlay-opacity":"","overlay-gradient":""},"mobile":{"background-color":"var(--ast-global-color-5)","background-image":"","background-repeat":"repeat","background-position":"center center","background-size":"auto","background-attachment":"scroll","background-type":"","background-media":"","overlay-type":"","overlay-color":"","overlay-opacity":"","overlay-gradient":""}},"spay_email":""},"product_cat":[162,161,163,76,159],"product_tag":[],"_links":{"self":[{"href":"https:\/\/jugueterialudico.com.ar\/index.php?rest_route=\/wp\/v2\/product\/26965"}],"collection":[{"href":"https:\/\/jugueterialudico.com.ar\/index.php?rest_route=\/wp\/v2\/product"}],"about":[{"href":"https:\/\/jugueterialudico.com.ar\/index.php?rest_route=\/wp\/v2\/types\/product"}],"replies":[{"embeddable":true,"href":"https:\/\/jugueterialudico.com.ar\/index.php?rest_route=%2Fwp%2Fv2%2Fcomments&post=26965"}],"wp:featuredmedia":[{"embeddable":true,"href":"https:\/\/jugueterialudico.com.ar\/index.php?rest_route=\/wp\/v2\/media\/26966"}],"wp:attachment":[{"href":"https:\/\/jugueterialudico.com.ar\/index.php?rest_route=%2Fwp%2Fv2%2Fmedia&parent=26965"}],"wp:term":[{"taxonomy":"product_cat","embeddable":true,"href":"https:\/\/jugueterialudico.com.ar\/index.php?rest_route=%2Fwp%2Fv2%2Fproduct_cat&post=26965"},{"taxonomy":"product_tag","embeddable":true,"href":"https:\/\/jugueterialudico.com.ar\/index.php?rest_route=%2Fwp%2Fv2%2Fproduct_tag&post=26965"}],"curies":[{"name":"wp","href":"https:\/\/api.w.org\/{rel}","templated":true}]}}