{"id":27038,"date":"2025-10-15T11:45:33","date_gmt":"2025-10-15T14:45:33","guid":{"rendered":"https:\/\/jugueterialudico.com.ar\/?post_type=product&#038;p=27038"},"modified":"2026-02-18T16:15:28","modified_gmt":"2026-02-18T19:15:28","slug":"equipazos-035","status":"publish","type":"product","link":"https:\/\/jugueterialudico.com.ar\/?product=equipazos-035","title":{"rendered":"EQUIPAZOS &#8211; 035"},"content":{"rendered":"<p><strong>EQUIPAZOS<\/strong><\/p>\n<p><strong>\u00bfTienen lo que se necesita para ganar estos locos desaf\u00edos?<\/strong><\/p>\n<p>Este juego que tiene que estar en tu biblioteca.<\/p>\n<p>Pueden jugar hasta 18 personas, por lo que es un juego ideal para previas, juntadas con amigos y familias numerosas, ya que se puede jugar con personas de muchas edades.<\/p>\n<p>En\u00a0<strong>EQUIPAZOS<\/strong>, dos equipos se enfrentan en un desaf\u00edo, mientras que el tercer equipo hace de \u00e1rbitro..<\/p>\n<p>Contiene 150 desaf\u00edos para morirse de risa, desaf\u00edos que tendr\u00e1n que cumplir. En algunos casos se utilizar\u00e1n uno o m\u00e1s elementos que trae el juego, como dados, cent\u00edmetros, trompos, fichas, etc.<\/p>\n<p>En cada desaf\u00edo van a encontrar todo lo necesario: cantidad de tiempo que tienen los equipos para cumplir el desaf\u00edo, la cantidad de jugadores que participar\u00e1n, los elementos que se utilizar\u00e1n y la descripci\u00f3n del desaf\u00edo.<\/p>\n<p><strong>Fin del juego<\/strong><\/p>\n<p>El primer equipo que logra ganar 7 desaf\u00edos es declarado ganador.<\/p>\n<p>Preparate para demostrar tu rapid\u00e9z mental, tu destreza f\u00edsica y reirte mucho.<\/p>\n<p><strong>Jugadores:\u00a0<\/strong>3 a 18 jugadores<br \/>\n<strong>Tiempo:<\/strong>\u00a020\/30 minutos<br \/>\n<strong>Edad:<\/strong>\u00a07 a 99 a\u00f1os<\/p>\n","protected":false},"excerpt":{"rendered":"<p>EQUIPAZOS \u00bfTienen lo que se necesita para ganar estos locos desaf\u00edos? Este juego que tiene que estar en tu biblioteca. Pueden jugar hasta 18 personas, por lo que es un juego ideal para previas, juntadas con amigos y familias numerosas, ya que se puede jugar con personas de muchas edades. En\u00a0EQUIPAZOS, dos equipos se enfrentan [&hellip;]<\/p>\n","protected":false},"featured_media":27039,"comment_status":"open","ping_status":"closed","template":"","meta":{"site-sidebar-layout":"default","site-content-layout":"","ast-site-content-layout":"default","site-content-style":"default","site-sidebar-style":"default","ast-global-header-display":"","ast-banner-title-visibility":"","ast-main-header-display":"","ast-hfb-above-header-display":"","ast-hfb-below-header-display":"","ast-hfb-mobile-header-display":"","site-post-title":"","ast-breadcrumbs-content":"","ast-featured-img":"","footer-sml-layout":"","theme-transparent-header-meta":"default","adv-header-id-meta":"","stick-header-meta":"","header-above-stick-meta":"","header-main-stick-meta":"","header-below-stick-meta":"","astra-migrate-meta-layouts":"set","ast-page-background-enabled":"default","ast-page-background-meta":{"desktop":{"background-color":"","background-image":"","background-repeat":"repeat","background-position":"center center","background-size":"auto","background-attachment":"scroll","background-type":"","background-media":"","overlay-type":"","overlay-color":"","overlay-opacity":"","overlay-gradient":""},"tablet":{"background-color":"","background-image":"","background-repeat":"repeat","background-position":"center center","background-size":"auto","background-attachment":"scroll","background-type":"","background-media":"","overlay-type":"","overlay-color":"","overlay-opacity":"","overlay-gradient":""},"mobile":{"background-color":"","background-image":"","background-repeat":"repeat","background-position":"center center","background-size":"auto","background-attachment":"scroll","background-type":"","background-media":"","overlay-type":"","overlay-color":"","overlay-opacity":"","overlay-gradient":""}},"ast-content-background-meta":{"desktop":{"background-color":"var(--ast-global-color-5)","background-image":"","background-repeat":"repeat","background-position":"center center","background-size":"auto","background-attachment":"scroll","background-type":"","background-media":"","overlay-type":"","overlay-color":"","overlay-opacity":"","overlay-gradient":""},"tablet":{"background-color":"var(--ast-global-color-5)","background-image":"","background-repeat":"repeat","background-position":"center center","background-size":"auto","background-attachment":"scroll","background-type":"","background-media":"","overlay-type":"","overlay-color":"","overlay-opacity":"","overlay-gradient":""},"mobile":{"background-color":"var(--ast-global-color-5)","background-image":"","background-repeat":"repeat","background-position":"center center","background-size":"auto","background-attachment":"scroll","background-type":"","background-media":"","overlay-type":"","overlay-color":"","overlay-opacity":"","overlay-gradient":""}},"spay_email":""},"product_cat":[185,168,167,74],"product_tag":[],"_links":{"self":[{"href":"https:\/\/jugueterialudico.com.ar\/index.php?rest_route=\/wp\/v2\/product\/27038"}],"collection":[{"href":"https:\/\/jugueterialudico.com.ar\/index.php?rest_route=\/wp\/v2\/product"}],"about":[{"href":"https:\/\/jugueterialudico.com.ar\/index.php?rest_route=\/wp\/v2\/types\/product"}],"replies":[{"embeddable":true,"href":"https:\/\/jugueterialudico.com.ar\/index.php?rest_route=%2Fwp%2Fv2%2Fcomments&post=27038"}],"wp:featuredmedia":[{"embeddable":true,"href":"https:\/\/jugueterialudico.com.ar\/index.php?rest_route=\/wp\/v2\/media\/27039"}],"wp:attachment":[{"href":"https:\/\/jugueterialudico.com.ar\/index.php?rest_route=%2Fwp%2Fv2%2Fmedia&parent=27038"}],"wp:term":[{"taxonomy":"product_cat","embeddable":true,"href":"https:\/\/jugueterialudico.com.ar\/index.php?rest_route=%2Fwp%2Fv2%2Fproduct_cat&post=27038"},{"taxonomy":"product_tag","embeddable":true,"href":"https:\/\/jugueterialudico.com.ar\/index.php?rest_route=%2Fwp%2Fv2%2Fproduct_tag&post=27038"}],"curies":[{"name":"wp","href":"https:\/\/api.w.org\/{rel}","templated":true}]}}