{"id":27082,"date":"2025-11-08T19:19:56","date_gmt":"2025-11-08T22:19:56","guid":{"rendered":"https:\/\/jugueterialudico.com.ar\/?post_type=product&#038;p=27082"},"modified":"2026-03-06T14:15:13","modified_gmt":"2026-03-06T17:15:13","slug":"geometric-210","status":"publish","type":"product","link":"https:\/\/jugueterialudico.com.ar\/?product=geometric-210","title":{"rendered":"GEOMETRIC &#8211; 210"},"content":{"rendered":"<h6 data-testid=\"content\">En GeomeTric, tu misi\u00f3n es simple: voltea una carta y coloca las piezas correspondientes en el tablero de juego de acuerdo con el patr\u00f3n que se muestra en la carta. Combinando posici\u00f3n y color, necesitar\u00e1s ser \u00e1gil para colocar las piezas correctamente antes que tus oponentes. Y no olvides el tono final: \u00a1toca la campana para terminar la jugada y hacerte con la carta!<\/p>\n<p>Con reglas simples y una jugabilidad din\u00e1mica, GeomeTric ofrece opciones para jugar partidas r\u00e1pidas o prolongadas. En las partidas r\u00e1pidas, el jugador que complete la secuencia de la carta extra\u00edda primero es el ganador y pasa el turno al siguiente participante. Pero si prefieres un desaf\u00edo m\u00e1s largo, juega hasta el final de la partida, \u00a1donde gana el jugador con m\u00e1s cartas!<\/h6>\n<p><i class=\"medidas fa fa-arrows-alt fa-fw\"><\/i>\u00a0Medidas:\u00a0<strong class=\"medidas-pack\">27x27x5\u00a0cm<\/strong><br \/>\n<i class=\"medidas fa fa-balance-scale fa-fw\"><\/i>\u00a0Peso:\u00a0<strong>370 gr<\/strong><\/p>\n","protected":false},"excerpt":{"rendered":"<h3 data-testid=\"content\">\u00a1Explora tus habilidades de pensamiento r\u00e1pido y coordinaci\u00f3n motora con el emocionante juego GeomeTric! Ponte a prueba para pensar, adaptarte y ganar en este cautivador juego que pone a prueba tus habilidades geom\u00e9tricas de una manera divertida y atractiva.<\/h3>\n","protected":false},"featured_media":27078,"comment_status":"open","ping_status":"closed","template":"","meta":{"site-sidebar-layout":"default","site-content-layout":"","ast-site-content-layout":"default","site-content-style":"default","site-sidebar-style":"default","ast-global-header-display":"","ast-banner-title-visibility":"","ast-main-header-display":"","ast-hfb-above-header-display":"","ast-hfb-below-header-display":"","ast-hfb-mobile-header-display":"","site-post-title":"","ast-breadcrumbs-content":"","ast-featured-img":"","footer-sml-layout":"","theme-transparent-header-meta":"default","adv-header-id-meta":"","stick-header-meta":"","header-above-stick-meta":"","header-main-stick-meta":"","header-below-stick-meta":"","astra-migrate-meta-layouts":"set","ast-page-background-enabled":"default","ast-page-background-meta":{"desktop":{"background-color":"","background-image":"","background-repeat":"repeat","background-position":"center center","background-size":"auto","background-attachment":"scroll","background-type":"","background-media":"","overlay-type":"","overlay-color":"","overlay-opacity":"","overlay-gradient":""},"tablet":{"background-color":"","background-image":"","background-repeat":"repeat","background-position":"center center","background-size":"auto","background-attachment":"scroll","background-type":"","background-media":"","overlay-type":"","overlay-color":"","overlay-opacity":"","overlay-gradient":""},"mobile":{"background-color":"","background-image":"","background-repeat":"repeat","background-position":"center center","background-size":"auto","background-attachment":"scroll","background-type":"","background-media":"","overlay-type":"","overlay-color":"","overlay-opacity":"","overlay-gradient":""}},"ast-content-background-meta":{"desktop":{"background-color":"var(--ast-global-color-5)","background-image":"","background-repeat":"repeat","background-position":"center center","background-size":"auto","background-attachment":"scroll","background-type":"","background-media":"","overlay-type":"","overlay-color":"","overlay-opacity":"","overlay-gradient":""},"tablet":{"background-color":"var(--ast-global-color-5)","background-image":"","background-repeat":"repeat","background-position":"center center","background-size":"auto","background-attachment":"scroll","background-type":"","background-media":"","overlay-type":"","overlay-color":"","overlay-opacity":"","overlay-gradient":""},"mobile":{"background-color":"var(--ast-global-color-5)","background-image":"","background-repeat":"repeat","background-position":"center center","background-size":"auto","background-attachment":"scroll","background-type":"","background-media":"","overlay-type":"","overlay-color":"","overlay-opacity":"","overlay-gradient":""}},"spay_email":""},"product_cat":[168,166,167,205,74,208],"product_tag":[],"_links":{"self":[{"href":"https:\/\/jugueterialudico.com.ar\/index.php?rest_route=\/wp\/v2\/product\/27082"}],"collection":[{"href":"https:\/\/jugueterialudico.com.ar\/index.php?rest_route=\/wp\/v2\/product"}],"about":[{"href":"https:\/\/jugueterialudico.com.ar\/index.php?rest_route=\/wp\/v2\/types\/product"}],"replies":[{"embeddable":true,"href":"https:\/\/jugueterialudico.com.ar\/index.php?rest_route=%2Fwp%2Fv2%2Fcomments&post=27082"}],"wp:featuredmedia":[{"embeddable":true,"href":"https:\/\/jugueterialudico.com.ar\/index.php?rest_route=\/wp\/v2\/media\/27078"}],"wp:attachment":[{"href":"https:\/\/jugueterialudico.com.ar\/index.php?rest_route=%2Fwp%2Fv2%2Fmedia&parent=27082"}],"wp:term":[{"taxonomy":"product_cat","embeddable":true,"href":"https:\/\/jugueterialudico.com.ar\/index.php?rest_route=%2Fwp%2Fv2%2Fproduct_cat&post=27082"},{"taxonomy":"product_tag","embeddable":true,"href":"https:\/\/jugueterialudico.com.ar\/index.php?rest_route=%2Fwp%2Fv2%2Fproduct_tag&post=27082"}],"curies":[{"name":"wp","href":"https:\/\/api.w.org\/{rel}","templated":true}]}}