{"id":27097,"date":"2025-11-17T16:17:01","date_gmt":"2025-11-17T19:17:01","guid":{"rendered":"https:\/\/jugueterialudico.com.ar\/?post_type=product&#038;p=27097"},"modified":"2026-02-27T13:38:27","modified_gmt":"2026-02-27T16:38:27","slug":"manta-playmat-savage-197","status":"publish","type":"product","link":"https:\/\/jugueterialudico.com.ar\/?product=manta-playmat-savage-197","title":{"rendered":"MANTA PLAYMAT SAVAGE &#8211; 197"},"content":{"rendered":"<p><strong data-start=\"931\" data-end=\"944\">Cuidados:<\/strong><br data-start=\"944\" data-end=\"947\" \/>Se puede lavar en lavarropas en modo delicado. No usar blanqueadores ni plancha. Secar al aire libre, preferentemente en posici\u00f3n horizontal<\/p>\n","protected":false},"excerpt":{"rendered":"<h3 data-start=\"250\" data-end=\"310\">\u00a1Ahora tambi\u00e9n para exterior! \u2600\ufe0f<\/h3>\n<p data-start=\"312\" data-end=\"581\">Una opci\u00f3n confortable y pr\u00e1ctica para jugar en el suelo desde que son beb\u00e9s.<br data-start=\"389\" data-end=\"392\" \/>Nuestra playmat est\u00e1 confeccionada en una tela s\u00faper resistente y gruesa, con relleno de guata en su interior que brinda una superficie acolchonada y c\u00f3moda para sentarse, gatear o jugar.<\/p>\n<p data-start=\"583\" data-end=\"823\">Ahora su reverso\u00a0<strong data-start=\"600\" data-end=\"615\">impermeable<\/strong>\u00a0la hace ideal no solo para interiores, sino tambi\u00e9n para usar en espacios exteriores: patio, parque o plaza.<br data-start=\"724\" data-end=\"727\" \/>Pod\u00e9s llevarla a donde quieras, creando un rinc\u00f3n de juego c\u00f3modo y seguro en cualquier lugar.<\/p>\n<p data-start=\"825\" data-end=\"929\">Adem\u00e1s, sus estampas exclusivas aportan un toque decorativo \u00fanico al dormitorio o al espacio de juego.<\/p>\n","protected":false},"featured_media":27099,"comment_status":"open","ping_status":"closed","template":"","meta":{"site-sidebar-layout":"default","site-content-layout":"","ast-site-content-layout":"default","site-content-style":"default","site-sidebar-style":"default","ast-global-header-display":"","ast-banner-title-visibility":"","ast-main-header-display":"","ast-hfb-above-header-display":"","ast-hfb-below-header-display":"","ast-hfb-mobile-header-display":"","site-post-title":"","ast-breadcrumbs-content":"","ast-featured-img":"","footer-sml-layout":"","theme-transparent-header-meta":"default","adv-header-id-meta":"","stick-header-meta":"","header-above-stick-meta":"","header-main-stick-meta":"","header-below-stick-meta":"","astra-migrate-meta-layouts":"set","ast-page-background-enabled":"default","ast-page-background-meta":{"desktop":{"background-color":"","background-image":"","background-repeat":"repeat","background-position":"center center","background-size":"auto","background-attachment":"scroll","background-type":"","background-media":"","overlay-type":"","overlay-color":"","overlay-opacity":"","overlay-gradient":""},"tablet":{"background-color":"","background-image":"","background-repeat":"repeat","background-position":"center center","background-size":"auto","background-attachment":"scroll","background-type":"","background-media":"","overlay-type":"","overlay-color":"","overlay-opacity":"","overlay-gradient":""},"mobile":{"background-color":"","background-image":"","background-repeat":"repeat","background-position":"center center","background-size":"auto","background-attachment":"scroll","background-type":"","background-media":"","overlay-type":"","overlay-color":"","overlay-opacity":"","overlay-gradient":""}},"ast-content-background-meta":{"desktop":{"background-color":"var(--ast-global-color-5)","background-image":"","background-repeat":"repeat","background-position":"center center","background-size":"auto","background-attachment":"scroll","background-type":"","background-media":"","overlay-type":"","overlay-color":"","overlay-opacity":"","overlay-gradient":""},"tablet":{"background-color":"var(--ast-global-color-5)","background-image":"","background-repeat":"repeat","background-position":"center center","background-size":"auto","background-attachment":"scroll","background-type":"","background-media":"","overlay-type":"","overlay-color":"","overlay-opacity":"","overlay-gradient":""},"mobile":{"background-color":"var(--ast-global-color-5)","background-image":"","background-repeat":"repeat","background-position":"center center","background-size":"auto","background-attachment":"scroll","background-type":"","background-media":"","overlay-type":"","overlay-color":"","overlay-opacity":"","overlay-gradient":""}},"spay_email":""},"product_cat":[162,161,69,76,208,159],"product_tag":[],"_links":{"self":[{"href":"https:\/\/jugueterialudico.com.ar\/index.php?rest_route=\/wp\/v2\/product\/27097"}],"collection":[{"href":"https:\/\/jugueterialudico.com.ar\/index.php?rest_route=\/wp\/v2\/product"}],"about":[{"href":"https:\/\/jugueterialudico.com.ar\/index.php?rest_route=\/wp\/v2\/types\/product"}],"replies":[{"embeddable":true,"href":"https:\/\/jugueterialudico.com.ar\/index.php?rest_route=%2Fwp%2Fv2%2Fcomments&post=27097"}],"wp:featuredmedia":[{"embeddable":true,"href":"https:\/\/jugueterialudico.com.ar\/index.php?rest_route=\/wp\/v2\/media\/27099"}],"wp:attachment":[{"href":"https:\/\/jugueterialudico.com.ar\/index.php?rest_route=%2Fwp%2Fv2%2Fmedia&parent=27097"}],"wp:term":[{"taxonomy":"product_cat","embeddable":true,"href":"https:\/\/jugueterialudico.com.ar\/index.php?rest_route=%2Fwp%2Fv2%2Fproduct_cat&post=27097"},{"taxonomy":"product_tag","embeddable":true,"href":"https:\/\/jugueterialudico.com.ar\/index.php?rest_route=%2Fwp%2Fv2%2Fproduct_tag&post=27097"}],"curies":[{"name":"wp","href":"https:\/\/api.w.org\/{rel}","templated":true}]}}