{"id":27120,"date":"2025-11-22T12:04:58","date_gmt":"2025-11-22T15:04:58","guid":{"rendered":"https:\/\/jugueterialudico.com.ar\/?post_type=product&#038;p=27120"},"modified":"2026-04-13T17:07:16","modified_gmt":"2026-04-13T20:07:16","slug":"estimulacion-visual-3m-206","status":"publish","type":"product","link":"https:\/\/jugueterialudico.com.ar\/?product=estimulacion-visual-3m-206","title":{"rendered":"ESTIMULACI\u00d3N VISUAL +3M &#8211; 206"},"content":{"rendered":"<p>A partir de los tres meses de vida, el sentido de la vista del beb\u00e9 evoluciona y, adem\u00e1s de distinguir el blanco y negro, ya es capaz de percibir los colores primarios rojo, amarillo y azul. Esta pr\u00e1ctica tiene m\u00faltiples beneficios, como localizar la atenci\u00f3n, fortalecer su memoria, fomentar su curiosidad, mejorar su coordinaci\u00f3n, ayudar al procesamiento de informaci\u00f3n y fortalecer el v\u00ednculo entre el beb\u00e9 y sus progenitores.<\/p>\n","protected":false},"excerpt":{"rendered":"<p>A partir de los tres meses de vida, el sentido de la vista del beb\u00e9 evoluciona y, adem\u00e1s de distinguir el blanco y negro, ya es capaz de percibir los colores primarios rojo, amarillo y azul. Esta pr\u00e1ctica tiene m\u00faltiples beneficios, como localizar la atenci\u00f3n, fortalecer su memoria, fomentar su curiosidad, mejorar su coordinaci\u00f3n, ayudar [&hellip;]<\/p>\n","protected":false},"featured_media":27121,"comment_status":"open","ping_status":"closed","template":"","meta":{"site-sidebar-layout":"default","site-content-layout":"","ast-site-content-layout":"default","site-content-style":"default","site-sidebar-style":"default","ast-global-header-display":"","ast-banner-title-visibility":"","ast-main-header-display":"","ast-hfb-above-header-display":"","ast-hfb-below-header-display":"","ast-hfb-mobile-header-display":"","site-post-title":"","ast-breadcrumbs-content":"","ast-featured-img":"","footer-sml-layout":"","theme-transparent-header-meta":"default","adv-header-id-meta":"","stick-header-meta":"","header-above-stick-meta":"","header-main-stick-meta":"","header-below-stick-meta":"","astra-migrate-meta-layouts":"set","ast-page-background-enabled":"default","ast-page-background-meta":{"desktop":{"background-color":"","background-image":"","background-repeat":"repeat","background-position":"center center","background-size":"auto","background-attachment":"scroll","background-type":"","background-media":"","overlay-type":"","overlay-color":"","overlay-opacity":"","overlay-gradient":""},"tablet":{"background-color":"","background-image":"","background-repeat":"repeat","background-position":"center center","background-size":"auto","background-attachment":"scroll","background-type":"","background-media":"","overlay-type":"","overlay-color":"","overlay-opacity":"","overlay-gradient":""},"mobile":{"background-color":"","background-image":"","background-repeat":"repeat","background-position":"center center","background-size":"auto","background-attachment":"scroll","background-type":"","background-media":"","overlay-type":"","overlay-color":"","overlay-opacity":"","overlay-gradient":""}},"ast-content-background-meta":{"desktop":{"background-color":"var(--ast-global-color-5)","background-image":"","background-repeat":"repeat","background-position":"center center","background-size":"auto","background-attachment":"scroll","background-type":"","background-media":"","overlay-type":"","overlay-color":"","overlay-opacity":"","overlay-gradient":""},"tablet":{"background-color":"var(--ast-global-color-5)","background-image":"","background-repeat":"repeat","background-position":"center center","background-size":"auto","background-attachment":"scroll","background-type":"","background-media":"","overlay-type":"","overlay-color":"","overlay-opacity":"","overlay-gradient":""},"mobile":{"background-color":"var(--ast-global-color-5)","background-image":"","background-repeat":"repeat","background-position":"center center","background-size":"auto","background-attachment":"scroll","background-type":"","background-media":"","overlay-type":"","overlay-color":"","overlay-opacity":"","overlay-gradient":""}},"spay_email":""},"product_cat":[162,146,196,145,159],"product_tag":[],"_links":{"self":[{"href":"https:\/\/jugueterialudico.com.ar\/index.php?rest_route=\/wp\/v2\/product\/27120"}],"collection":[{"href":"https:\/\/jugueterialudico.com.ar\/index.php?rest_route=\/wp\/v2\/product"}],"about":[{"href":"https:\/\/jugueterialudico.com.ar\/index.php?rest_route=\/wp\/v2\/types\/product"}],"replies":[{"embeddable":true,"href":"https:\/\/jugueterialudico.com.ar\/index.php?rest_route=%2Fwp%2Fv2%2Fcomments&post=27120"}],"wp:featuredmedia":[{"embeddable":true,"href":"https:\/\/jugueterialudico.com.ar\/index.php?rest_route=\/wp\/v2\/media\/27121"}],"wp:attachment":[{"href":"https:\/\/jugueterialudico.com.ar\/index.php?rest_route=%2Fwp%2Fv2%2Fmedia&parent=27120"}],"wp:term":[{"taxonomy":"product_cat","embeddable":true,"href":"https:\/\/jugueterialudico.com.ar\/index.php?rest_route=%2Fwp%2Fv2%2Fproduct_cat&post=27120"},{"taxonomy":"product_tag","embeddable":true,"href":"https:\/\/jugueterialudico.com.ar\/index.php?rest_route=%2Fwp%2Fv2%2Fproduct_tag&post=27120"}],"curies":[{"name":"wp","href":"https:\/\/api.w.org\/{rel}","templated":true}]}}