{"id":27137,"date":"2025-11-25T11:43:17","date_gmt":"2025-11-25T14:43:17","guid":{"rendered":"https:\/\/jugueterialudico.com.ar\/?post_type=product&#038;p=27137"},"modified":"2025-12-20T13:12:27","modified_gmt":"2025-12-20T16:12:27","slug":"pack-estimulacion-visual-completo-206","status":"publish","type":"product","link":"https:\/\/jugueterialudico.com.ar\/?product=pack-estimulacion-visual-completo-206","title":{"rendered":"PACK ESTIMULACI\u00d3N VISUAL COMPLETO &#8211; 206"},"content":{"rendered":"<p><strong>Una colecci\u00f3n para activar el desarrollo cerebral, fomentar la memoria instant\u00e1nea, reafirmar la percepci\u00f3n visual y favorecer el v\u00ednculo emocional con el beb\u00e9. Beneficios cognitivos: desarrollo de la atenci\u00f3n y la percepci\u00f3n visual, estimulaci\u00f3n de la memoria temprana, fomento de la curiosidad y exploraci\u00f3n, coordinaci\u00f3n ojo-mano, y habilidades de procesamiento. Beneficios emocionales: fortalecimiento del v\u00ednculo emocional, regulaci\u00f3n emocional, y refuerzo de la seguridad.<\/strong><\/p>\n<p>&nbsp;<\/p>\n<p><em>Kit completo pensado para acompa\u00f1ar en cada etapa de su crecimiento y desarrollo visual.<\/em><\/p>\n<p>Incluye los libros:<\/p>\n<ul style=\"font-size: 16px; font-style: normal; font-weight: 400;\">\n<li style=\"font-size: 16px;\">+0 meses<\/li>\n<li style=\"font-size: 16px;\">+3 meses<\/li>\n<li style=\"font-size: 16px;\">+6 meses<\/li>\n<li style=\"font-size: 16px;\">+12 meses<\/li>\n<\/ul>\n","protected":false},"excerpt":{"rendered":"<p><strong>PACK ESTIMULACI\u00d3N VISUAL &#8211; 4 LIBROS EVOLUTIVOS DE 0 A 12 MESES<\/strong><br \/>\n<strong>GU\u00cdA PARA PADRES<\/strong><br \/>\nM4 EDITORIAL LINEA<\/p>\n<p><strong>P\u00e1ginas:<\/strong>\u00a080<br \/>\n<strong>Altura:<\/strong>\u00a021.0 cm.<br \/>\n<strong>Ancho:<\/strong>\u00a021.0 cm.<br \/>\n<strong>Lomo:<\/strong>\u00a07.0 cm.<br \/>\n<strong>Peso:<\/strong>\u00a02.02 kgs.<\/p>\n","protected":false},"featured_media":27138,"comment_status":"open","ping_status":"closed","template":"","meta":{"site-sidebar-layout":"default","site-content-layout":"","ast-site-content-layout":"default","site-content-style":"default","site-sidebar-style":"default","ast-global-header-display":"","ast-banner-title-visibility":"","ast-main-header-display":"","ast-hfb-above-header-display":"","ast-hfb-below-header-display":"","ast-hfb-mobile-header-display":"","site-post-title":"","ast-breadcrumbs-content":"","ast-featured-img":"","footer-sml-layout":"","theme-transparent-header-meta":"default","adv-header-id-meta":"","stick-header-meta":"","header-above-stick-meta":"","header-main-stick-meta":"","header-below-stick-meta":"","astra-migrate-meta-layouts":"set","ast-page-background-enabled":"default","ast-page-background-meta":{"desktop":{"background-color":"","background-image":"","background-repeat":"repeat","background-position":"center center","background-size":"auto","background-attachment":"scroll","background-type":"","background-media":"","overlay-type":"","overlay-color":"","overlay-opacity":"","overlay-gradient":""},"tablet":{"background-color":"","background-image":"","background-repeat":"repeat","background-position":"center center","background-size":"auto","background-attachment":"scroll","background-type":"","background-media":"","overlay-type":"","overlay-color":"","overlay-opacity":"","overlay-gradient":""},"mobile":{"background-color":"","background-image":"","background-repeat":"repeat","background-position":"center center","background-size":"auto","background-attachment":"scroll","background-type":"","background-media":"","overlay-type":"","overlay-color":"","overlay-opacity":"","overlay-gradient":""}},"ast-content-background-meta":{"desktop":{"background-color":"var(--ast-global-color-5)","background-image":"","background-repeat":"repeat","background-position":"center center","background-size":"auto","background-attachment":"scroll","background-type":"","background-media":"","overlay-type":"","overlay-color":"","overlay-opacity":"","overlay-gradient":""},"tablet":{"background-color":"var(--ast-global-color-5)","background-image":"","background-repeat":"repeat","background-position":"center center","background-size":"auto","background-attachment":"scroll","background-type":"","background-media":"","overlay-type":"","overlay-color":"","overlay-opacity":"","overlay-gradient":""},"mobile":{"background-color":"var(--ast-global-color-5)","background-image":"","background-repeat":"repeat","background-position":"center center","background-size":"auto","background-attachment":"scroll","background-type":"","background-media":"","overlay-type":"","overlay-color":"","overlay-opacity":"","overlay-gradient":""}},"spay_email":""},"product_cat":[162,161,145,159],"product_tag":[],"_links":{"self":[{"href":"https:\/\/jugueterialudico.com.ar\/index.php?rest_route=\/wp\/v2\/product\/27137"}],"collection":[{"href":"https:\/\/jugueterialudico.com.ar\/index.php?rest_route=\/wp\/v2\/product"}],"about":[{"href":"https:\/\/jugueterialudico.com.ar\/index.php?rest_route=\/wp\/v2\/types\/product"}],"replies":[{"embeddable":true,"href":"https:\/\/jugueterialudico.com.ar\/index.php?rest_route=%2Fwp%2Fv2%2Fcomments&post=27137"}],"wp:featuredmedia":[{"embeddable":true,"href":"https:\/\/jugueterialudico.com.ar\/index.php?rest_route=\/wp\/v2\/media\/27138"}],"wp:attachment":[{"href":"https:\/\/jugueterialudico.com.ar\/index.php?rest_route=%2Fwp%2Fv2%2Fmedia&parent=27137"}],"wp:term":[{"taxonomy":"product_cat","embeddable":true,"href":"https:\/\/jugueterialudico.com.ar\/index.php?rest_route=%2Fwp%2Fv2%2Fproduct_cat&post=27137"},{"taxonomy":"product_tag","embeddable":true,"href":"https:\/\/jugueterialudico.com.ar\/index.php?rest_route=%2Fwp%2Fv2%2Fproduct_tag&post=27137"}],"curies":[{"name":"wp","href":"https:\/\/api.w.org\/{rel}","templated":true}]}}