{"id":27159,"date":"2025-11-25T12:47:36","date_gmt":"2025-11-25T15:47:36","guid":{"rendered":"https:\/\/jugueterialudico.com.ar\/?post_type=product&#038;p=27159"},"modified":"2025-11-25T12:47:37","modified_gmt":"2025-11-25T15:47:37","slug":"los-dinos-pop-up-206","status":"publish","type":"product","link":"https:\/\/jugueterialudico.com.ar\/?product=los-dinos-pop-up-206","title":{"rendered":"LOS DINOS POP-UP &#8211; 206"},"content":{"rendered":"<p><strong>DINOSAURIOS<\/strong><\/p>\n<p>M4 EDITORIAL LINEA<\/p>\n<p><strong>P\u00e1ginas:<\/strong>\u00a016<br \/>\n<strong>Altura:<\/strong>\u00a020.5 cm.<br \/>\n<strong>Ancho:<\/strong>\u00a020.5 cm.<br \/>\n<strong>Lomo:<\/strong>\u00a03.0 cm.<br \/>\n<strong>Peso:<\/strong>\u00a00.5 kgs.<\/p>\n","protected":false},"excerpt":{"rendered":"<p><strong>\u00bfEres fan de los dinosaurios? \u00a1Descubre los dinosaurios m\u00e1s divertidos en este paseo por la prehistoria! Abre cada p\u00e1gina y disfruta de una fant\u00e1stica sorpresa \u00a1pop-up! con los animales que dominaron la Tierra hace millones de a\u00f1os. Un libro lleno de llamativos y divertidos flaps y pop-ups en cada p\u00e1gina especialmente dise\u00f1ados para fomentar la interacci\u00f3n, el lenguaje, la memoria y la imaginaci\u00f3n de los m\u00e1s peque\u00f1os.<\/strong><\/p>\n","protected":false},"featured_media":27160,"comment_status":"open","ping_status":"closed","template":"","meta":{"site-sidebar-layout":"default","site-content-layout":"","ast-site-content-layout":"default","site-content-style":"default","site-sidebar-style":"default","ast-global-header-display":"","ast-banner-title-visibility":"","ast-main-header-display":"","ast-hfb-above-header-display":"","ast-hfb-below-header-display":"","ast-hfb-mobile-header-display":"","site-post-title":"","ast-breadcrumbs-content":"","ast-featured-img":"","footer-sml-layout":"","theme-transparent-header-meta":"default","adv-header-id-meta":"","stick-header-meta":"","header-above-stick-meta":"","header-main-stick-meta":"","header-below-stick-meta":"","astra-migrate-meta-layouts":"set","ast-page-background-enabled":"default","ast-page-background-meta":{"desktop":{"background-color":"","background-image":"","background-repeat":"repeat","background-position":"center center","background-size":"auto","background-attachment":"scroll","background-type":"","background-media":"","overlay-type":"","overlay-color":"","overlay-opacity":"","overlay-gradient":""},"tablet":{"background-color":"","background-image":"","background-repeat":"repeat","background-position":"center center","background-size":"auto","background-attachment":"scroll","background-type":"","background-media":"","overlay-type":"","overlay-color":"","overlay-opacity":"","overlay-gradient":""},"mobile":{"background-color":"","background-image":"","background-repeat":"repeat","background-position":"center center","background-size":"auto","background-attachment":"scroll","background-type":"","background-media":"","overlay-type":"","overlay-color":"","overlay-opacity":"","overlay-gradient":""}},"ast-content-background-meta":{"desktop":{"background-color":"var(--ast-global-color-5)","background-image":"","background-repeat":"repeat","background-position":"center center","background-size":"auto","background-attachment":"scroll","background-type":"","background-media":"","overlay-type":"","overlay-color":"","overlay-opacity":"","overlay-gradient":""},"tablet":{"background-color":"var(--ast-global-color-5)","background-image":"","background-repeat":"repeat","background-position":"center center","background-size":"auto","background-attachment":"scroll","background-type":"","background-media":"","overlay-type":"","overlay-color":"","overlay-opacity":"","overlay-gradient":""},"mobile":{"background-color":"var(--ast-global-color-5)","background-image":"","background-repeat":"repeat","background-position":"center center","background-size":"auto","background-attachment":"scroll","background-type":"","background-media":"","overlay-type":"","overlay-color":"","overlay-opacity":"","overlay-gradient":""}},"spay_email":""},"product_cat":[163,164,165,151,145,159],"product_tag":[],"_links":{"self":[{"href":"https:\/\/jugueterialudico.com.ar\/index.php?rest_route=\/wp\/v2\/product\/27159"}],"collection":[{"href":"https:\/\/jugueterialudico.com.ar\/index.php?rest_route=\/wp\/v2\/product"}],"about":[{"href":"https:\/\/jugueterialudico.com.ar\/index.php?rest_route=\/wp\/v2\/types\/product"}],"replies":[{"embeddable":true,"href":"https:\/\/jugueterialudico.com.ar\/index.php?rest_route=%2Fwp%2Fv2%2Fcomments&post=27159"}],"wp:featuredmedia":[{"embeddable":true,"href":"https:\/\/jugueterialudico.com.ar\/index.php?rest_route=\/wp\/v2\/media\/27160"}],"wp:attachment":[{"href":"https:\/\/jugueterialudico.com.ar\/index.php?rest_route=%2Fwp%2Fv2%2Fmedia&parent=27159"}],"wp:term":[{"taxonomy":"product_cat","embeddable":true,"href":"https:\/\/jugueterialudico.com.ar\/index.php?rest_route=%2Fwp%2Fv2%2Fproduct_cat&post=27159"},{"taxonomy":"product_tag","embeddable":true,"href":"https:\/\/jugueterialudico.com.ar\/index.php?rest_route=%2Fwp%2Fv2%2Fproduct_tag&post=27159"}],"curies":[{"name":"wp","href":"https:\/\/api.w.org\/{rel}","templated":true}]}}