{"id":27170,"date":"2025-12-01T11:32:11","date_gmt":"2025-12-01T14:32:11","guid":{"rendered":"https:\/\/jugueterialudico.com.ar\/?post_type=product&#038;p=27170"},"modified":"2026-02-18T16:15:13","modified_gmt":"2026-02-18T19:15:13","slug":"sushi-express-035","status":"publish","type":"product","link":"https:\/\/jugueterialudico.com.ar\/?product=sushi-express-035","title":{"rendered":"SUSHI EXPRESS &#8211; 035"},"content":{"rendered":"<p><strong>SUSHI EXPRESS<\/strong><\/p>\n<p>Un juego que desaf\u00eda la rapidez mental, la agudeza visual y la capacidad de actuar bajo presi\u00f3n.<\/p>\n<p>Se da vuelta una carta de pedido. Todos al mismo tiempo deber\u00e1n ordenar sus piezas para que se vean\u00a0 exactamente igual que en el pedido.<\/p>\n<p>Quien primero toque el timbre, podr\u00e1 servir el pedido y convertirse en un sushi man!<\/p>\n<p>Velocidad, adrenalina y competencia.<\/p>\n<p><strong>Edad:<\/strong>\u00a06 a 99 a\u00f1os<\/p>\n<p><strong>Jugadores:<\/strong>\u00a02 a 4<\/p>\n<p><strong>Duraci\u00f3n:<\/strong>\u00a020 minutos<\/p>\n","protected":false},"excerpt":{"rendered":"<p>SUSHI EXPRESS Un juego que desaf\u00eda la rapidez mental, la agudeza visual y la capacidad de actuar bajo presi\u00f3n. Se da vuelta una carta de pedido. Todos al mismo tiempo deber\u00e1n ordenar sus piezas para que se vean\u00a0 exactamente igual que en el pedido. Quien primero toque el timbre, podr\u00e1 servir el pedido y convertirse [&hellip;]<\/p>\n","protected":false},"featured_media":27171,"comment_status":"open","ping_status":"closed","template":"","meta":{"site-sidebar-layout":"default","site-content-layout":"","ast-site-content-layout":"default","site-content-style":"default","site-sidebar-style":"default","ast-global-header-display":"","ast-banner-title-visibility":"","ast-main-header-display":"","ast-hfb-above-header-display":"","ast-hfb-below-header-display":"","ast-hfb-mobile-header-display":"","site-post-title":"","ast-breadcrumbs-content":"","ast-featured-img":"","footer-sml-layout":"","theme-transparent-header-meta":"default","adv-header-id-meta":"","stick-header-meta":"","header-above-stick-meta":"","header-main-stick-meta":"","header-below-stick-meta":"","astra-migrate-meta-layouts":"set","ast-page-background-enabled":"default","ast-page-background-meta":{"desktop":{"background-color":"","background-image":"","background-repeat":"repeat","background-position":"center center","background-size":"auto","background-attachment":"scroll","background-type":"","background-media":"","overlay-type":"","overlay-color":"","overlay-opacity":"","overlay-gradient":""},"tablet":{"background-color":"","background-image":"","background-repeat":"repeat","background-position":"center center","background-size":"auto","background-attachment":"scroll","background-type":"","background-media":"","overlay-type":"","overlay-color":"","overlay-opacity":"","overlay-gradient":""},"mobile":{"background-color":"","background-image":"","background-repeat":"repeat","background-position":"center center","background-size":"auto","background-attachment":"scroll","background-type":"","background-media":"","overlay-type":"","overlay-color":"","overlay-opacity":"","overlay-gradient":""}},"ast-content-background-meta":{"desktop":{"background-color":"var(--ast-global-color-5)","background-image":"","background-repeat":"repeat","background-position":"center center","background-size":"auto","background-attachment":"scroll","background-type":"","background-media":"","overlay-type":"","overlay-color":"","overlay-opacity":"","overlay-gradient":""},"tablet":{"background-color":"var(--ast-global-color-5)","background-image":"","background-repeat":"repeat","background-position":"center center","background-size":"auto","background-attachment":"scroll","background-type":"","background-media":"","overlay-type":"","overlay-color":"","overlay-opacity":"","overlay-gradient":""},"mobile":{"background-color":"var(--ast-global-color-5)","background-image":"","background-repeat":"repeat","background-position":"center center","background-size":"auto","background-attachment":"scroll","background-type":"","background-media":"","overlay-type":"","overlay-color":"","overlay-opacity":"","overlay-gradient":""}},"spay_email":""},"product_cat":[185,168,166,167,74],"product_tag":[],"_links":{"self":[{"href":"https:\/\/jugueterialudico.com.ar\/index.php?rest_route=\/wp\/v2\/product\/27170"}],"collection":[{"href":"https:\/\/jugueterialudico.com.ar\/index.php?rest_route=\/wp\/v2\/product"}],"about":[{"href":"https:\/\/jugueterialudico.com.ar\/index.php?rest_route=\/wp\/v2\/types\/product"}],"replies":[{"embeddable":true,"href":"https:\/\/jugueterialudico.com.ar\/index.php?rest_route=%2Fwp%2Fv2%2Fcomments&post=27170"}],"wp:featuredmedia":[{"embeddable":true,"href":"https:\/\/jugueterialudico.com.ar\/index.php?rest_route=\/wp\/v2\/media\/27171"}],"wp:attachment":[{"href":"https:\/\/jugueterialudico.com.ar\/index.php?rest_route=%2Fwp%2Fv2%2Fmedia&parent=27170"}],"wp:term":[{"taxonomy":"product_cat","embeddable":true,"href":"https:\/\/jugueterialudico.com.ar\/index.php?rest_route=%2Fwp%2Fv2%2Fproduct_cat&post=27170"},{"taxonomy":"product_tag","embeddable":true,"href":"https:\/\/jugueterialudico.com.ar\/index.php?rest_route=%2Fwp%2Fv2%2Fproduct_tag&post=27170"}],"curies":[{"name":"wp","href":"https:\/\/api.w.org\/{rel}","templated":true}]}}