{"id":27175,"date":"2025-12-01T11:35:54","date_gmt":"2025-12-01T14:35:54","guid":{"rendered":"https:\/\/jugueterialudico.com.ar\/?post_type=product&#038;p=27175"},"modified":"2026-03-27T16:19:48","modified_gmt":"2026-03-27T19:19:48","slug":"salvavidas-035","status":"publish","type":"product","link":"https:\/\/jugueterialudico.com.ar\/?product=salvavidas-035","title":{"rendered":"SALVAVIDAS &#8211; 035"},"content":{"rendered":"<p><strong>SALVAVIDAS<\/strong><\/p>\n<p>UN JUEGO FAMILIAR DE SUERTE Y ESTRATEGIA.<\/p>\n<p>\u00bfCu\u00e1nto est\u00e1s dispuesto a arriesgar para ganar un salvavidas m\u00e1s?<\/p>\n<p>En cada turno intentar\u00e1s conseguir con los dados los n\u00fameros de las fichas para poder llev\u00e1rtelas. Incluso \u00a1las que ganaron los dem\u00e1s!<\/p>\n<p>Podr\u00e1s tirar los dados las veces que quieras siempre y cuando reserves alguno en cada tiro y no repitas n\u00fameros.<\/p>\n<p>Cuidado con confirarte demasiado, si los n\u00fameros se repiten \u00a1no hay premio!<\/p>\n<p>Gana quien m\u00e1s salvavidas haya conseguido!<\/p>\n<p><strong>\u00a0<\/strong><\/p>\n<p><strong>Edad: 8 a 99 a\u00f1os<\/strong><\/p>\n<p><strong>Jugadores: 2 a 7\u00a0<\/strong><\/p>\n<p><strong>Tiempo: 20 \/ 25 minutos<\/strong><\/p>\n","protected":false},"excerpt":{"rendered":"<p>SALVAVIDAS UN JUEGO FAMILIAR DE SUERTE Y ESTRATEGIA. \u00bfCu\u00e1nto est\u00e1s dispuesto a arriesgar para ganar un salvavidas m\u00e1s? En cada turno intentar\u00e1s conseguir con los dados los n\u00fameros de las fichas para poder llev\u00e1rtelas. Incluso \u00a1las que ganaron los dem\u00e1s! Podr\u00e1s tirar los dados las veces que quieras siempre y cuando reserves alguno en cada [&hellip;]<\/p>\n","protected":false},"featured_media":27176,"comment_status":"open","ping_status":"closed","template":"","meta":{"site-sidebar-layout":"default","site-content-layout":"","ast-site-content-layout":"default","site-content-style":"default","site-sidebar-style":"default","ast-global-header-display":"","ast-banner-title-visibility":"","ast-main-header-display":"","ast-hfb-above-header-display":"","ast-hfb-below-header-display":"","ast-hfb-mobile-header-display":"","site-post-title":"","ast-breadcrumbs-content":"","ast-featured-img":"","footer-sml-layout":"","theme-transparent-header-meta":"default","adv-header-id-meta":"","stick-header-meta":"","header-above-stick-meta":"","header-main-stick-meta":"","header-below-stick-meta":"","astra-migrate-meta-layouts":"set","ast-page-background-enabled":"default","ast-page-background-meta":{"desktop":{"background-color":"","background-image":"","background-repeat":"repeat","background-position":"center center","background-size":"auto","background-attachment":"scroll","background-type":"","background-media":"","overlay-type":"","overlay-color":"","overlay-opacity":"","overlay-gradient":""},"tablet":{"background-color":"","background-image":"","background-repeat":"repeat","background-position":"center center","background-size":"auto","background-attachment":"scroll","background-type":"","background-media":"","overlay-type":"","overlay-color":"","overlay-opacity":"","overlay-gradient":""},"mobile":{"background-color":"","background-image":"","background-repeat":"repeat","background-position":"center center","background-size":"auto","background-attachment":"scroll","background-type":"","background-media":"","overlay-type":"","overlay-color":"","overlay-opacity":"","overlay-gradient":""}},"ast-content-background-meta":{"desktop":{"background-color":"var(--ast-global-color-5)","background-image":"","background-repeat":"repeat","background-position":"center center","background-size":"auto","background-attachment":"scroll","background-type":"","background-media":"","overlay-type":"","overlay-color":"","overlay-opacity":"","overlay-gradient":""},"tablet":{"background-color":"var(--ast-global-color-5)","background-image":"","background-repeat":"repeat","background-position":"center center","background-size":"auto","background-attachment":"scroll","background-type":"","background-media":"","overlay-type":"","overlay-color":"","overlay-opacity":"","overlay-gradient":""},"mobile":{"background-color":"var(--ast-global-color-5)","background-image":"","background-repeat":"repeat","background-position":"center center","background-size":"auto","background-attachment":"scroll","background-type":"","background-media":"","overlay-type":"","overlay-color":"","overlay-opacity":"","overlay-gradient":""}},"spay_email":""},"product_cat":[185,168,167,74],"product_tag":[],"_links":{"self":[{"href":"https:\/\/jugueterialudico.com.ar\/index.php?rest_route=\/wp\/v2\/product\/27175"}],"collection":[{"href":"https:\/\/jugueterialudico.com.ar\/index.php?rest_route=\/wp\/v2\/product"}],"about":[{"href":"https:\/\/jugueterialudico.com.ar\/index.php?rest_route=\/wp\/v2\/types\/product"}],"replies":[{"embeddable":true,"href":"https:\/\/jugueterialudico.com.ar\/index.php?rest_route=%2Fwp%2Fv2%2Fcomments&post=27175"}],"wp:featuredmedia":[{"embeddable":true,"href":"https:\/\/jugueterialudico.com.ar\/index.php?rest_route=\/wp\/v2\/media\/27176"}],"wp:attachment":[{"href":"https:\/\/jugueterialudico.com.ar\/index.php?rest_route=%2Fwp%2Fv2%2Fmedia&parent=27175"}],"wp:term":[{"taxonomy":"product_cat","embeddable":true,"href":"https:\/\/jugueterialudico.com.ar\/index.php?rest_route=%2Fwp%2Fv2%2Fproduct_cat&post=27175"},{"taxonomy":"product_tag","embeddable":true,"href":"https:\/\/jugueterialudico.com.ar\/index.php?rest_route=%2Fwp%2Fv2%2Fproduct_tag&post=27175"}],"curies":[{"name":"wp","href":"https:\/\/api.w.org\/{rel}","templated":true}]}}