{"id":27180,"date":"2025-12-01T11:39:30","date_gmt":"2025-12-01T14:39:30","guid":{"rendered":"https:\/\/jugueterialudico.com.ar\/?post_type=product&#038;p=27180"},"modified":"2026-02-18T16:14:27","modified_gmt":"2026-02-18T19:14:27","slug":"otra-vuelta-035","status":"publish","type":"product","link":"https:\/\/jugueterialudico.com.ar\/?product=otra-vuelta-035","title":{"rendered":"OTRA VUELTA &#8211; 035"},"content":{"rendered":"<p>\ud83c\udfa0OTRA VUELTA \ud83c\udfa0<\/p>\n<p>Un juego para toda la familia, de recolecci\u00f3n, donde deber\u00e1s subir a la Calesita para ganar fichas y sumar puntos.<\/p>\n<p>Un juego a partir de 7 a\u00f1os, que promueve el pensamiento estrat\u00e9gico, la toma de decisiones y la sorpresa del azar.<\/p>\n<p>\u00bfEst\u00e1n listos para Otra Vuelta?<\/p>\n<p>\ud83d\udc68\u200d\ud83d\udc69\u200d\ud83d\udc66 7 a 99 a\u00f1os<br \/>\n\ud83d\udc65\ufe0f 3 a 5 jugadores<br \/>\n\u231b\ufe0f 20\/25 minutos<\/p>\n","protected":false},"excerpt":{"rendered":"<p>\ud83c\udfa0OTRA VUELTA \ud83c\udfa0 Un juego para toda la familia, de recolecci\u00f3n, donde deber\u00e1s subir a la Calesita para ganar fichas y sumar puntos. Un juego a partir de 7 a\u00f1os, que promueve el pensamiento estrat\u00e9gico, la toma de decisiones y la sorpresa del azar. \u00bfEst\u00e1n listos para Otra Vuelta? \ud83d\udc68\u200d\ud83d\udc69\u200d\ud83d\udc66 7 a 99 a\u00f1os \ud83d\udc65\ufe0f [&hellip;]<\/p>\n","protected":false},"featured_media":27181,"comment_status":"open","ping_status":"closed","template":"","meta":{"site-sidebar-layout":"default","site-content-layout":"","ast-site-content-layout":"default","site-content-style":"default","site-sidebar-style":"default","ast-global-header-display":"","ast-banner-title-visibility":"","ast-main-header-display":"","ast-hfb-above-header-display":"","ast-hfb-below-header-display":"","ast-hfb-mobile-header-display":"","site-post-title":"","ast-breadcrumbs-content":"","ast-featured-img":"","footer-sml-layout":"","theme-transparent-header-meta":"default","adv-header-id-meta":"","stick-header-meta":"","header-above-stick-meta":"","header-main-stick-meta":"","header-below-stick-meta":"","astra-migrate-meta-layouts":"set","ast-page-background-enabled":"default","ast-page-background-meta":{"desktop":{"background-color":"","background-image":"","background-repeat":"repeat","background-position":"center center","background-size":"auto","background-attachment":"scroll","background-type":"","background-media":"","overlay-type":"","overlay-color":"","overlay-opacity":"","overlay-gradient":""},"tablet":{"background-color":"","background-image":"","background-repeat":"repeat","background-position":"center center","background-size":"auto","background-attachment":"scroll","background-type":"","background-media":"","overlay-type":"","overlay-color":"","overlay-opacity":"","overlay-gradient":""},"mobile":{"background-color":"","background-image":"","background-repeat":"repeat","background-position":"center center","background-size":"auto","background-attachment":"scroll","background-type":"","background-media":"","overlay-type":"","overlay-color":"","overlay-opacity":"","overlay-gradient":""}},"ast-content-background-meta":{"desktop":{"background-color":"var(--ast-global-color-5)","background-image":"","background-repeat":"repeat","background-position":"center center","background-size":"auto","background-attachment":"scroll","background-type":"","background-media":"","overlay-type":"","overlay-color":"","overlay-opacity":"","overlay-gradient":""},"tablet":{"background-color":"var(--ast-global-color-5)","background-image":"","background-repeat":"repeat","background-position":"center center","background-size":"auto","background-attachment":"scroll","background-type":"","background-media":"","overlay-type":"","overlay-color":"","overlay-opacity":"","overlay-gradient":""},"mobile":{"background-color":"var(--ast-global-color-5)","background-image":"","background-repeat":"repeat","background-position":"center center","background-size":"auto","background-attachment":"scroll","background-type":"","background-media":"","overlay-type":"","overlay-color":"","overlay-opacity":"","overlay-gradient":""}},"spay_email":""},"product_cat":[185,168,167,74],"product_tag":[],"_links":{"self":[{"href":"https:\/\/jugueterialudico.com.ar\/index.php?rest_route=\/wp\/v2\/product\/27180"}],"collection":[{"href":"https:\/\/jugueterialudico.com.ar\/index.php?rest_route=\/wp\/v2\/product"}],"about":[{"href":"https:\/\/jugueterialudico.com.ar\/index.php?rest_route=\/wp\/v2\/types\/product"}],"replies":[{"embeddable":true,"href":"https:\/\/jugueterialudico.com.ar\/index.php?rest_route=%2Fwp%2Fv2%2Fcomments&post=27180"}],"wp:featuredmedia":[{"embeddable":true,"href":"https:\/\/jugueterialudico.com.ar\/index.php?rest_route=\/wp\/v2\/media\/27181"}],"wp:attachment":[{"href":"https:\/\/jugueterialudico.com.ar\/index.php?rest_route=%2Fwp%2Fv2%2Fmedia&parent=27180"}],"wp:term":[{"taxonomy":"product_cat","embeddable":true,"href":"https:\/\/jugueterialudico.com.ar\/index.php?rest_route=%2Fwp%2Fv2%2Fproduct_cat&post=27180"},{"taxonomy":"product_tag","embeddable":true,"href":"https:\/\/jugueterialudico.com.ar\/index.php?rest_route=%2Fwp%2Fv2%2Fproduct_tag&post=27180"}],"curies":[{"name":"wp","href":"https:\/\/api.w.org\/{rel}","templated":true}]}}