{"id":27193,"date":"2025-12-12T10:35:50","date_gmt":"2025-12-12T13:35:50","guid":{"rendered":"https:\/\/jugueterialudico.com.ar\/?post_type=product&#038;p=27193"},"modified":"2025-12-12T10:35:51","modified_gmt":"2025-12-12T13:35:51","slug":"magnetismo-195","status":"publish","type":"product","link":"https:\/\/jugueterialudico.com.ar\/?product=magnetismo-195","title":{"rendered":"MAGNETISMO &#8211; 195"},"content":{"rendered":"<h1 class=\"ui-pdp-title\">Magnetismo Magn\u00e9tico Estrategia Precisi\u00f3n<\/h1>\n<p>&nbsp;<\/p>\n<p>\u00a1Desaf\u00eda tus habilidades estrat\u00e9gicas y de precisi\u00f3n con este emocionante juego de esferas magn\u00e9ticas! El objetivo es ser el primero en colocar todas tus esferas en el tablero sin que se atraigan entre s\u00ed. Cada movimiento cuenta, ya que si las esferas se atraen, tendr\u00e1s que recogerlas y seguir jugando con todas ellas. Ideal para jugar en familia o con amigos, este juego pondr\u00e1 a prueba tu destreza mientras te diviertes.<\/p>\n<p>Preparaci\u00f3n del juego: -Colocar el tablero de juego en el centro de los jugadores, sobre una superficie plana. -Distribuir uniformemente las esferas magn\u00e9ticas entre los jugadores o equipos.<\/p>\n<p>C\u00f3mo se juega:<\/p>\n<p>-Los jugadores se turnan para colocar, una a la vez, sus esferas magn\u00e9ticas en cualquier espacio c\u00f3ncavo del tablero.<\/p>\n<p>-Si, al colocar una esfera, otras se atraen entre s\u00ed, el jugador deber\u00e1 recogerlas y continuar jugando con todas ellas en su siguiente turno.<\/p>\n<p>-El desaf\u00edo es colocar las esferas de manera que no se atraigan entre s\u00ed.<\/p>\n<p>-Ser\u00e1 ganador: El jugador o equipo que logre colocar todas sus esferas en el tablero, es decir, quien se quede sin esferas primero.<\/p>\n<p>Contenido: -20 esferas magn\u00e9ticas -1 tablero<\/p>\n<p>-Medidas aproximadas: 27,5 x 27,5 x 4cm<\/p>\n<p>Edad recomendada: +14 a\u00f1os.<\/p>\n","protected":false},"excerpt":{"rendered":"<p>Magnetismo Magn\u00e9tico Estrategia Precisi\u00f3n &nbsp; \u00a1Desaf\u00eda tus habilidades estrat\u00e9gicas y de precisi\u00f3n con este emocionante juego de esferas magn\u00e9ticas! El objetivo es ser el primero en colocar todas tus esferas en el tablero sin que se atraigan entre s\u00ed. Cada movimiento cuenta, ya que si las esferas se atraen, tendr\u00e1s que recogerlas y seguir jugando [&hellip;]<\/p>\n","protected":false},"featured_media":27194,"comment_status":"open","ping_status":"closed","template":"","meta":{"site-sidebar-layout":"default","site-content-layout":"","ast-site-content-layout":"default","site-content-style":"default","site-sidebar-style":"default","ast-global-header-display":"","ast-banner-title-visibility":"","ast-main-header-display":"","ast-hfb-above-header-display":"","ast-hfb-below-header-display":"","ast-hfb-mobile-header-display":"","site-post-title":"","ast-breadcrumbs-content":"","ast-featured-img":"","footer-sml-layout":"","theme-transparent-header-meta":"default","adv-header-id-meta":"","stick-header-meta":"","header-above-stick-meta":"","header-main-stick-meta":"","header-below-stick-meta":"","astra-migrate-meta-layouts":"set","ast-page-background-enabled":"default","ast-page-background-meta":{"desktop":{"background-color":"","background-image":"","background-repeat":"repeat","background-position":"center center","background-size":"auto","background-attachment":"scroll","background-type":"","background-media":"","overlay-type":"","overlay-color":"","overlay-opacity":"","overlay-gradient":""},"tablet":{"background-color":"","background-image":"","background-repeat":"repeat","background-position":"center center","background-size":"auto","background-attachment":"scroll","background-type":"","background-media":"","overlay-type":"","overlay-color":"","overlay-opacity":"","overlay-gradient":""},"mobile":{"background-color":"","background-image":"","background-repeat":"repeat","background-position":"center center","background-size":"auto","background-attachment":"scroll","background-type":"","background-media":"","overlay-type":"","overlay-color":"","overlay-opacity":"","overlay-gradient":""}},"ast-content-background-meta":{"desktop":{"background-color":"var(--ast-global-color-5)","background-image":"","background-repeat":"repeat","background-position":"center center","background-size":"auto","background-attachment":"scroll","background-type":"","background-media":"","overlay-type":"","overlay-color":"","overlay-opacity":"","overlay-gradient":""},"tablet":{"background-color":"var(--ast-global-color-5)","background-image":"","background-repeat":"repeat","background-position":"center center","background-size":"auto","background-attachment":"scroll","background-type":"","background-media":"","overlay-type":"","overlay-color":"","overlay-opacity":"","overlay-gradient":""},"mobile":{"background-color":"var(--ast-global-color-5)","background-image":"","background-repeat":"repeat","background-position":"center center","background-size":"auto","background-attachment":"scroll","background-type":"","background-media":"","overlay-type":"","overlay-color":"","overlay-opacity":"","overlay-gradient":""}},"spay_email":""},"product_cat":[185,168,167,158,74],"product_tag":[],"_links":{"self":[{"href":"https:\/\/jugueterialudico.com.ar\/index.php?rest_route=\/wp\/v2\/product\/27193"}],"collection":[{"href":"https:\/\/jugueterialudico.com.ar\/index.php?rest_route=\/wp\/v2\/product"}],"about":[{"href":"https:\/\/jugueterialudico.com.ar\/index.php?rest_route=\/wp\/v2\/types\/product"}],"replies":[{"embeddable":true,"href":"https:\/\/jugueterialudico.com.ar\/index.php?rest_route=%2Fwp%2Fv2%2Fcomments&post=27193"}],"wp:featuredmedia":[{"embeddable":true,"href":"https:\/\/jugueterialudico.com.ar\/index.php?rest_route=\/wp\/v2\/media\/27194"}],"wp:attachment":[{"href":"https:\/\/jugueterialudico.com.ar\/index.php?rest_route=%2Fwp%2Fv2%2Fmedia&parent=27193"}],"wp:term":[{"taxonomy":"product_cat","embeddable":true,"href":"https:\/\/jugueterialudico.com.ar\/index.php?rest_route=%2Fwp%2Fv2%2Fproduct_cat&post=27193"},{"taxonomy":"product_tag","embeddable":true,"href":"https:\/\/jugueterialudico.com.ar\/index.php?rest_route=%2Fwp%2Fv2%2Fproduct_tag&post=27193"}],"curies":[{"name":"wp","href":"https:\/\/api.w.org\/{rel}","templated":true}]}}