{"id":27216,"date":"2025-12-13T16:46:49","date_gmt":"2025-12-13T19:46:49","guid":{"rendered":"https:\/\/jugueterialudico.com.ar\/?post_type=product&#038;p=27216"},"modified":"2026-04-28T18:19:10","modified_gmt":"2026-04-28T21:19:10","slug":"rompecabezas-argentina-48p-011","status":"publish","type":"product","link":"https:\/\/jugueterialudico.com.ar\/?product=rompecabezas-argentina-48p-011","title":{"rendered":"ROMPECABEZAS ARGENTINA LATA 48P &#8211; 011"},"content":{"rendered":"<p data-start=\"216\" data-end=\"374\">\u00a1Descubr\u00ed Argentina a trav\u00e9s del juego! Este rompecabezas invita a los m\u00e1s chicos a recorrer nuestro pa\u00eds de una forma simple, visual y s\u00faper entretenida.<\/p>\n<p data-start=\"216\" data-end=\"374\">\n<p data-start=\"216\" data-end=\"374\">Un mapa ilustrado lleno de colores, fauna, paisajes y elementos t\u00edpicos de cada regi\u00f3n: monta\u00f1as, animales aut\u00f3ctonos, gastronom\u00eda, monumentos, tradiciones y mucho m\u00e1s. Ideal para que los ni\u00f1os y ni\u00f1as aprendan sobre geograf\u00eda, cultura y diversidad mientras desarrollan habilidades esenciales. Sus piezas grandes, resistentes y f\u00e1ciles de manipular lo convierten en un recurso educativo perfecto para el hogar y el aula.<\/p>\n<p data-start=\"216\" data-end=\"374\">\n<p data-start=\"216\" data-end=\"374\">\u00bfQu\u00e9 beneficios trae?<br data-start=\"823\" data-end=\"826\" \/>Desarrolla la motricidad fina, incrementa la concentraci\u00f3n y la paciencia, disminuye el estr\u00e9s y la ansiedad, desarrolla la memoria y estimula la relajaci\u00f3n.<\/p>\n<p data-start=\"216\" data-end=\"374\">\n<p data-start=\"216\" data-end=\"374\">Marca: Barco de Papel<br data-start=\"1010\" data-end=\"1013\" \/>L\u00ednea: Rompecabezas en Lata<br data-start=\"1044\" data-end=\"1047\" \/>Art\u00edculo: Rompecabezas Argentina 48 Piezas<br data-start=\"1093\" data-end=\"1096\" \/>Medidas: 49 x 36 cm<br data-start=\"1119\" data-end=\"1122\" \/>Cantidad de piezas: 48<br data-start=\"1148\" data-end=\"1151\" \/>Edad recomendada: +3 a\u00f1os<\/p>\n","protected":false},"excerpt":{"rendered":"<p>\u00a1Descubr\u00ed Argentina a trav\u00e9s del juego! Este rompecabezas invita a los m\u00e1s chicos a recorrer nuestro pa\u00eds de una forma simple, visual y s\u00faper entretenida. Un mapa ilustrado lleno de colores, fauna, paisajes y elementos t\u00edpicos de cada regi\u00f3n: monta\u00f1as, animales aut\u00f3ctonos, gastronom\u00eda, monumentos, tradiciones y mucho m\u00e1s. Ideal para que los ni\u00f1os y ni\u00f1as [&hellip;]<\/p>\n","protected":false},"featured_media":27217,"comment_status":"open","ping_status":"closed","template":"","meta":{"site-sidebar-layout":"default","site-content-layout":"","ast-site-content-layout":"default","site-content-style":"default","site-sidebar-style":"default","ast-global-header-display":"","ast-banner-title-visibility":"","ast-main-header-display":"","ast-hfb-above-header-display":"","ast-hfb-below-header-display":"","ast-hfb-mobile-header-display":"","site-post-title":"","ast-breadcrumbs-content":"","ast-featured-img":"","footer-sml-layout":"","theme-transparent-header-meta":"default","adv-header-id-meta":"","stick-header-meta":"","header-above-stick-meta":"","header-main-stick-meta":"","header-below-stick-meta":"","astra-migrate-meta-layouts":"set","ast-page-background-enabled":"default","ast-page-background-meta":{"desktop":{"background-color":"","background-image":"","background-repeat":"repeat","background-position":"center center","background-size":"auto","background-attachment":"scroll","background-type":"","background-media":"","overlay-type":"","overlay-color":"","overlay-opacity":"","overlay-gradient":""},"tablet":{"background-color":"","background-image":"","background-repeat":"repeat","background-position":"center center","background-size":"auto","background-attachment":"scroll","background-type":"","background-media":"","overlay-type":"","overlay-color":"","overlay-opacity":"","overlay-gradient":""},"mobile":{"background-color":"","background-image":"","background-repeat":"repeat","background-position":"center center","background-size":"auto","background-attachment":"scroll","background-type":"","background-media":"","overlay-type":"","overlay-color":"","overlay-opacity":"","overlay-gradient":""}},"ast-content-background-meta":{"desktop":{"background-color":"var(--ast-global-color-5)","background-image":"","background-repeat":"repeat","background-position":"center center","background-size":"auto","background-attachment":"scroll","background-type":"","background-media":"","overlay-type":"","overlay-color":"","overlay-opacity":"","overlay-gradient":""},"tablet":{"background-color":"var(--ast-global-color-5)","background-image":"","background-repeat":"repeat","background-position":"center center","background-size":"auto","background-attachment":"scroll","background-type":"","background-media":"","overlay-type":"","overlay-color":"","overlay-opacity":"","overlay-gradient":""},"mobile":{"background-color":"var(--ast-global-color-5)","background-image":"","background-repeat":"repeat","background-position":"center center","background-size":"auto","background-attachment":"scroll","background-type":"","background-media":"","overlay-type":"","overlay-color":"","overlay-opacity":"","overlay-gradient":""}},"spay_email":""},"product_cat":[164,165,166,167,146,74],"product_tag":[],"_links":{"self":[{"href":"https:\/\/jugueterialudico.com.ar\/index.php?rest_route=\/wp\/v2\/product\/27216"}],"collection":[{"href":"https:\/\/jugueterialudico.com.ar\/index.php?rest_route=\/wp\/v2\/product"}],"about":[{"href":"https:\/\/jugueterialudico.com.ar\/index.php?rest_route=\/wp\/v2\/types\/product"}],"replies":[{"embeddable":true,"href":"https:\/\/jugueterialudico.com.ar\/index.php?rest_route=%2Fwp%2Fv2%2Fcomments&post=27216"}],"wp:featuredmedia":[{"embeddable":true,"href":"https:\/\/jugueterialudico.com.ar\/index.php?rest_route=\/wp\/v2\/media\/27217"}],"wp:attachment":[{"href":"https:\/\/jugueterialudico.com.ar\/index.php?rest_route=%2Fwp%2Fv2%2Fmedia&parent=27216"}],"wp:term":[{"taxonomy":"product_cat","embeddable":true,"href":"https:\/\/jugueterialudico.com.ar\/index.php?rest_route=%2Fwp%2Fv2%2Fproduct_cat&post=27216"},{"taxonomy":"product_tag","embeddable":true,"href":"https:\/\/jugueterialudico.com.ar\/index.php?rest_route=%2Fwp%2Fv2%2Fproduct_tag&post=27216"}],"curies":[{"name":"wp","href":"https:\/\/api.w.org\/{rel}","templated":true}]}}