{"id":27223,"date":"2025-12-13T17:09:51","date_gmt":"2025-12-13T20:09:51","guid":{"rendered":"https:\/\/jugueterialudico.com.ar\/?post_type=product&#038;p=27223"},"modified":"2026-04-28T18:19:01","modified_gmt":"2026-04-28T21:19:01","slug":"rompecabeza-el-espacio-150p-lata-011","status":"publish","type":"product","link":"https:\/\/jugueterialudico.com.ar\/?product=rompecabeza-el-espacio-150p-lata-011","title":{"rendered":"ROMPECABEZA EL ESPACIO 150P LATA &#8211; 011"},"content":{"rendered":"<p>\u00a1Descubre el universo y despierta el inter\u00e9s por la ciencia con este rompecabezas espacial que capturar\u00e1 la imaginaci\u00f3n de los ni\u00f1os y ni\u00f1as!.<\/p>\n<p>&nbsp;<\/p>\n<p>Emocionante rompecabezas sobre el espacio dise\u00f1ado especialmente para los peque\u00f1os astr\u00f3nomos. Con colores vibrantes y piezas resistentes, este rompecabezas ofrece horas de diversi\u00f3n mientras exploran planetas, estrellas y naves espaciales.<\/p>\n<p>&nbsp;<\/p>\n<p>\u00bfQu\u00e9 beneficios trae?<br \/>\nIncrementa la concentraci\u00f3n, desarrolla la paciencia, disminuye el estr\u00e9s, ejercita la memoria, estimula la relajaci\u00f3n, ense\u00f1a el autocontrol y mejora la estimulaci\u00f3n.<\/p>\n<p>&nbsp;<\/p>\n<p>Marca: Barco de Papel<br \/>\nL\u00ednea: Rompecabezas en Lata<br \/>\nArt\u00edculo: Rompecabezas 150 Piezas El Espacio<br \/>\nMedida: 61&#215;46 Cent\u00edmetros<br \/>\nCantidad de piezas: 150<br \/>\nEdad recomendad: +6 a\u00f1os<\/p>\n","protected":false},"excerpt":{"rendered":"<p>\u00a1Descubre el universo y despierta el inter\u00e9s por la ciencia con este rompecabezas espacial que capturar\u00e1 la imaginaci\u00f3n de los ni\u00f1os y ni\u00f1as!. &nbsp; Emocionante rompecabezas sobre el espacio dise\u00f1ado especialmente para los peque\u00f1os astr\u00f3nomos. Con colores vibrantes y piezas resistentes, este rompecabezas ofrece horas de diversi\u00f3n mientras exploran planetas, estrellas y naves espaciales. &nbsp; [&hellip;]<\/p>\n","protected":false},"featured_media":27224,"comment_status":"open","ping_status":"closed","template":"","meta":{"site-sidebar-layout":"default","site-content-layout":"","ast-site-content-layout":"default","site-content-style":"default","site-sidebar-style":"default","ast-global-header-display":"","ast-banner-title-visibility":"","ast-main-header-display":"","ast-hfb-above-header-display":"","ast-hfb-below-header-display":"","ast-hfb-mobile-header-display":"","site-post-title":"","ast-breadcrumbs-content":"","ast-featured-img":"","footer-sml-layout":"","theme-transparent-header-meta":"default","adv-header-id-meta":"","stick-header-meta":"","header-above-stick-meta":"","header-main-stick-meta":"","header-below-stick-meta":"","astra-migrate-meta-layouts":"set","ast-page-background-enabled":"default","ast-page-background-meta":{"desktop":{"background-color":"","background-image":"","background-repeat":"repeat","background-position":"center center","background-size":"auto","background-attachment":"scroll","background-type":"","background-media":"","overlay-type":"","overlay-color":"","overlay-opacity":"","overlay-gradient":""},"tablet":{"background-color":"","background-image":"","background-repeat":"repeat","background-position":"center center","background-size":"auto","background-attachment":"scroll","background-type":"","background-media":"","overlay-type":"","overlay-color":"","overlay-opacity":"","overlay-gradient":""},"mobile":{"background-color":"","background-image":"","background-repeat":"repeat","background-position":"center center","background-size":"auto","background-attachment":"scroll","background-type":"","background-media":"","overlay-type":"","overlay-color":"","overlay-opacity":"","overlay-gradient":""}},"ast-content-background-meta":{"desktop":{"background-color":"var(--ast-global-color-5)","background-image":"","background-repeat":"repeat","background-position":"center center","background-size":"auto","background-attachment":"scroll","background-type":"","background-media":"","overlay-type":"","overlay-color":"","overlay-opacity":"","overlay-gradient":""},"tablet":{"background-color":"var(--ast-global-color-5)","background-image":"","background-repeat":"repeat","background-position":"center center","background-size":"auto","background-attachment":"scroll","background-type":"","background-media":"","overlay-type":"","overlay-color":"","overlay-opacity":"","overlay-gradient":""},"mobile":{"background-color":"var(--ast-global-color-5)","background-image":"","background-repeat":"repeat","background-position":"center center","background-size":"auto","background-attachment":"scroll","background-type":"","background-media":"","overlay-type":"","overlay-color":"","overlay-opacity":"","overlay-gradient":""}},"spay_email":""},"product_cat":[166,167,74,72],"product_tag":[],"_links":{"self":[{"href":"https:\/\/jugueterialudico.com.ar\/index.php?rest_route=\/wp\/v2\/product\/27223"}],"collection":[{"href":"https:\/\/jugueterialudico.com.ar\/index.php?rest_route=\/wp\/v2\/product"}],"about":[{"href":"https:\/\/jugueterialudico.com.ar\/index.php?rest_route=\/wp\/v2\/types\/product"}],"replies":[{"embeddable":true,"href":"https:\/\/jugueterialudico.com.ar\/index.php?rest_route=%2Fwp%2Fv2%2Fcomments&post=27223"}],"wp:featuredmedia":[{"embeddable":true,"href":"https:\/\/jugueterialudico.com.ar\/index.php?rest_route=\/wp\/v2\/media\/27224"}],"wp:attachment":[{"href":"https:\/\/jugueterialudico.com.ar\/index.php?rest_route=%2Fwp%2Fv2%2Fmedia&parent=27223"}],"wp:term":[{"taxonomy":"product_cat","embeddable":true,"href":"https:\/\/jugueterialudico.com.ar\/index.php?rest_route=%2Fwp%2Fv2%2Fproduct_cat&post=27223"},{"taxonomy":"product_tag","embeddable":true,"href":"https:\/\/jugueterialudico.com.ar\/index.php?rest_route=%2Fwp%2Fv2%2Fproduct_tag&post=27223"}],"curies":[{"name":"wp","href":"https:\/\/api.w.org\/{rel}","templated":true}]}}