{"id":27242,"date":"2025-12-19T18:45:39","date_gmt":"2025-12-19T21:45:39","guid":{"rendered":"https:\/\/jugueterialudico.com.ar\/?post_type=product&#038;p=27242"},"modified":"2026-02-18T16:13:43","modified_gmt":"2026-02-18T19:13:43","slug":"sobresaltos-035","status":"publish","type":"product","link":"https:\/\/jugueterialudico.com.ar\/?product=sobresaltos-035","title":{"rendered":"SOBRESALTOS &#8211; 035"},"content":{"rendered":"<p>No hay reyes en esta selva, o mejor dicho, bosque. Hay animales cuya valent\u00eda &#8211; o miedo &#8211; depende de la ocasi\u00f3n.<\/p>\n<p>En cada enfrentamiento UN ANIMAL SE ASUSTA.<br \/>\nEl \ud83d\udc15 asusta al \ud83d\udc08 que asusta al \ud83d\udc00 que asusta al \ud83d\udc18 que asusta al \ud83d\udc15 que asusta al \ud83d\udc08\ud83d\udc00\ud83d\udc18\ud83d\udc15\ud83d\udc08\ud83d\udc00\ud83d\udc18\ud83d\udc15\ud83d\udc08\ud83d\udc00\ud83d\udc18\ud83d\udc15&#8230;<\/p>\n<p>APURATE A ENCONTRAR EL ANIMAL ASUSTADO. Si sos el primero, \u00a1te lo llev\u00e1s! Pero si ninguno se asusta, \u00a1deber\u00e1s asustarlo vos! \u00a1Guau! \u00a1Miau! \u00a1Bu! \u00a1Chiki chiki!<\/p>\n<p>Practic\u00e1 los sonidos de animales y afin\u00e1 tus reflejos. Preparate para un juego R\u00c1PIDO, RUIDOSO Y LLENO DE SOBRESALTOS.<\/p>\n<p>Un juego de Nahuel Di Stefano Villalba ilustrado por\u00a0<a class=\"x1i10hfl xjbqb8w x1ejq31n x18oe1m7 x1sy0etr xstzfhl x972fbf x10w94by x1qhh985 x14e42zd x9f619 x1ypdohk xt0psk2 x3ct3a4 xdj266r x14z9mp xat24cr x1lziwak xexx8yu xyri2b x18d9i69 x1c1uobl x16tdsg8 x1hl2dhg xggy1nq x1a2a7pz notranslate _a6hd\" tabindex=\"0\" role=\"link\" href=\"https:\/\/www.instagram.com\/porliniers\/\">@porliniers<\/a><\/p>\n<p>\ud83d\udc68\u200d\ud83d\udc69\u200d\ud83d\udc66Jugadores: 2 a 6<br \/>\n\ud83c\udf82: 6 a 99 a\u00f1os<br \/>\n\u23f3: 15 minutos<\/p>\n","protected":false},"excerpt":{"rendered":"<p>No hay reyes en esta selva, o mejor dicho, bosque. Hay animales cuya valent\u00eda &#8211; o miedo &#8211; depende de la ocasi\u00f3n. En cada enfrentamiento UN ANIMAL SE ASUSTA. El \ud83d\udc15 asusta al \ud83d\udc08 que asusta al \ud83d\udc00 que asusta al \ud83d\udc18 que asusta al \ud83d\udc15 que asusta al \ud83d\udc08\ud83d\udc00\ud83d\udc18\ud83d\udc15\ud83d\udc08\ud83d\udc00\ud83d\udc18\ud83d\udc15\ud83d\udc08\ud83d\udc00\ud83d\udc18\ud83d\udc15&#8230; APURATE A ENCONTRAR EL ANIMAL [&hellip;]<\/p>\n","protected":false},"featured_media":27243,"comment_status":"open","ping_status":"closed","template":"","meta":{"site-sidebar-layout":"default","site-content-layout":"","ast-site-content-layout":"default","site-content-style":"default","site-sidebar-style":"default","ast-global-header-display":"","ast-banner-title-visibility":"","ast-main-header-display":"","ast-hfb-above-header-display":"","ast-hfb-below-header-display":"","ast-hfb-mobile-header-display":"","site-post-title":"","ast-breadcrumbs-content":"","ast-featured-img":"","footer-sml-layout":"","theme-transparent-header-meta":"default","adv-header-id-meta":"","stick-header-meta":"","header-above-stick-meta":"","header-main-stick-meta":"","header-below-stick-meta":"","astra-migrate-meta-layouts":"set","ast-page-background-enabled":"default","ast-page-background-meta":{"desktop":{"background-color":"","background-image":"","background-repeat":"repeat","background-position":"center center","background-size":"auto","background-attachment":"scroll","background-type":"","background-media":"","overlay-type":"","overlay-color":"","overlay-opacity":"","overlay-gradient":""},"tablet":{"background-color":"","background-image":"","background-repeat":"repeat","background-position":"center center","background-size":"auto","background-attachment":"scroll","background-type":"","background-media":"","overlay-type":"","overlay-color":"","overlay-opacity":"","overlay-gradient":""},"mobile":{"background-color":"","background-image":"","background-repeat":"repeat","background-position":"center center","background-size":"auto","background-attachment":"scroll","background-type":"","background-media":"","overlay-type":"","overlay-color":"","overlay-opacity":"","overlay-gradient":""}},"ast-content-background-meta":{"desktop":{"background-color":"var(--ast-global-color-5)","background-image":"","background-repeat":"repeat","background-position":"center center","background-size":"auto","background-attachment":"scroll","background-type":"","background-media":"","overlay-type":"","overlay-color":"","overlay-opacity":"","overlay-gradient":""},"tablet":{"background-color":"var(--ast-global-color-5)","background-image":"","background-repeat":"repeat","background-position":"center center","background-size":"auto","background-attachment":"scroll","background-type":"","background-media":"","overlay-type":"","overlay-color":"","overlay-opacity":"","overlay-gradient":""},"mobile":{"background-color":"var(--ast-global-color-5)","background-image":"","background-repeat":"repeat","background-position":"center center","background-size":"auto","background-attachment":"scroll","background-type":"","background-media":"","overlay-type":"","overlay-color":"","overlay-opacity":"","overlay-gradient":""}},"spay_email":""},"product_cat":[168,166,167,74],"product_tag":[],"_links":{"self":[{"href":"https:\/\/jugueterialudico.com.ar\/index.php?rest_route=\/wp\/v2\/product\/27242"}],"collection":[{"href":"https:\/\/jugueterialudico.com.ar\/index.php?rest_route=\/wp\/v2\/product"}],"about":[{"href":"https:\/\/jugueterialudico.com.ar\/index.php?rest_route=\/wp\/v2\/types\/product"}],"replies":[{"embeddable":true,"href":"https:\/\/jugueterialudico.com.ar\/index.php?rest_route=%2Fwp%2Fv2%2Fcomments&post=27242"}],"wp:featuredmedia":[{"embeddable":true,"href":"https:\/\/jugueterialudico.com.ar\/index.php?rest_route=\/wp\/v2\/media\/27243"}],"wp:attachment":[{"href":"https:\/\/jugueterialudico.com.ar\/index.php?rest_route=%2Fwp%2Fv2%2Fmedia&parent=27242"}],"wp:term":[{"taxonomy":"product_cat","embeddable":true,"href":"https:\/\/jugueterialudico.com.ar\/index.php?rest_route=%2Fwp%2Fv2%2Fproduct_cat&post=27242"},{"taxonomy":"product_tag","embeddable":true,"href":"https:\/\/jugueterialudico.com.ar\/index.php?rest_route=%2Fwp%2Fv2%2Fproduct_tag&post=27242"}],"curies":[{"name":"wp","href":"https:\/\/api.w.org\/{rel}","templated":true}]}}