{"id":27245,"date":"2025-12-19T18:48:44","date_gmt":"2025-12-19T21:48:44","guid":{"rendered":"https:\/\/jugueterialudico.com.ar\/?post_type=product&#038;p=27245"},"modified":"2026-02-18T16:13:34","modified_gmt":"2026-02-18T19:13:34","slug":"shiki-invierno-035","status":"publish","type":"product","link":"https:\/\/jugueterialudico.com.ar\/?product=shiki-invierno-035","title":{"rendered":"SHIKI INVIERNO &#8211; 035"},"content":{"rendered":"<p>Para los fan\u00e1ticos del Shiki, y tambi\u00e9n para aquellos que no lo conocen, les presentamos SHIKI INVIERNO, un juego de cartas del mismo universo con las hermosas ilustraciones de\u00a0<a class=\"x1i10hfl xjbqb8w x1ejq31n x18oe1m7 x1sy0etr xstzfhl x972fbf x10w94by x1qhh985 x14e42zd x9f619 x1ypdohk xt0psk2 x3ct3a4 xdj266r x14z9mp xat24cr x1lziwak xexx8yu xyri2b x18d9i69 x1c1uobl x16tdsg8 x1hl2dhg xggy1nq x1a2a7pz notranslate _a6hd\" tabindex=\"0\" role=\"link\" href=\"https:\/\/www.instagram.com\/flor_kaneshiro\/\">@flor_kaneshiro<\/a><\/p>\n<p>\u00bfQui\u00e9n puede resistirse a una guerra de bolas de nieve? Eso es Shiki invierno, un juego simple y familiar de enfrentamientos con cartas.<\/p>\n<p>Todos nos enfrentamos al mismo tiempo en una guerra de bolas de nieve. El objetivo: juntar las cartas de abuela (\u00bfacaso no es siempre un gran premio tenerlas cerca?)<\/p>\n<p>En los enfrentamientos gana la carta m\u00e1s alta. Pero ojo, que si hay empate, aunque no sea el n\u00famero m\u00e1s alto, se juega otra batalla, y esta vez, jugar\u00e1s con las cartas de tu rival!<\/p>\n<p>Un juego irresistible mente bello, entretenido y din\u00e1mico.<\/p>\n<p>\ud83d\udc68\u200d\ud83d\udc69\u200d\ud83d\udc66: de 2 a 5<br \/>\n\ud83c\udf82: 6 en adelante<br \/>\n\u23f3: 15 minutos<\/p>\n","protected":false},"excerpt":{"rendered":"<p>Para los fan\u00e1ticos del Shiki, y tambi\u00e9n para aquellos que no lo conocen, les presentamos SHIKI INVIERNO, un juego de cartas del mismo universo con las hermosas ilustraciones de\u00a0@flor_kaneshiro \u00bfQui\u00e9n puede resistirse a una guerra de bolas de nieve? Eso es Shiki invierno, un juego simple y familiar de enfrentamientos con cartas. Todos nos enfrentamos [&hellip;]<\/p>\n","protected":false},"featured_media":27246,"comment_status":"open","ping_status":"closed","template":"","meta":{"site-sidebar-layout":"default","site-content-layout":"","ast-site-content-layout":"default","site-content-style":"default","site-sidebar-style":"default","ast-global-header-display":"","ast-banner-title-visibility":"","ast-main-header-display":"","ast-hfb-above-header-display":"","ast-hfb-below-header-display":"","ast-hfb-mobile-header-display":"","site-post-title":"","ast-breadcrumbs-content":"","ast-featured-img":"","footer-sml-layout":"","theme-transparent-header-meta":"default","adv-header-id-meta":"","stick-header-meta":"","header-above-stick-meta":"","header-main-stick-meta":"","header-below-stick-meta":"","astra-migrate-meta-layouts":"set","ast-page-background-enabled":"default","ast-page-background-meta":{"desktop":{"background-color":"","background-image":"","background-repeat":"repeat","background-position":"center center","background-size":"auto","background-attachment":"scroll","background-type":"","background-media":"","overlay-type":"","overlay-color":"","overlay-opacity":"","overlay-gradient":""},"tablet":{"background-color":"","background-image":"","background-repeat":"repeat","background-position":"center center","background-size":"auto","background-attachment":"scroll","background-type":"","background-media":"","overlay-type":"","overlay-color":"","overlay-opacity":"","overlay-gradient":""},"mobile":{"background-color":"","background-image":"","background-repeat":"repeat","background-position":"center center","background-size":"auto","background-attachment":"scroll","background-type":"","background-media":"","overlay-type":"","overlay-color":"","overlay-opacity":"","overlay-gradient":""}},"ast-content-background-meta":{"desktop":{"background-color":"var(--ast-global-color-5)","background-image":"","background-repeat":"repeat","background-position":"center center","background-size":"auto","background-attachment":"scroll","background-type":"","background-media":"","overlay-type":"","overlay-color":"","overlay-opacity":"","overlay-gradient":""},"tablet":{"background-color":"var(--ast-global-color-5)","background-image":"","background-repeat":"repeat","background-position":"center center","background-size":"auto","background-attachment":"scroll","background-type":"","background-media":"","overlay-type":"","overlay-color":"","overlay-opacity":"","overlay-gradient":""},"mobile":{"background-color":"var(--ast-global-color-5)","background-image":"","background-repeat":"repeat","background-position":"center center","background-size":"auto","background-attachment":"scroll","background-type":"","background-media":"","overlay-type":"","overlay-color":"","overlay-opacity":"","overlay-gradient":""}},"spay_email":""},"product_cat":[168,166,167,74,208],"product_tag":[],"_links":{"self":[{"href":"https:\/\/jugueterialudico.com.ar\/index.php?rest_route=\/wp\/v2\/product\/27245"}],"collection":[{"href":"https:\/\/jugueterialudico.com.ar\/index.php?rest_route=\/wp\/v2\/product"}],"about":[{"href":"https:\/\/jugueterialudico.com.ar\/index.php?rest_route=\/wp\/v2\/types\/product"}],"replies":[{"embeddable":true,"href":"https:\/\/jugueterialudico.com.ar\/index.php?rest_route=%2Fwp%2Fv2%2Fcomments&post=27245"}],"wp:featuredmedia":[{"embeddable":true,"href":"https:\/\/jugueterialudico.com.ar\/index.php?rest_route=\/wp\/v2\/media\/27246"}],"wp:attachment":[{"href":"https:\/\/jugueterialudico.com.ar\/index.php?rest_route=%2Fwp%2Fv2%2Fmedia&parent=27245"}],"wp:term":[{"taxonomy":"product_cat","embeddable":true,"href":"https:\/\/jugueterialudico.com.ar\/index.php?rest_route=%2Fwp%2Fv2%2Fproduct_cat&post=27245"},{"taxonomy":"product_tag","embeddable":true,"href":"https:\/\/jugueterialudico.com.ar\/index.php?rest_route=%2Fwp%2Fv2%2Fproduct_tag&post=27245"}],"curies":[{"name":"wp","href":"https:\/\/api.w.org\/{rel}","templated":true}]}}