{"id":27249,"date":"2025-12-20T11:35:54","date_gmt":"2025-12-20T14:35:54","guid":{"rendered":"https:\/\/jugueterialudico.com.ar\/?post_type=product&#038;p=27249"},"modified":"2026-04-28T18:18:55","modified_gmt":"2026-04-28T21:18:55","slug":"rompecabezas-200p-cuerpo-humano-lata-011","status":"publish","type":"product","link":"https:\/\/jugueterialudico.com.ar\/?product=rompecabezas-200p-cuerpo-humano-lata-011","title":{"rendered":"ROMPECABEZAS 200P. CUERPO HUMANO LATA &#8211; 011"},"content":{"rendered":"<p data-start=\"265\" data-end=\"471\">\u00a1Aprender sobre el cuerpo humano nunca fue tan visual y entretenido! Este rompecabezas invita a los ni\u00f1os y ni\u00f1as a descubrir c\u00f3mo estamos formados a trav\u00e9s de ilustraciones claras y llenas de detalles.<\/p>\n<p data-start=\"265\" data-end=\"471\">El dise\u00f1o est\u00e1 dividido en cuatro secciones educativas: el esqueleto, los m\u00fasculos, los \u00f3rganos y las partes del cuerpo. Cada una presenta sus componentes se\u00f1alizados y nombrados, ayudando a los chicos a relacionar conceptos, memorizar informaci\u00f3n y comprender la anatom\u00eda de manera sencilla. Con 200 piezas resistentes, es ideal para ni\u00f1os a partir de los 6 a\u00f1os que ya buscan desaf\u00edos m\u00e1s complejos.<\/p>\n<p data-start=\"265\" data-end=\"471\">\u00bfQu\u00e9 beneficios trae?<br data-start=\"901\" data-end=\"904\" \/>Desarrolla la motricidad fina, incrementa la concentraci\u00f3n y la paciencia, disminuye el estr\u00e9s y la ansiedad, desarrolla la memoria y estimula la relajaci\u00f3n.<\/p>\n","protected":false},"excerpt":{"rendered":"<p>\u00a1Aprender sobre el cuerpo humano nunca fue tan visual y entretenido! Este rompecabezas invita a los ni\u00f1os y ni\u00f1as a descubrir c\u00f3mo estamos formados a trav\u00e9s de ilustraciones claras y llenas de detalles. El dise\u00f1o est\u00e1 dividido en cuatro secciones educativas: el esqueleto, los m\u00fasculos, los \u00f3rganos y las partes del cuerpo. Cada una presenta [&hellip;]<\/p>\n","protected":false},"featured_media":27250,"comment_status":"open","ping_status":"closed","template":"","meta":{"site-sidebar-layout":"default","site-content-layout":"","ast-site-content-layout":"default","site-content-style":"default","site-sidebar-style":"default","ast-global-header-display":"","ast-banner-title-visibility":"","ast-main-header-display":"","ast-hfb-above-header-display":"","ast-hfb-below-header-display":"","ast-hfb-mobile-header-display":"","site-post-title":"","ast-breadcrumbs-content":"","ast-featured-img":"","footer-sml-layout":"","theme-transparent-header-meta":"default","adv-header-id-meta":"","stick-header-meta":"","header-above-stick-meta":"","header-main-stick-meta":"","header-below-stick-meta":"","astra-migrate-meta-layouts":"set","ast-page-background-enabled":"default","ast-page-background-meta":{"desktop":{"background-color":"","background-image":"","background-repeat":"repeat","background-position":"center center","background-size":"auto","background-attachment":"scroll","background-type":"","background-media":"","overlay-type":"","overlay-color":"","overlay-opacity":"","overlay-gradient":""},"tablet":{"background-color":"","background-image":"","background-repeat":"repeat","background-position":"center center","background-size":"auto","background-attachment":"scroll","background-type":"","background-media":"","overlay-type":"","overlay-color":"","overlay-opacity":"","overlay-gradient":""},"mobile":{"background-color":"","background-image":"","background-repeat":"repeat","background-position":"center center","background-size":"auto","background-attachment":"scroll","background-type":"","background-media":"","overlay-type":"","overlay-color":"","overlay-opacity":"","overlay-gradient":""}},"ast-content-background-meta":{"desktop":{"background-color":"var(--ast-global-color-5)","background-image":"","background-repeat":"repeat","background-position":"center center","background-size":"auto","background-attachment":"scroll","background-type":"","background-media":"","overlay-type":"","overlay-color":"","overlay-opacity":"","overlay-gradient":""},"tablet":{"background-color":"var(--ast-global-color-5)","background-image":"","background-repeat":"repeat","background-position":"center center","background-size":"auto","background-attachment":"scroll","background-type":"","background-media":"","overlay-type":"","overlay-color":"","overlay-opacity":"","overlay-gradient":""},"mobile":{"background-color":"var(--ast-global-color-5)","background-image":"","background-repeat":"repeat","background-position":"center center","background-size":"auto","background-attachment":"scroll","background-type":"","background-media":"","overlay-type":"","overlay-color":"","overlay-opacity":"","overlay-gradient":""}},"spay_email":""},"product_cat":[168,166,167,146,74,72],"product_tag":[],"_links":{"self":[{"href":"https:\/\/jugueterialudico.com.ar\/index.php?rest_route=\/wp\/v2\/product\/27249"}],"collection":[{"href":"https:\/\/jugueterialudico.com.ar\/index.php?rest_route=\/wp\/v2\/product"}],"about":[{"href":"https:\/\/jugueterialudico.com.ar\/index.php?rest_route=\/wp\/v2\/types\/product"}],"replies":[{"embeddable":true,"href":"https:\/\/jugueterialudico.com.ar\/index.php?rest_route=%2Fwp%2Fv2%2Fcomments&post=27249"}],"wp:featuredmedia":[{"embeddable":true,"href":"https:\/\/jugueterialudico.com.ar\/index.php?rest_route=\/wp\/v2\/media\/27250"}],"wp:attachment":[{"href":"https:\/\/jugueterialudico.com.ar\/index.php?rest_route=%2Fwp%2Fv2%2Fmedia&parent=27249"}],"wp:term":[{"taxonomy":"product_cat","embeddable":true,"href":"https:\/\/jugueterialudico.com.ar\/index.php?rest_route=%2Fwp%2Fv2%2Fproduct_cat&post=27249"},{"taxonomy":"product_tag","embeddable":true,"href":"https:\/\/jugueterialudico.com.ar\/index.php?rest_route=%2Fwp%2Fv2%2Fproduct_tag&post=27249"}],"curies":[{"name":"wp","href":"https:\/\/api.w.org\/{rel}","templated":true}]}}