{"id":27262,"date":"2025-12-27T17:48:25","date_gmt":"2025-12-27T20:48:25","guid":{"rendered":"https:\/\/jugueterialudico.com.ar\/?post_type=product&#038;p=27262"},"modified":"2026-02-23T16:38:25","modified_gmt":"2026-02-23T19:38:25","slug":"shampoobody-wash-2en1-069","status":"publish","type":"product","link":"https:\/\/jugueterialudico.com.ar\/?product=shampoobody-wash-2en1-069","title":{"rendered":"SHAMPOO+BODY WASH 2en1- 069"},"content":{"rendered":"<p>&nbsp;<\/p>\n<p><strong>Sin l\u00e1grimas.<\/strong><\/p>\n<p><strong>Es hipoalerg\u00e9nico y no contiene parabenos, sulfatos ni siliconas.<\/strong><\/p>\n<p><strong>Con extracto de manzanilla, cal\u00e9ndula, quassia amara y aloe vera.<\/strong><\/p>\n<p><strong>No testeado en animales \/ f\u00f3rmula vegana.<\/strong><\/p>\n<p><strong>Testeado dermatol\u00f3gica y oftalmol\u00f3gicamente.<\/strong><\/p>\n<p><strong>Apto para chicos a partir de los 3 a\u00f1os.<\/strong><\/p>\n<p>&nbsp;<\/p>\n<p><em>Forma de uso: aplic\u00e1 en cabello y cuerpo previamente humedecidos masajeando suavemente haciendo espuma. Retirar con abundante agua.<\/em><\/p>\n<p><em>Contenido neto: 150ml<\/em><\/p>\n<pre>Industria argentina<\/pre>\n","protected":false},"excerpt":{"rendered":"<h3><strong>Shampoo + Body wash<\/strong><\/h3>\n<h3><strong>Espuma 2 en 1<\/strong><\/h3>\n<p><strong>Este shampoo y jab\u00f3n en espuma 2 en 1 limpia y cuida el cabello y el cuerpo. Su f\u00f3rmula tiene una combinaci\u00f3n \u00fanica de extractos naturales que suavizan, calman, hidratan y protegen.<\/strong><\/p>\n<p><strong>Todo en un solo producto para que el ba\u00f1o sea m\u00e1s divertido y natural!<\/strong><\/p>\n<p>&nbsp;<\/p>\n","protected":false},"featured_media":27265,"comment_status":"open","ping_status":"closed","template":"","meta":{"site-sidebar-layout":"default","site-content-layout":"","ast-site-content-layout":"default","site-content-style":"default","site-sidebar-style":"default","ast-global-header-display":"","ast-banner-title-visibility":"","ast-main-header-display":"","ast-hfb-above-header-display":"","ast-hfb-below-header-display":"","ast-hfb-mobile-header-display":"","site-post-title":"","ast-breadcrumbs-content":"","ast-featured-img":"","footer-sml-layout":"","theme-transparent-header-meta":"default","adv-header-id-meta":"","stick-header-meta":"","header-above-stick-meta":"","header-main-stick-meta":"","header-below-stick-meta":"","astra-migrate-meta-layouts":"set","ast-page-background-enabled":"default","ast-page-background-meta":{"desktop":{"background-color":"","background-image":"","background-repeat":"repeat","background-position":"center center","background-size":"auto","background-attachment":"scroll","background-type":"","background-media":"","overlay-type":"","overlay-color":"","overlay-opacity":"","overlay-gradient":""},"tablet":{"background-color":"","background-image":"","background-repeat":"repeat","background-position":"center center","background-size":"auto","background-attachment":"scroll","background-type":"","background-media":"","overlay-type":"","overlay-color":"","overlay-opacity":"","overlay-gradient":""},"mobile":{"background-color":"","background-image":"","background-repeat":"repeat","background-position":"center center","background-size":"auto","background-attachment":"scroll","background-type":"","background-media":"","overlay-type":"","overlay-color":"","overlay-opacity":"","overlay-gradient":""}},"ast-content-background-meta":{"desktop":{"background-color":"var(--ast-global-color-5)","background-image":"","background-repeat":"repeat","background-position":"center center","background-size":"auto","background-attachment":"scroll","background-type":"","background-media":"","overlay-type":"","overlay-color":"","overlay-opacity":"","overlay-gradient":""},"tablet":{"background-color":"var(--ast-global-color-5)","background-image":"","background-repeat":"repeat","background-position":"center center","background-size":"auto","background-attachment":"scroll","background-type":"","background-media":"","overlay-type":"","overlay-color":"","overlay-opacity":"","overlay-gradient":""},"mobile":{"background-color":"var(--ast-global-color-5)","background-image":"","background-repeat":"repeat","background-position":"center center","background-size":"auto","background-attachment":"scroll","background-type":"","background-media":"","overlay-type":"","overlay-color":"","overlay-opacity":"","overlay-gradient":""}},"spay_email":""},"product_cat":[164,165,166,167,191,153,208],"product_tag":[],"_links":{"self":[{"href":"https:\/\/jugueterialudico.com.ar\/index.php?rest_route=\/wp\/v2\/product\/27262"}],"collection":[{"href":"https:\/\/jugueterialudico.com.ar\/index.php?rest_route=\/wp\/v2\/product"}],"about":[{"href":"https:\/\/jugueterialudico.com.ar\/index.php?rest_route=\/wp\/v2\/types\/product"}],"replies":[{"embeddable":true,"href":"https:\/\/jugueterialudico.com.ar\/index.php?rest_route=%2Fwp%2Fv2%2Fcomments&post=27262"}],"wp:featuredmedia":[{"embeddable":true,"href":"https:\/\/jugueterialudico.com.ar\/index.php?rest_route=\/wp\/v2\/media\/27265"}],"wp:attachment":[{"href":"https:\/\/jugueterialudico.com.ar\/index.php?rest_route=%2Fwp%2Fv2%2Fmedia&parent=27262"}],"wp:term":[{"taxonomy":"product_cat","embeddable":true,"href":"https:\/\/jugueterialudico.com.ar\/index.php?rest_route=%2Fwp%2Fv2%2Fproduct_cat&post=27262"},{"taxonomy":"product_tag","embeddable":true,"href":"https:\/\/jugueterialudico.com.ar\/index.php?rest_route=%2Fwp%2Fv2%2Fproduct_tag&post=27262"}],"curies":[{"name":"wp","href":"https:\/\/api.w.org\/{rel}","templated":true}]}}