{"id":27301,"date":"2026-01-12T19:04:41","date_gmt":"2026-01-12T22:04:41","guid":{"rendered":"https:\/\/jugueterialudico.com.ar\/?post_type=product&#038;p=27301"},"modified":"2026-02-12T15:50:30","modified_gmt":"2026-02-12T18:50:30","slug":"mi-valija-de-pictos-rutinas-011","status":"publish","type":"product","link":"https:\/\/jugueterialudico.com.ar\/?product=mi-valija-de-pictos-rutinas-011","title":{"rendered":"MI VALIJA DE PICTOS- RUTINAS *- 046"},"content":{"rendered":"<p><strong>Los pictogramas son signos dibujados que representan objetos o significados<\/strong><\/p>\n<p><strong>Son utilizados por ni\u00f1os con TEA y por todos aquellos que se ven beneficiados con la organizaci\u00f3n temporal y espacial.<\/strong><\/p>\n<p><strong>En casa, en el jard\u00edn, el cole o el consultorio, armar junto a las ni\u00f1as y ni\u00f1os la agenda con las actividades que van a realizarse durante la jornada puede resultar una actividad entretenida, al tiempo que los tranquiliza y les permite disfrutar el momento.<\/strong><\/p>\n<p>&nbsp;<\/p>\n<p><em>CONTENIDO DEL JUEGO:<\/em><\/p>\n<ul>\n<li><em>40 pictogramas imantados de 5 x 5 cm.<\/em><\/li>\n<li><em>1 tablero m\u00e1gnetico portatil de 45 x 10 cm.<\/em><\/li>\n<li><em>28 estrellas magn\u00e9ticas para tablero de recompensas<\/em><\/li>\n<li><em>24 actividades magn\u00e9ticas para tablero de recompensas<\/em><\/li>\n<li><em>1 marcador borrable<\/em><\/li>\n<\/ul>\n","protected":false},"excerpt":{"rendered":"<h3>Valijita imantada\u00a0 de pictogramas &#8211; Rutinas de la vida diaria<span style=\"color: #ff6600;\">*<\/span><\/h3>\n<p>Incluye:<\/p>\n<ul>\n<li>pizarra para escribir o dibujar<\/li>\n<li>agenda magn\u00e9tica plegable con 40 pictogramas<\/li>\n<li>tabla de recompensas<\/li>\n<\/ul>\n<p><span style=\"color: #ff6600;\"><strong>*viene en versi\u00f3n femenina o masculina (especificar al hacer la compra)<\/strong><\/span><\/p>\n<p>&nbsp;<\/p>\n","protected":false},"featured_media":27303,"comment_status":"open","ping_status":"closed","template":"","meta":{"site-sidebar-layout":"default","site-content-layout":"","ast-site-content-layout":"default","site-content-style":"default","site-sidebar-style":"default","ast-global-header-display":"","ast-banner-title-visibility":"","ast-main-header-display":"","ast-hfb-above-header-display":"","ast-hfb-below-header-display":"","ast-hfb-mobile-header-display":"","site-post-title":"","ast-breadcrumbs-content":"","ast-featured-img":"","footer-sml-layout":"","theme-transparent-header-meta":"default","adv-header-id-meta":"","stick-header-meta":"","header-above-stick-meta":"","header-main-stick-meta":"","header-below-stick-meta":"","astra-migrate-meta-layouts":"set","ast-page-background-enabled":"default","ast-page-background-meta":{"desktop":{"background-color":"","background-image":"","background-repeat":"repeat","background-position":"center center","background-size":"auto","background-attachment":"scroll","background-type":"","background-media":"","overlay-type":"","overlay-color":"","overlay-opacity":"","overlay-gradient":""},"tablet":{"background-color":"","background-image":"","background-repeat":"repeat","background-position":"center center","background-size":"auto","background-attachment":"scroll","background-type":"","background-media":"","overlay-type":"","overlay-color":"","overlay-opacity":"","overlay-gradient":""},"mobile":{"background-color":"","background-image":"","background-repeat":"repeat","background-position":"center center","background-size":"auto","background-attachment":"scroll","background-type":"","background-media":"","overlay-type":"","overlay-color":"","overlay-opacity":"","overlay-gradient":""}},"ast-content-background-meta":{"desktop":{"background-color":"var(--ast-global-color-5)","background-image":"","background-repeat":"repeat","background-position":"center center","background-size":"auto","background-attachment":"scroll","background-type":"","background-media":"","overlay-type":"","overlay-color":"","overlay-opacity":"","overlay-gradient":""},"tablet":{"background-color":"var(--ast-global-color-5)","background-image":"","background-repeat":"repeat","background-position":"center center","background-size":"auto","background-attachment":"scroll","background-type":"","background-media":"","overlay-type":"","overlay-color":"","overlay-opacity":"","overlay-gradient":""},"mobile":{"background-color":"var(--ast-global-color-5)","background-image":"","background-repeat":"repeat","background-position":"center center","background-size":"auto","background-attachment":"scroll","background-type":"","background-media":"","overlay-type":"","overlay-color":"","overlay-opacity":"","overlay-gradient":""}},"spay_email":""},"product_cat":[165,166,167,146,158,208],"product_tag":[],"_links":{"self":[{"href":"https:\/\/jugueterialudico.com.ar\/index.php?rest_route=\/wp\/v2\/product\/27301"}],"collection":[{"href":"https:\/\/jugueterialudico.com.ar\/index.php?rest_route=\/wp\/v2\/product"}],"about":[{"href":"https:\/\/jugueterialudico.com.ar\/index.php?rest_route=\/wp\/v2\/types\/product"}],"replies":[{"embeddable":true,"href":"https:\/\/jugueterialudico.com.ar\/index.php?rest_route=%2Fwp%2Fv2%2Fcomments&post=27301"}],"wp:featuredmedia":[{"embeddable":true,"href":"https:\/\/jugueterialudico.com.ar\/index.php?rest_route=\/wp\/v2\/media\/27303"}],"wp:attachment":[{"href":"https:\/\/jugueterialudico.com.ar\/index.php?rest_route=%2Fwp%2Fv2%2Fmedia&parent=27301"}],"wp:term":[{"taxonomy":"product_cat","embeddable":true,"href":"https:\/\/jugueterialudico.com.ar\/index.php?rest_route=%2Fwp%2Fv2%2Fproduct_cat&post=27301"},{"taxonomy":"product_tag","embeddable":true,"href":"https:\/\/jugueterialudico.com.ar\/index.php?rest_route=%2Fwp%2Fv2%2Fproduct_tag&post=27301"}],"curies":[{"name":"wp","href":"https:\/\/api.w.org\/{rel}","templated":true}]}}