{"id":27314,"date":"2026-01-30T15:56:14","date_gmt":"2026-01-30T18:56:14","guid":{"rendered":"https:\/\/jugueterialudico.com.ar\/?post_type=product&#038;p=27314"},"modified":"2026-02-07T10:51:59","modified_gmt":"2026-02-07T13:51:59","slug":"exploding-kittens-ed-original-104","status":"publish","type":"product","link":"https:\/\/jugueterialudico.com.ar\/?product=exploding-kittens-ed-original-104","title":{"rendered":"EXPLODING KITTENS ED. ORIGINAL &#8211; 104"},"content":{"rendered":"<h3><strong>Exploding Kittens &#8211; Edici\u00f3n Original (Espa\u00f1ol)<\/strong><\/h3>\n<p><strong>Traicion\u00e1 a tus amigos, intent\u00e1 no explotar. Un juego de cartas para los amantes de los gatos y de las explosiones.<\/strong><\/p>\n<p><strong>Elimin\u00e1 a todos hasta que consigas ser el \u00faltimo jugador que ha sobrevivido al temible ataque de los gatos explosivos. Tom\u00e1 cartas hasta que alguien explote con un Exploding Kitten. Traicion\u00e1 a tus amigos, evit\u00e1 explotar\u2026 \u00a1Y s\u00e9 el \u00faltimo sobreviviente para ganar!<\/strong><\/p>\n<p>&nbsp;<\/p>\n<p><strong>Editorial: Top Toys<\/strong><\/p>\n<p><strong>Edad: 7 a\u00f1os<\/strong><\/p>\n<p><strong>Jugadores: 2 a 5<\/strong><\/p>\n<p><strong>Tiempo: 10-25 minutos<\/strong><\/p>\n","protected":false},"excerpt":{"rendered":"<h2>Un juego de cartas para los amantes de los gatos<\/h2>\n<p>&nbsp;<\/p>\n<h3>y de las explosiones<\/h3>\n<p>&nbsp;<\/p>\n<h4>y de los rayos l\u00e1ser<\/h4>\n<p>&nbsp;<\/p>\n<h6>y tambi\u00e9n de las cabras<\/h6>\n","protected":false},"featured_media":27316,"comment_status":"open","ping_status":"closed","template":"","meta":{"site-sidebar-layout":"default","site-content-layout":"","ast-site-content-layout":"default","site-content-style":"default","site-sidebar-style":"default","ast-global-header-display":"","ast-banner-title-visibility":"","ast-main-header-display":"","ast-hfb-above-header-display":"","ast-hfb-below-header-display":"","ast-hfb-mobile-header-display":"","site-post-title":"","ast-breadcrumbs-content":"","ast-featured-img":"","footer-sml-layout":"","theme-transparent-header-meta":"default","adv-header-id-meta":"","stick-header-meta":"","header-above-stick-meta":"","header-main-stick-meta":"","header-below-stick-meta":"","astra-migrate-meta-layouts":"set","ast-page-background-enabled":"default","ast-page-background-meta":{"desktop":{"background-color":"","background-image":"","background-repeat":"repeat","background-position":"center center","background-size":"auto","background-attachment":"scroll","background-type":"","background-media":"","overlay-type":"","overlay-color":"","overlay-opacity":"","overlay-gradient":""},"tablet":{"background-color":"","background-image":"","background-repeat":"repeat","background-position":"center center","background-size":"auto","background-attachment":"scroll","background-type":"","background-media":"","overlay-type":"","overlay-color":"","overlay-opacity":"","overlay-gradient":""},"mobile":{"background-color":"","background-image":"","background-repeat":"repeat","background-position":"center center","background-size":"auto","background-attachment":"scroll","background-type":"","background-media":"","overlay-type":"","overlay-color":"","overlay-opacity":"","overlay-gradient":""}},"ast-content-background-meta":{"desktop":{"background-color":"var(--ast-global-color-5)","background-image":"","background-repeat":"repeat","background-position":"center center","background-size":"auto","background-attachment":"scroll","background-type":"","background-media":"","overlay-type":"","overlay-color":"","overlay-opacity":"","overlay-gradient":""},"tablet":{"background-color":"var(--ast-global-color-5)","background-image":"","background-repeat":"repeat","background-position":"center center","background-size":"auto","background-attachment":"scroll","background-type":"","background-media":"","overlay-type":"","overlay-color":"","overlay-opacity":"","overlay-gradient":""},"mobile":{"background-color":"var(--ast-global-color-5)","background-image":"","background-repeat":"repeat","background-position":"center center","background-size":"auto","background-attachment":"scroll","background-type":"","background-media":"","overlay-type":"","overlay-color":"","overlay-opacity":"","overlay-gradient":""}},"spay_email":""},"product_cat":[168,167,74,208],"product_tag":[],"_links":{"self":[{"href":"https:\/\/jugueterialudico.com.ar\/index.php?rest_route=\/wp\/v2\/product\/27314"}],"collection":[{"href":"https:\/\/jugueterialudico.com.ar\/index.php?rest_route=\/wp\/v2\/product"}],"about":[{"href":"https:\/\/jugueterialudico.com.ar\/index.php?rest_route=\/wp\/v2\/types\/product"}],"replies":[{"embeddable":true,"href":"https:\/\/jugueterialudico.com.ar\/index.php?rest_route=%2Fwp%2Fv2%2Fcomments&post=27314"}],"wp:featuredmedia":[{"embeddable":true,"href":"https:\/\/jugueterialudico.com.ar\/index.php?rest_route=\/wp\/v2\/media\/27316"}],"wp:attachment":[{"href":"https:\/\/jugueterialudico.com.ar\/index.php?rest_route=%2Fwp%2Fv2%2Fmedia&parent=27314"}],"wp:term":[{"taxonomy":"product_cat","embeddable":true,"href":"https:\/\/jugueterialudico.com.ar\/index.php?rest_route=%2Fwp%2Fv2%2Fproduct_cat&post=27314"},{"taxonomy":"product_tag","embeddable":true,"href":"https:\/\/jugueterialudico.com.ar\/index.php?rest_route=%2Fwp%2Fv2%2Fproduct_tag&post=27314"}],"curies":[{"name":"wp","href":"https:\/\/api.w.org\/{rel}","templated":true}]}}