{"id":27329,"date":"2026-02-26T17:39:19","date_gmt":"2026-02-26T20:39:19","guid":{"rendered":"https:\/\/jugueterialudico.com.ar\/?post_type=product&#038;p=27329"},"modified":"2026-02-26T17:44:18","modified_gmt":"2026-02-26T20:44:18","slug":"casa-del-raton-perez-177","status":"publish","type":"product","link":"https:\/\/jugueterialudico.com.ar\/?product=casa-del-raton-perez-177","title":{"rendered":"CASA DEL RAT\u00d3N P\u00c9REZ &#8211; 177"},"content":{"rendered":"<p><strong>INCLUYE:<\/strong><\/p>\n<ul>\n<li><strong>Casa desplegable ilustrada <\/strong><\/li>\n<li><strong>5 ratoncitos de tela ilustrados <\/strong><\/li>\n<li><strong>Muebles para armar <\/strong><\/li>\n<li><strong>Accesorios para jugar en cart\u00f3n r\u00edgido ilustrado \u00a0(mini libros, platos de comida, bici, plantas)<\/strong><\/li>\n<li><strong>Cuenta cuento para escuchar en QR y grabado en estudio.<\/strong><\/li>\n<\/ul>\n<p>&nbsp;<\/p>\n<p><strong>MEDIDAS:<\/strong><\/p>\n<p><strong>Casita cerrada 27 cm x 15cm \u00a0x 15cm<\/strong><\/p>\n<p><strong>Casa abierta: 27 cm x 42 cm x 32 cm\u00a0<\/strong><\/p>\n<p>&nbsp;<\/p>\n<p><strong>MATERIALES:<\/strong><\/p>\n<ul>\n<li><strong>TRIPLE CART\u00d3N PRENSADO LAMINADO : Casa y muebles<\/strong><\/li>\n<li><strong>MADERA: Marco de ventana, puerta y picaporte<\/strong><\/li>\n<li><strong>FIELTRO DE LANA: Alfombra<\/strong><\/li>\n<li><strong>MICROFIBRA Y VELL\u00d3N HIPOALERG\u00c9NICO: Familia ratona<\/strong><\/li>\n<\/ul>\n<p>&nbsp;<\/p>\n<blockquote><p><strong><em>\u00bfEntramos?<\/em><\/strong><\/p><\/blockquote>\n","protected":false},"excerpt":{"rendered":"<h3>\u00bfQu\u00e9 tal si existiese una casa desplegable que tiene una ventana al cielo&#8230; muebles para construir y ambientes para visitar &#8230;? \u00bfQu\u00e9 tal si adem\u00e1s en el interior encontrar\u00e1n m\u00e1s de 10 accesorios para jugar e incluso mini libritos&#8230;. \u00bfY si \u00a0estuviese el famoso y amoroso Don Perez y su familia? incluso tal vez un m\u00e1gico cuento para escuchar&#8230;<\/h3>\n<p>&nbsp;<\/p>\n<h4>\u00bfYa te imagin\u00e1s su carita al recibirla?<\/h4>\n<p>&nbsp;<\/p>\n<p><strong>Nuestra casita del Rat\u00f3n Perez y familia es:<\/strong><\/p>\n<p><strong>\u2728 Una propuesta de juguete\/ cuento Eco friendly\u00a0<\/strong><\/p>\n<p><strong>\u2728 Una casa de ratones ilustrada\u00a0<\/strong><\/p>\n<p><strong>\u2728 Un juego esc\u00e9nico\u00a0<\/strong><\/p>\n<p><strong>\u2728 Una obra de arte\u00a0<\/strong><\/p>\n<p><strong>\u2728 Un cuento maravilloso para escuchar .<\/strong><\/p>\n<p><strong>\u2728 Un familia de ratones de tela.<\/strong><\/p>\n<p><strong>\u2728Un espacio para decorar, cambiar y re invitar\u00a0<\/strong><\/p>\n<p><strong>\u2728Una forma de hablar del cuidado de los dientes de forma l\u00fadica\u00a0<\/strong><\/p>\n<p><strong>\u2728Un medio para fortalecer nuestras tradiciones locales infantiles , un absoluto tesoro para las infancias .<\/strong><\/p>\n","protected":false},"featured_media":27341,"comment_status":"open","ping_status":"closed","template":"","meta":{"site-sidebar-layout":"default","site-content-layout":"","ast-site-content-layout":"default","site-content-style":"default","site-sidebar-style":"default","ast-global-header-display":"","ast-banner-title-visibility":"","ast-main-header-display":"","ast-hfb-above-header-display":"","ast-hfb-below-header-display":"","ast-hfb-mobile-header-display":"","site-post-title":"","ast-breadcrumbs-content":"","ast-featured-img":"","footer-sml-layout":"","theme-transparent-header-meta":"default","adv-header-id-meta":"","stick-header-meta":"","header-above-stick-meta":"","header-main-stick-meta":"","header-below-stick-meta":"","astra-migrate-meta-layouts":"set","ast-page-background-enabled":"default","ast-page-background-meta":{"desktop":{"background-color":"","background-image":"","background-repeat":"repeat","background-position":"center center","background-size":"auto","background-attachment":"scroll","background-type":"","background-media":"","overlay-type":"","overlay-color":"","overlay-opacity":"","overlay-gradient":""},"tablet":{"background-color":"","background-image":"","background-repeat":"repeat","background-position":"center center","background-size":"auto","background-attachment":"scroll","background-type":"","background-media":"","overlay-type":"","overlay-color":"","overlay-opacity":"","overlay-gradient":""},"mobile":{"background-color":"","background-image":"","background-repeat":"repeat","background-position":"center center","background-size":"auto","background-attachment":"scroll","background-type":"","background-media":"","overlay-type":"","overlay-color":"","overlay-opacity":"","overlay-gradient":""}},"ast-content-background-meta":{"desktop":{"background-color":"var(--ast-global-color-5)","background-image":"","background-repeat":"repeat","background-position":"center center","background-size":"auto","background-attachment":"scroll","background-type":"","background-media":"","overlay-type":"","overlay-color":"","overlay-opacity":"","overlay-gradient":""},"tablet":{"background-color":"var(--ast-global-color-5)","background-image":"","background-repeat":"repeat","background-position":"center center","background-size":"auto","background-attachment":"scroll","background-type":"","background-media":"","overlay-type":"","overlay-color":"","overlay-opacity":"","overlay-gradient":""},"mobile":{"background-color":"var(--ast-global-color-5)","background-image":"","background-repeat":"repeat","background-position":"center center","background-size":"auto","background-attachment":"scroll","background-type":"","background-media":"","overlay-type":"","overlay-color":"","overlay-opacity":"","overlay-gradient":""}},"spay_email":""},"product_cat":[18,164,165,166,151,197,76,208],"product_tag":[],"_links":{"self":[{"href":"https:\/\/jugueterialudico.com.ar\/index.php?rest_route=\/wp\/v2\/product\/27329"}],"collection":[{"href":"https:\/\/jugueterialudico.com.ar\/index.php?rest_route=\/wp\/v2\/product"}],"about":[{"href":"https:\/\/jugueterialudico.com.ar\/index.php?rest_route=\/wp\/v2\/types\/product"}],"replies":[{"embeddable":true,"href":"https:\/\/jugueterialudico.com.ar\/index.php?rest_route=%2Fwp%2Fv2%2Fcomments&post=27329"}],"wp:featuredmedia":[{"embeddable":true,"href":"https:\/\/jugueterialudico.com.ar\/index.php?rest_route=\/wp\/v2\/media\/27341"}],"wp:attachment":[{"href":"https:\/\/jugueterialudico.com.ar\/index.php?rest_route=%2Fwp%2Fv2%2Fmedia&parent=27329"}],"wp:term":[{"taxonomy":"product_cat","embeddable":true,"href":"https:\/\/jugueterialudico.com.ar\/index.php?rest_route=%2Fwp%2Fv2%2Fproduct_cat&post=27329"},{"taxonomy":"product_tag","embeddable":true,"href":"https:\/\/jugueterialudico.com.ar\/index.php?rest_route=%2Fwp%2Fv2%2Fproduct_tag&post=27329"}],"curies":[{"name":"wp","href":"https:\/\/api.w.org\/{rel}","templated":true}]}}