{"id":27446,"date":"2026-03-17T12:57:54","date_gmt":"2026-03-17T15:57:54","guid":{"rendered":"https:\/\/jugueterialudico.com.ar\/?post_type=product&#038;p=27446"},"modified":"2026-04-29T12:19:15","modified_gmt":"2026-04-29T15:19:15","slug":"ludo-de-la-selva-011","status":"publish","type":"product","link":"https:\/\/jugueterialudico.com.ar\/?product=ludo-de-la-selva-011","title":{"rendered":"LUDO DE LA SELVA &#8211; 011"},"content":{"rendered":"<p><strong>\u00bfC\u00f3mo se juega?<\/strong><\/p>\n<ul>\n<li>De 2 a 4 jugadores.<\/li>\n<li>Cada uno elige sus animales y comienza desde su base.<\/li>\n<li>Se avanza seg\u00fan lo que indique el dado.<\/li>\n<li>Las piezas recorren el tablero hasta llegar a los casilleros finales.<\/li>\n<li>Gana quien logra ubicar primero sus 4 animales en la llegada.<\/li>\n<\/ul>\n<p>Din\u00e1mico, simple y f\u00e1cil de entender para ni\u00f1os a partir de los 4 a\u00f1os.<\/p>\n<p>&nbsp;<\/p>\n<p><strong>Beneficios del juego<\/strong><\/p>\n<ul>\n<li>Favorece el aprendizaje de colores y conteo<\/li>\n<li>Trabaja la socializaci\u00f3n y el respeto de turnos<\/li>\n<li>Estimula la motricidad fina<\/li>\n<li>Desarrolla la memoria visual<\/li>\n<li>Promueve la paciencia y la tolerancia a la frustraci\u00f3n<\/li>\n<\/ul>\n","protected":false},"excerpt":{"rendered":"<h5>LUDO DE LA SELVA<\/h5>\n<p><strong>Un juego de mesa lleno de color y animales que invita a compartir, contar y avanzar casillero a casillero hasta llegar a casa.<\/strong><\/p>\n<p><strong>Cada jugador elige su grupo de animales y comienza una carrera por el tablero. Tirar el dado, salir al camino y avanzar estrat\u00e9gicamente ser\u00e1 clave para lograr que las cuatro piezas lleguen primero a la meta.<\/strong><\/p>\n<p><strong>Ideal para jugar en familia y acompa\u00f1ar el desarrollo de los m\u00e1s chicos de forma divertida.<\/strong><\/p>\n","protected":false},"featured_media":27447,"comment_status":"open","ping_status":"closed","template":"","meta":{"site-sidebar-layout":"default","site-content-layout":"","ast-site-content-layout":"default","site-content-style":"default","site-sidebar-style":"default","ast-global-header-display":"","ast-banner-title-visibility":"","ast-main-header-display":"","ast-hfb-above-header-display":"","ast-hfb-below-header-display":"","ast-hfb-mobile-header-display":"","site-post-title":"","ast-breadcrumbs-content":"","ast-featured-img":"","footer-sml-layout":"","theme-transparent-header-meta":"default","adv-header-id-meta":"","stick-header-meta":"","header-above-stick-meta":"","header-main-stick-meta":"","header-below-stick-meta":"","astra-migrate-meta-layouts":"set","ast-page-background-enabled":"default","ast-page-background-meta":{"desktop":{"background-color":"","background-image":"","background-repeat":"repeat","background-position":"center center","background-size":"auto","background-attachment":"scroll","background-type":"","background-media":"","overlay-type":"","overlay-color":"","overlay-opacity":"","overlay-gradient":""},"tablet":{"background-color":"","background-image":"","background-repeat":"repeat","background-position":"center center","background-size":"auto","background-attachment":"scroll","background-type":"","background-media":"","overlay-type":"","overlay-color":"","overlay-opacity":"","overlay-gradient":""},"mobile":{"background-color":"","background-image":"","background-repeat":"repeat","background-position":"center center","background-size":"auto","background-attachment":"scroll","background-type":"","background-media":"","overlay-type":"","overlay-color":"","overlay-opacity":"","overlay-gradient":""}},"ast-content-background-meta":{"desktop":{"background-color":"var(--ast-global-color-5)","background-image":"","background-repeat":"repeat","background-position":"center center","background-size":"auto","background-attachment":"scroll","background-type":"","background-media":"","overlay-type":"","overlay-color":"","overlay-opacity":"","overlay-gradient":""},"tablet":{"background-color":"var(--ast-global-color-5)","background-image":"","background-repeat":"repeat","background-position":"center center","background-size":"auto","background-attachment":"scroll","background-type":"","background-media":"","overlay-type":"","overlay-color":"","overlay-opacity":"","overlay-gradient":""},"mobile":{"background-color":"var(--ast-global-color-5)","background-image":"","background-repeat":"repeat","background-position":"center center","background-size":"auto","background-attachment":"scroll","background-type":"","background-media":"","overlay-type":"","overlay-color":"","overlay-opacity":"","overlay-gradient":""}},"spay_email":""},"product_cat":[165,166,167,151,93,74,208],"product_tag":[],"_links":{"self":[{"href":"https:\/\/jugueterialudico.com.ar\/index.php?rest_route=\/wp\/v2\/product\/27446"}],"collection":[{"href":"https:\/\/jugueterialudico.com.ar\/index.php?rest_route=\/wp\/v2\/product"}],"about":[{"href":"https:\/\/jugueterialudico.com.ar\/index.php?rest_route=\/wp\/v2\/types\/product"}],"replies":[{"embeddable":true,"href":"https:\/\/jugueterialudico.com.ar\/index.php?rest_route=%2Fwp%2Fv2%2Fcomments&post=27446"}],"wp:featuredmedia":[{"embeddable":true,"href":"https:\/\/jugueterialudico.com.ar\/index.php?rest_route=\/wp\/v2\/media\/27447"}],"wp:attachment":[{"href":"https:\/\/jugueterialudico.com.ar\/index.php?rest_route=%2Fwp%2Fv2%2Fmedia&parent=27446"}],"wp:term":[{"taxonomy":"product_cat","embeddable":true,"href":"https:\/\/jugueterialudico.com.ar\/index.php?rest_route=%2Fwp%2Fv2%2Fproduct_cat&post=27446"},{"taxonomy":"product_tag","embeddable":true,"href":"https:\/\/jugueterialudico.com.ar\/index.php?rest_route=%2Fwp%2Fv2%2Fproduct_tag&post=27446"}],"curies":[{"name":"wp","href":"https:\/\/api.w.org\/{rel}","templated":true}]}}