{"id":27460,"date":"2026-03-20T12:42:27","date_gmt":"2026-03-20T15:42:27","guid":{"rendered":"https:\/\/jugueterialudico.com.ar\/?post_type=product&#038;p=27460"},"modified":"2026-04-28T18:17:04","modified_gmt":"2026-04-28T21:17:04","slug":"la-pregunta-incomoda-011","status":"publish","type":"product","link":"https:\/\/jugueterialudico.com.ar\/?product=la-pregunta-incomoda-011","title":{"rendered":"LA PREGUNTA INCOMODA &#8211; 011"},"content":{"rendered":"<h4>Conversaciones poderosas para que directivos piensen, revisen y decidan junto a sus equipos docentes.<\/h4>\n<p>&nbsp;<\/p>\n<p>&nbsp;<\/p>\n","protected":false},"excerpt":{"rendered":"<p><strong>Un juego de Laura Lewin. Especialista en Educaci\u00f3n. Autora, capacitadora, Oradora TEDx.<\/strong><\/p>\n<p><strong>\u00bfTe anim\u00e1s a liderar las conversaciones que tu escuela necesita?\u00a0<\/strong><\/p>\n<p><strong>Gestionar una escuela es, sobre todo, liderar conversaciones. La Pregunta Inc\u00f3moda es la herramienta estrat\u00e9gica para directivos que buscan transformar la cultura de su instituci\u00f3n.\u00a0<\/strong><\/p>\n<p><strong>Este mazo activa encuentros potentes en reuniones de personal y jornadas institucionales.\u00a0<\/strong><\/p>\n<p><strong>\u2022 Desafi\u00e1 el \u00absiempre se hizo as\u00ed\u00bb.\u00a0<\/strong><\/p>\n<p><strong>\u2022 Habilit\u00e1 los temas que se suelen evitar.<\/strong><\/p>\n<p><strong>\u2022 Constru\u00ed acuerdos y decisiones reales.\u00a0<\/strong><\/p>\n<p><strong><em>Cuando las preguntas cambian, la escuela tambi\u00e9n cambia.<\/em><\/strong><\/p>\n","protected":false},"featured_media":27461,"comment_status":"open","ping_status":"closed","template":"","meta":{"site-sidebar-layout":"default","site-content-layout":"","ast-site-content-layout":"default","site-content-style":"default","site-sidebar-style":"default","ast-global-header-display":"","ast-banner-title-visibility":"","ast-main-header-display":"","ast-hfb-above-header-display":"","ast-hfb-below-header-display":"","ast-hfb-mobile-header-display":"","site-post-title":"","ast-breadcrumbs-content":"","ast-featured-img":"","footer-sml-layout":"","theme-transparent-header-meta":"default","adv-header-id-meta":"","stick-header-meta":"","header-above-stick-meta":"","header-main-stick-meta":"","header-below-stick-meta":"","astra-migrate-meta-layouts":"set","ast-page-background-enabled":"default","ast-page-background-meta":{"desktop":{"background-color":"","background-image":"","background-repeat":"repeat","background-position":"center center","background-size":"auto","background-attachment":"scroll","background-type":"","background-media":"","overlay-type":"","overlay-color":"","overlay-opacity":"","overlay-gradient":""},"tablet":{"background-color":"","background-image":"","background-repeat":"repeat","background-position":"center center","background-size":"auto","background-attachment":"scroll","background-type":"","background-media":"","overlay-type":"","overlay-color":"","overlay-opacity":"","overlay-gradient":""},"mobile":{"background-color":"","background-image":"","background-repeat":"repeat","background-position":"center center","background-size":"auto","background-attachment":"scroll","background-type":"","background-media":"","overlay-type":"","overlay-color":"","overlay-opacity":"","overlay-gradient":""}},"ast-content-background-meta":{"desktop":{"background-color":"var(--ast-global-color-5)","background-image":"","background-repeat":"repeat","background-position":"center center","background-size":"auto","background-attachment":"scroll","background-type":"","background-media":"","overlay-type":"","overlay-color":"","overlay-opacity":"","overlay-gradient":""},"tablet":{"background-color":"var(--ast-global-color-5)","background-image":"","background-repeat":"repeat","background-position":"center center","background-size":"auto","background-attachment":"scroll","background-type":"","background-media":"","overlay-type":"","overlay-color":"","overlay-opacity":"","overlay-gradient":""},"mobile":{"background-color":"var(--ast-global-color-5)","background-image":"","background-repeat":"repeat","background-position":"center center","background-size":"auto","background-attachment":"scroll","background-type":"","background-media":"","overlay-type":"","overlay-color":"","overlay-opacity":"","overlay-gradient":""}},"spay_email":""},"product_cat":[185,74],"product_tag":[],"_links":{"self":[{"href":"https:\/\/jugueterialudico.com.ar\/index.php?rest_route=\/wp\/v2\/product\/27460"}],"collection":[{"href":"https:\/\/jugueterialudico.com.ar\/index.php?rest_route=\/wp\/v2\/product"}],"about":[{"href":"https:\/\/jugueterialudico.com.ar\/index.php?rest_route=\/wp\/v2\/types\/product"}],"replies":[{"embeddable":true,"href":"https:\/\/jugueterialudico.com.ar\/index.php?rest_route=%2Fwp%2Fv2%2Fcomments&post=27460"}],"wp:featuredmedia":[{"embeddable":true,"href":"https:\/\/jugueterialudico.com.ar\/index.php?rest_route=\/wp\/v2\/media\/27461"}],"wp:attachment":[{"href":"https:\/\/jugueterialudico.com.ar\/index.php?rest_route=%2Fwp%2Fv2%2Fmedia&parent=27460"}],"wp:term":[{"taxonomy":"product_cat","embeddable":true,"href":"https:\/\/jugueterialudico.com.ar\/index.php?rest_route=%2Fwp%2Fv2%2Fproduct_cat&post=27460"},{"taxonomy":"product_tag","embeddable":true,"href":"https:\/\/jugueterialudico.com.ar\/index.php?rest_route=%2Fwp%2Fv2%2Fproduct_tag&post=27460"}],"curies":[{"name":"wp","href":"https:\/\/api.w.org\/{rel}","templated":true}]}}