{"id":27465,"date":"2026-03-26T10:42:27","date_gmt":"2026-03-26T13:42:27","guid":{"rendered":"https:\/\/jugueterialudico.com.ar\/?post_type=product&#038;p=27465"},"modified":"2026-03-26T10:45:37","modified_gmt":"2026-03-26T13:45:37","slug":"coco-va-al-jardin-142","status":"publish","type":"product","link":"https:\/\/jugueterialudico.com.ar\/?product=coco-va-al-jardin-142","title":{"rendered":"COCO VA AL JARDIN &#8211; 142"},"content":{"rendered":"<p>COCO VA AL JARDIN &#8211; LILIANA CINETTO<\/p>\n<p>Ilustrado por Laura Aguerrebehere<\/p>\n<p>&nbsp;<\/p>\n<p>Lleg\u00f3 el primer d\u00eda de Jard\u00edn para Coco. Su mam\u00e1 lo lleva, muy contenta, pero \u00e9l no parece tan feliz como ella. \u00bfLe gustar\u00e1 a Coco el Jard\u00edn? \u00bfO querr\u00e1 volver a casa con su mam\u00e1? Una historia para acompa\u00f1ar a los m\u00e1s peque\u00f1os en su primer d\u00eda de Jard\u00edn, con ternura y mucho humor.<\/p>\n<p>&nbsp;<\/p>\n<p>&nbsp;<\/p>\n","protected":false},"excerpt":{"rendered":"<p>COCO VA AL JARDIN &#8211; LILIANA CINETTO Ilustrado por Laura Aguerrebehere &nbsp; Lleg\u00f3 el primer d\u00eda de Jard\u00edn para Coco. Su mam\u00e1 lo lleva, muy contenta, pero \u00e9l no parece tan feliz como ella. \u00bfLe gustar\u00e1 a Coco el Jard\u00edn? \u00bfO querr\u00e1 volver a casa con su mam\u00e1? Una historia para acompa\u00f1ar a los m\u00e1s [&hellip;]<\/p>\n","protected":false},"featured_media":27467,"comment_status":"open","ping_status":"closed","template":"","meta":{"site-sidebar-layout":"default","site-content-layout":"","ast-site-content-layout":"default","site-content-style":"default","site-sidebar-style":"default","ast-global-header-display":"","ast-banner-title-visibility":"","ast-main-header-display":"","ast-hfb-above-header-display":"","ast-hfb-below-header-display":"","ast-hfb-mobile-header-display":"","site-post-title":"","ast-breadcrumbs-content":"","ast-featured-img":"","footer-sml-layout":"","theme-transparent-header-meta":"default","adv-header-id-meta":"","stick-header-meta":"","header-above-stick-meta":"","header-main-stick-meta":"","header-below-stick-meta":"","astra-migrate-meta-layouts":"set","ast-page-background-enabled":"default","ast-page-background-meta":{"desktop":{"background-color":"","background-image":"","background-repeat":"repeat","background-position":"center center","background-size":"auto","background-attachment":"scroll","background-type":"","background-media":"","overlay-type":"","overlay-color":"","overlay-opacity":"","overlay-gradient":""},"tablet":{"background-color":"","background-image":"","background-repeat":"repeat","background-position":"center center","background-size":"auto","background-attachment":"scroll","background-type":"","background-media":"","overlay-type":"","overlay-color":"","overlay-opacity":"","overlay-gradient":""},"mobile":{"background-color":"","background-image":"","background-repeat":"repeat","background-position":"center center","background-size":"auto","background-attachment":"scroll","background-type":"","background-media":"","overlay-type":"","overlay-color":"","overlay-opacity":"","overlay-gradient":""}},"ast-content-background-meta":{"desktop":{"background-color":"var(--ast-global-color-5)","background-image":"","background-repeat":"repeat","background-position":"center center","background-size":"auto","background-attachment":"scroll","background-type":"","background-media":"","overlay-type":"","overlay-color":"","overlay-opacity":"","overlay-gradient":""},"tablet":{"background-color":"var(--ast-global-color-5)","background-image":"","background-repeat":"repeat","background-position":"center center","background-size":"auto","background-attachment":"scroll","background-type":"","background-media":"","overlay-type":"","overlay-color":"","overlay-opacity":"","overlay-gradient":""},"mobile":{"background-color":"var(--ast-global-color-5)","background-image":"","background-repeat":"repeat","background-position":"center center","background-size":"auto","background-attachment":"scroll","background-type":"","background-media":"","overlay-type":"","overlay-color":"","overlay-opacity":"","overlay-gradient":""}},"spay_email":""},"product_cat":[163,164,146,196,145],"product_tag":[],"_links":{"self":[{"href":"https:\/\/jugueterialudico.com.ar\/index.php?rest_route=\/wp\/v2\/product\/27465"}],"collection":[{"href":"https:\/\/jugueterialudico.com.ar\/index.php?rest_route=\/wp\/v2\/product"}],"about":[{"href":"https:\/\/jugueterialudico.com.ar\/index.php?rest_route=\/wp\/v2\/types\/product"}],"replies":[{"embeddable":true,"href":"https:\/\/jugueterialudico.com.ar\/index.php?rest_route=%2Fwp%2Fv2%2Fcomments&post=27465"}],"wp:featuredmedia":[{"embeddable":true,"href":"https:\/\/jugueterialudico.com.ar\/index.php?rest_route=\/wp\/v2\/media\/27467"}],"wp:attachment":[{"href":"https:\/\/jugueterialudico.com.ar\/index.php?rest_route=%2Fwp%2Fv2%2Fmedia&parent=27465"}],"wp:term":[{"taxonomy":"product_cat","embeddable":true,"href":"https:\/\/jugueterialudico.com.ar\/index.php?rest_route=%2Fwp%2Fv2%2Fproduct_cat&post=27465"},{"taxonomy":"product_tag","embeddable":true,"href":"https:\/\/jugueterialudico.com.ar\/index.php?rest_route=%2Fwp%2Fv2%2Fproduct_tag&post=27465"}],"curies":[{"name":"wp","href":"https:\/\/api.w.org\/{rel}","templated":true}]}}