{"id":27470,"date":"2026-03-26T10:50:07","date_gmt":"2026-03-26T13:50:07","guid":{"rendered":"https:\/\/jugueterialudico.com.ar\/?post_type=product&#038;p=27470"},"modified":"2026-03-26T10:50:07","modified_gmt":"2026-03-26T13:50:07","slug":"coco-no-usa-mas-panales-142","status":"publish","type":"product","link":"https:\/\/jugueterialudico.com.ar\/?product=coco-no-usa-mas-panales-142","title":{"rendered":"Coco no usa m\u00e1s pa\u00f1ales &#8211; 142"},"content":{"rendered":"<p>Coco no usa m\u00e1s pa\u00f1ales, pero es tanto lo que le gusta jugar\u2026 \u00a1que se olvida de ir al ba\u00f1o!<\/p>\n<p>Una tierna y divertida historia sobre un gran paso en la vida de los m\u00e1s peque\u00f1os: dejar los pa\u00f1ales. Con su simpat\u00eda y curiosidad de siempre, Coco se enfrenta a este nuevo desaf\u00edo lleno de descubrimientos, peque\u00f1os accidentes\u2026 \u00a1y muchos logros!<\/p>\n<p>Un libro ideal para acompa\u00f1ar el proceso de dejar los pa\u00f1ales con humor, paciencia y cari\u00f1o invitando a celebrar la autonom\u00eda, la confianza y el orgullo de crecer.<\/p>\n","protected":false},"excerpt":{"rendered":"<p>Coco no usa m\u00e1s pa\u00f1ales, pero es tanto lo que le gusta jugar\u2026 \u00a1que se olvida de ir al ba\u00f1o! Una tierna y divertida historia sobre un gran paso en la vida de los m\u00e1s peque\u00f1os: dejar los pa\u00f1ales. Con su simpat\u00eda y curiosidad de siempre, Coco se enfrenta a este nuevo desaf\u00edo lleno de [&hellip;]<\/p>\n","protected":false},"featured_media":27471,"comment_status":"open","ping_status":"closed","template":"","meta":{"site-sidebar-layout":"default","site-content-layout":"","ast-site-content-layout":"default","site-content-style":"default","site-sidebar-style":"default","ast-global-header-display":"","ast-banner-title-visibility":"","ast-main-header-display":"","ast-hfb-above-header-display":"","ast-hfb-below-header-display":"","ast-hfb-mobile-header-display":"","site-post-title":"","ast-breadcrumbs-content":"","ast-featured-img":"","footer-sml-layout":"","theme-transparent-header-meta":"default","adv-header-id-meta":"","stick-header-meta":"","header-above-stick-meta":"","header-main-stick-meta":"","header-below-stick-meta":"","astra-migrate-meta-layouts":"set","ast-page-background-enabled":"default","ast-page-background-meta":{"desktop":{"background-color":"","background-image":"","background-repeat":"repeat","background-position":"center center","background-size":"auto","background-attachment":"scroll","background-type":"","background-media":"","overlay-type":"","overlay-color":"","overlay-opacity":"","overlay-gradient":""},"tablet":{"background-color":"","background-image":"","background-repeat":"repeat","background-position":"center center","background-size":"auto","background-attachment":"scroll","background-type":"","background-media":"","overlay-type":"","overlay-color":"","overlay-opacity":"","overlay-gradient":""},"mobile":{"background-color":"","background-image":"","background-repeat":"repeat","background-position":"center center","background-size":"auto","background-attachment":"scroll","background-type":"","background-media":"","overlay-type":"","overlay-color":"","overlay-opacity":"","overlay-gradient":""}},"ast-content-background-meta":{"desktop":{"background-color":"var(--ast-global-color-5)","background-image":"","background-repeat":"repeat","background-position":"center center","background-size":"auto","background-attachment":"scroll","background-type":"","background-media":"","overlay-type":"","overlay-color":"","overlay-opacity":"","overlay-gradient":""},"tablet":{"background-color":"var(--ast-global-color-5)","background-image":"","background-repeat":"repeat","background-position":"center center","background-size":"auto","background-attachment":"scroll","background-type":"","background-media":"","overlay-type":"","overlay-color":"","overlay-opacity":"","overlay-gradient":""},"mobile":{"background-color":"var(--ast-global-color-5)","background-image":"","background-repeat":"repeat","background-position":"center center","background-size":"auto","background-attachment":"scroll","background-type":"","background-media":"","overlay-type":"","overlay-color":"","overlay-opacity":"","overlay-gradient":""}},"spay_email":""},"product_cat":[163,164,165,146,196,145],"product_tag":[],"_links":{"self":[{"href":"https:\/\/jugueterialudico.com.ar\/index.php?rest_route=\/wp\/v2\/product\/27470"}],"collection":[{"href":"https:\/\/jugueterialudico.com.ar\/index.php?rest_route=\/wp\/v2\/product"}],"about":[{"href":"https:\/\/jugueterialudico.com.ar\/index.php?rest_route=\/wp\/v2\/types\/product"}],"replies":[{"embeddable":true,"href":"https:\/\/jugueterialudico.com.ar\/index.php?rest_route=%2Fwp%2Fv2%2Fcomments&post=27470"}],"wp:featuredmedia":[{"embeddable":true,"href":"https:\/\/jugueterialudico.com.ar\/index.php?rest_route=\/wp\/v2\/media\/27471"}],"wp:attachment":[{"href":"https:\/\/jugueterialudico.com.ar\/index.php?rest_route=%2Fwp%2Fv2%2Fmedia&parent=27470"}],"wp:term":[{"taxonomy":"product_cat","embeddable":true,"href":"https:\/\/jugueterialudico.com.ar\/index.php?rest_route=%2Fwp%2Fv2%2Fproduct_cat&post=27470"},{"taxonomy":"product_tag","embeddable":true,"href":"https:\/\/jugueterialudico.com.ar\/index.php?rest_route=%2Fwp%2Fv2%2Fproduct_tag&post=27470"}],"curies":[{"name":"wp","href":"https:\/\/api.w.org\/{rel}","templated":true}]}}