{"id":27474,"date":"2026-03-26T10:54:45","date_gmt":"2026-03-26T13:54:45","guid":{"rendered":"https:\/\/jugueterialudico.com.ar\/?post_type=product&#038;p=27474"},"modified":"2026-03-26T10:54:46","modified_gmt":"2026-03-26T13:54:46","slug":"chau-teta-196","status":"publish","type":"product","link":"https:\/\/jugueterialudico.com.ar\/?product=chau-teta-196","title":{"rendered":"Chau teta &#8211; 196"},"content":{"rendered":"<p>CHAU, TETA Desde que naci\u00f3, a R\u00edo le gusta mucho tomar la teta. Fue creciendo, prob\u00f3 otras comidas y empez\u00f3 a caminar. Y un d\u00eda la mam\u00e1 le dijo que era tiempo de ir dici\u00e9ndole chau a la teta. Pero R\u00edo no estaba muy de acuerdo&#8230; Un cuento de las especialistas en lactancia y crianza lazonatal, lleno de amor y humor, para acompa\u00f1ar el destete respetuoso. ILEANA CONTRERA Es psic\u00f3loga recibida en la Universidad de Buenos Aires con Diploma de Honor. Es especialista en psicolog\u00eda cl\u00ednica infantojuvenil. Se form\u00f3 en psicolog\u00eda perinatal con el equipo de la doctora Alicia Oiberman y ha realizado formaciones en el Instituto Europeo de Salud Mental Perinatal. Desde el a\u00f1o 2013 es psic\u00f3loga de planta en el Hospital Dr. Alberto Balestrini. Anteriormente se ha desempe\u00f1ado como psic\u00f3loga concurrente y de guardia en el Hospital Infantojuvenil Dra. Carolina Tobar Garc\u00eda. En 2018 fund\u00f3, junto con su hermana Aldana, Lazo Natal, un espacio de acompa\u00f1amiento para embarazadas y familias recientes. Desde la cuenta lazonatal da informaci\u00f3n actualizada, atiende consultas y brinda talleres para la comunidad. ALDANA CONTRERA Es puericultora y consultora en crianza, recibida en la ACADP Asociaci\u00f3n Civil Argentina de Puericultura . Form\u00f3 parte del Servicio de Puericultura del Sanatorio Franch\u00edn de la Ciudad de Buenos Aires, en donde trabaj\u00f3 acompa\u00f1ando d\u00edadas en el inicio de sus lactancias. Se desempe\u00f1a como columnista especializada en crianza, lactancia e infancias en Radio Futur\u00f6ck. Es cofundadora de lazonatal, un espacio que brinda informaci\u00f3n actualizada a toda la gran comunidad virtual. Actualmente trabaja en consultorio particular, a domicilio y de manera online para extender sus servicios a todo el mundo. Adem\u00e1s, es mam\u00e1 de dos peque\u00f1as ni\u00f1as, Nina y Gala. Edad recomendada: A partir de 1 a\u00f1o.<\/p>\n","protected":false},"excerpt":{"rendered":"<p>CHAU, TETA Desde que naci\u00f3, a R\u00edo le gusta mucho tomar la teta. Fue creciendo, prob\u00f3 otras comidas y empez\u00f3 a caminar. Y un d\u00eda la mam\u00e1 le dijo que era tiempo de ir dici\u00e9ndole chau a la teta. Pero R\u00edo no estaba muy de acuerdo&#8230; Un cuento de las especialistas en lactancia y crianza [&hellip;]<\/p>\n","protected":false},"featured_media":27475,"comment_status":"open","ping_status":"closed","template":"","meta":{"site-sidebar-layout":"default","site-content-layout":"","ast-site-content-layout":"default","site-content-style":"default","site-sidebar-style":"default","ast-global-header-display":"","ast-banner-title-visibility":"","ast-main-header-display":"","ast-hfb-above-header-display":"","ast-hfb-below-header-display":"","ast-hfb-mobile-header-display":"","site-post-title":"","ast-breadcrumbs-content":"","ast-featured-img":"","footer-sml-layout":"","theme-transparent-header-meta":"default","adv-header-id-meta":"","stick-header-meta":"","header-above-stick-meta":"","header-main-stick-meta":"","header-below-stick-meta":"","astra-migrate-meta-layouts":"set","ast-page-background-enabled":"default","ast-page-background-meta":{"desktop":{"background-color":"","background-image":"","background-repeat":"repeat","background-position":"center center","background-size":"auto","background-attachment":"scroll","background-type":"","background-media":"","overlay-type":"","overlay-color":"","overlay-opacity":"","overlay-gradient":""},"tablet":{"background-color":"","background-image":"","background-repeat":"repeat","background-position":"center center","background-size":"auto","background-attachment":"scroll","background-type":"","background-media":"","overlay-type":"","overlay-color":"","overlay-opacity":"","overlay-gradient":""},"mobile":{"background-color":"","background-image":"","background-repeat":"repeat","background-position":"center center","background-size":"auto","background-attachment":"scroll","background-type":"","background-media":"","overlay-type":"","overlay-color":"","overlay-opacity":"","overlay-gradient":""}},"ast-content-background-meta":{"desktop":{"background-color":"var(--ast-global-color-5)","background-image":"","background-repeat":"repeat","background-position":"center center","background-size":"auto","background-attachment":"scroll","background-type":"","background-media":"","overlay-type":"","overlay-color":"","overlay-opacity":"","overlay-gradient":""},"tablet":{"background-color":"var(--ast-global-color-5)","background-image":"","background-repeat":"repeat","background-position":"center center","background-size":"auto","background-attachment":"scroll","background-type":"","background-media":"","overlay-type":"","overlay-color":"","overlay-opacity":"","overlay-gradient":""},"mobile":{"background-color":"var(--ast-global-color-5)","background-image":"","background-repeat":"repeat","background-position":"center center","background-size":"auto","background-attachment":"scroll","background-type":"","background-media":"","overlay-type":"","overlay-color":"","overlay-opacity":"","overlay-gradient":""}},"spay_email":""},"product_cat":[161,163,164,146,196,145],"product_tag":[],"_links":{"self":[{"href":"https:\/\/jugueterialudico.com.ar\/index.php?rest_route=\/wp\/v2\/product\/27474"}],"collection":[{"href":"https:\/\/jugueterialudico.com.ar\/index.php?rest_route=\/wp\/v2\/product"}],"about":[{"href":"https:\/\/jugueterialudico.com.ar\/index.php?rest_route=\/wp\/v2\/types\/product"}],"replies":[{"embeddable":true,"href":"https:\/\/jugueterialudico.com.ar\/index.php?rest_route=%2Fwp%2Fv2%2Fcomments&post=27474"}],"wp:featuredmedia":[{"embeddable":true,"href":"https:\/\/jugueterialudico.com.ar\/index.php?rest_route=\/wp\/v2\/media\/27475"}],"wp:attachment":[{"href":"https:\/\/jugueterialudico.com.ar\/index.php?rest_route=%2Fwp%2Fv2%2Fmedia&parent=27474"}],"wp:term":[{"taxonomy":"product_cat","embeddable":true,"href":"https:\/\/jugueterialudico.com.ar\/index.php?rest_route=%2Fwp%2Fv2%2Fproduct_cat&post=27474"},{"taxonomy":"product_tag","embeddable":true,"href":"https:\/\/jugueterialudico.com.ar\/index.php?rest_route=%2Fwp%2Fv2%2Fproduct_tag&post=27474"}],"curies":[{"name":"wp","href":"https:\/\/api.w.org\/{rel}","templated":true}]}}