{"id":27494,"date":"2026-04-10T10:54:32","date_gmt":"2026-04-10T13:54:32","guid":{"rendered":"https:\/\/jugueterialudico.com.ar\/?post_type=product&#038;p=27494"},"modified":"2026-04-10T10:54:33","modified_gmt":"2026-04-10T13:54:33","slug":"apreta-ya-005","status":"publish","type":"product","link":"https:\/\/jugueterialudico.com.ar\/?product=apreta-ya-005","title":{"rendered":"APRETA YA &#8211; 005"},"content":{"rendered":"<p>Apreta Ya! es un juego de mesa dise\u00f1ado para aquellos que buscan diversi\u00f3n y estrategia en cada partida. Con una din\u00e1mica \u00e1gil y emocionante, este juego es ideal para reuniones familiares o con amigos, donde la risa y la competencia se entrelazan en un ambiente ameno.<\/p>\n<p>Apreta Ya! ofrece un dise\u00f1o atractivo y f\u00e1cil de entender, lo que lo convierte en una opci\u00f3n perfecta tanto para jugadores experimentados como para principiantes. Su contenido en espa\u00f1ol asegura que todos los participantes puedan disfrutar de la experiencia sin barreras lingu\u00edsticas. Cada partida promete ser \u00fanica, ya que los jugadores deber\u00e1n tomar decisiones r\u00e1pidas y estrat\u00e9gicas para superar a sus oponentes.<\/p>\n<p>Apreta Ya! no solo es un juego, sino una oportunidad para crear recuerdos inolvidables mientras se desaf\u00edan las habilidades de cada jugador. Ideal para grupos de 3 a 6 personas, Apreta Ya! se convierte en el centro de atenci\u00f3n en cualquier reuni\u00f3n. Atr\u00e9vete a apretar el bot\u00f3n de la diversi\u00f3n y descubre qui\u00e9n se coronar\u00e1 como el campe\u00f3n en esta emocionante aventura.<\/p>\n","protected":false},"excerpt":{"rendered":"<p>Apreta Ya! es un juego de mesa dise\u00f1ado para aquellos que buscan diversi\u00f3n y estrategia en cada partida. Con una din\u00e1mica \u00e1gil y emocionante, este juego es ideal para reuniones familiares o con amigos, donde la risa y la competencia se entrelazan en un ambiente ameno. Apreta Ya! ofrece un dise\u00f1o atractivo y f\u00e1cil de [&hellip;]<\/p>\n","protected":false},"featured_media":27495,"comment_status":"open","ping_status":"closed","template":"","meta":{"site-sidebar-layout":"default","site-content-layout":"","ast-site-content-layout":"default","site-content-style":"default","site-sidebar-style":"default","ast-global-header-display":"","ast-banner-title-visibility":"","ast-main-header-display":"","ast-hfb-above-header-display":"","ast-hfb-below-header-display":"","ast-hfb-mobile-header-display":"","site-post-title":"","ast-breadcrumbs-content":"","ast-featured-img":"","footer-sml-layout":"","theme-transparent-header-meta":"default","adv-header-id-meta":"","stick-header-meta":"","header-above-stick-meta":"","header-main-stick-meta":"","header-below-stick-meta":"","astra-migrate-meta-layouts":"set","ast-page-background-enabled":"default","ast-page-background-meta":{"desktop":{"background-color":"","background-image":"","background-repeat":"repeat","background-position":"center center","background-size":"auto","background-attachment":"scroll","background-type":"","background-media":"","overlay-type":"","overlay-color":"","overlay-opacity":"","overlay-gradient":""},"tablet":{"background-color":"","background-image":"","background-repeat":"repeat","background-position":"center center","background-size":"auto","background-attachment":"scroll","background-type":"","background-media":"","overlay-type":"","overlay-color":"","overlay-opacity":"","overlay-gradient":""},"mobile":{"background-color":"","background-image":"","background-repeat":"repeat","background-position":"center center","background-size":"auto","background-attachment":"scroll","background-type":"","background-media":"","overlay-type":"","overlay-color":"","overlay-opacity":"","overlay-gradient":""}},"ast-content-background-meta":{"desktop":{"background-color":"var(--ast-global-color-5)","background-image":"","background-repeat":"repeat","background-position":"center center","background-size":"auto","background-attachment":"scroll","background-type":"","background-media":"","overlay-type":"","overlay-color":"","overlay-opacity":"","overlay-gradient":""},"tablet":{"background-color":"var(--ast-global-color-5)","background-image":"","background-repeat":"repeat","background-position":"center center","background-size":"auto","background-attachment":"scroll","background-type":"","background-media":"","overlay-type":"","overlay-color":"","overlay-opacity":"","overlay-gradient":""},"mobile":{"background-color":"var(--ast-global-color-5)","background-image":"","background-repeat":"repeat","background-position":"center center","background-size":"auto","background-attachment":"scroll","background-type":"","background-media":"","overlay-type":"","overlay-color":"","overlay-opacity":"","overlay-gradient":""}},"spay_email":""},"product_cat":[185,166,167,74],"product_tag":[],"_links":{"self":[{"href":"https:\/\/jugueterialudico.com.ar\/index.php?rest_route=\/wp\/v2\/product\/27494"}],"collection":[{"href":"https:\/\/jugueterialudico.com.ar\/index.php?rest_route=\/wp\/v2\/product"}],"about":[{"href":"https:\/\/jugueterialudico.com.ar\/index.php?rest_route=\/wp\/v2\/types\/product"}],"replies":[{"embeddable":true,"href":"https:\/\/jugueterialudico.com.ar\/index.php?rest_route=%2Fwp%2Fv2%2Fcomments&post=27494"}],"wp:featuredmedia":[{"embeddable":true,"href":"https:\/\/jugueterialudico.com.ar\/index.php?rest_route=\/wp\/v2\/media\/27495"}],"wp:attachment":[{"href":"https:\/\/jugueterialudico.com.ar\/index.php?rest_route=%2Fwp%2Fv2%2Fmedia&parent=27494"}],"wp:term":[{"taxonomy":"product_cat","embeddable":true,"href":"https:\/\/jugueterialudico.com.ar\/index.php?rest_route=%2Fwp%2Fv2%2Fproduct_cat&post=27494"},{"taxonomy":"product_tag","embeddable":true,"href":"https:\/\/jugueterialudico.com.ar\/index.php?rest_route=%2Fwp%2Fv2%2Fproduct_tag&post=27494"}],"curies":[{"name":"wp","href":"https:\/\/api.w.org\/{rel}","templated":true}]}}