{"id":27505,"date":"2026-04-13T10:41:43","date_gmt":"2026-04-13T13:41:43","guid":{"rendered":"https:\/\/jugueterialudico.com.ar\/?post_type=product&#038;p=27505"},"modified":"2026-04-17T16:54:14","modified_gmt":"2026-04-17T19:54:14","slug":"luminias-dinosaurios-101","status":"publish","type":"product","link":"https:\/\/jugueterialudico.com.ar\/?product=luminias-dinosaurios-101","title":{"rendered":"LUMINIAS DINOSAURIOS &#8211; 101"},"content":{"rendered":"<h3>Enciclopedia de dinosaurios<\/h3>\n<p>&nbsp;<\/p>\n<h4 style=\"font-weight: 400;\">Ahora en su nueva presentaci\u00f3n Luminias Clap!, con un estuche y cierre magn\u00e9tico, ideal para guardar y proteger tu colecci\u00f3n.<\/h4>\n<p>&nbsp;<\/p>\n<p><iframe loading=\"lazy\" title=\"YouTube video player\" src=\"https:\/\/www.youtube.com\/embed\/-XiEY17qqF0?si=lnLi4hOTIHXg_zKF\" width=\"560\" height=\"315\" frameborder=\"0\" allowfullscreen=\"allowfullscreen\"><\/iframe><\/p>\n","protected":false},"excerpt":{"rendered":"<h4>Enciclopedia tem\u00e1tica dise\u00f1ada para aprender jugando.<\/h4>\n<p>&nbsp;<\/p>\n<h5>Contiene: fichas infogr\u00e1ficas doble faz, presentadas a modo de p\u00e1ginas sueltas en la obra, ideales para ser utilizadas de forma interactiva.<\/h5>\n<h5>Su informaci\u00f3n categorizada facilita la comprensi\u00f3n mediante la lectura, la comparaci\u00f3n y la deducci\u00f3n.<\/h5>\n<h5>En esta colecci\u00f3n conocer\u00e1s a las magn\u00edficas y sorprendentes criaturas que habitaron nuestro planeta hace millones de a\u00f1os. Podr\u00e1s entender, mediante escalas, mapas y datos su apariencia, comportamiento y el mundo en el que viv\u00edan.<\/h5>\n<h5>Adem\u00e1s, podr\u00e1s jugar comparando sus curiosidades y divertirte con tres din\u00e1micas para compartir con familia y amigos.<\/h5>\n<p>&nbsp;<\/p>\n<h5>\u00a1Desaf\u00eda a tus compa\u00f1eros y convertite en un experto!<\/h5>\n","protected":false},"featured_media":27512,"comment_status":"open","ping_status":"closed","template":"","meta":{"site-sidebar-layout":"default","site-content-layout":"","ast-site-content-layout":"default","site-content-style":"default","site-sidebar-style":"default","ast-global-header-display":"","ast-banner-title-visibility":"","ast-main-header-display":"","ast-hfb-above-header-display":"","ast-hfb-below-header-display":"","ast-hfb-mobile-header-display":"","site-post-title":"","ast-breadcrumbs-content":"","ast-featured-img":"","footer-sml-layout":"","theme-transparent-header-meta":"default","adv-header-id-meta":"","stick-header-meta":"","header-above-stick-meta":"","header-main-stick-meta":"","header-below-stick-meta":"","astra-migrate-meta-layouts":"set","ast-page-background-enabled":"default","ast-page-background-meta":{"desktop":{"background-color":"","background-image":"","background-repeat":"repeat","background-position":"center center","background-size":"auto","background-attachment":"scroll","background-type":"","background-media":"","overlay-type":"","overlay-color":"","overlay-opacity":"","overlay-gradient":""},"tablet":{"background-color":"","background-image":"","background-repeat":"repeat","background-position":"center center","background-size":"auto","background-attachment":"scroll","background-type":"","background-media":"","overlay-type":"","overlay-color":"","overlay-opacity":"","overlay-gradient":""},"mobile":{"background-color":"","background-image":"","background-repeat":"repeat","background-position":"center center","background-size":"auto","background-attachment":"scroll","background-type":"","background-media":"","overlay-type":"","overlay-color":"","overlay-opacity":"","overlay-gradient":""}},"ast-content-background-meta":{"desktop":{"background-color":"var(--ast-global-color-5)","background-image":"","background-repeat":"repeat","background-position":"center center","background-size":"auto","background-attachment":"scroll","background-type":"","background-media":"","overlay-type":"","overlay-color":"","overlay-opacity":"","overlay-gradient":""},"tablet":{"background-color":"var(--ast-global-color-5)","background-image":"","background-repeat":"repeat","background-position":"center center","background-size":"auto","background-attachment":"scroll","background-type":"","background-media":"","overlay-type":"","overlay-color":"","overlay-opacity":"","overlay-gradient":""},"mobile":{"background-color":"var(--ast-global-color-5)","background-image":"","background-repeat":"repeat","background-position":"center center","background-size":"auto","background-attachment":"scroll","background-type":"","background-media":"","overlay-type":"","overlay-color":"","overlay-opacity":"","overlay-gradient":""}},"spay_email":""},"product_cat":[166,167,146],"product_tag":[],"_links":{"self":[{"href":"https:\/\/jugueterialudico.com.ar\/index.php?rest_route=\/wp\/v2\/product\/27505"}],"collection":[{"href":"https:\/\/jugueterialudico.com.ar\/index.php?rest_route=\/wp\/v2\/product"}],"about":[{"href":"https:\/\/jugueterialudico.com.ar\/index.php?rest_route=\/wp\/v2\/types\/product"}],"replies":[{"embeddable":true,"href":"https:\/\/jugueterialudico.com.ar\/index.php?rest_route=%2Fwp%2Fv2%2Fcomments&post=27505"}],"wp:featuredmedia":[{"embeddable":true,"href":"https:\/\/jugueterialudico.com.ar\/index.php?rest_route=\/wp\/v2\/media\/27512"}],"wp:attachment":[{"href":"https:\/\/jugueterialudico.com.ar\/index.php?rest_route=%2Fwp%2Fv2%2Fmedia&parent=27505"}],"wp:term":[{"taxonomy":"product_cat","embeddable":true,"href":"https:\/\/jugueterialudico.com.ar\/index.php?rest_route=%2Fwp%2Fv2%2Fproduct_cat&post=27505"},{"taxonomy":"product_tag","embeddable":true,"href":"https:\/\/jugueterialudico.com.ar\/index.php?rest_route=%2Fwp%2Fv2%2Fproduct_tag&post=27505"}],"curies":[{"name":"wp","href":"https:\/\/api.w.org\/{rel}","templated":true}]}}