{"id":27515,"date":"2026-04-15T11:21:43","date_gmt":"2026-04-15T14:21:43","guid":{"rendered":"https:\/\/jugueterialudico.com.ar\/?post_type=product&#038;p=27515"},"modified":"2026-04-22T18:40:48","modified_gmt":"2026-04-22T21:40:48","slug":"libro-beni-en-el-bosque-061","status":"publish","type":"product","link":"https:\/\/jugueterialudico.com.ar\/?product=libro-beni-en-el-bosque-061","title":{"rendered":"LIBRO BENI EN EL BOSQUE &#8211; 061"},"content":{"rendered":"<p><strong data-start=\"62\" data-end=\"112\">Libro de actividades para beb\u00e9s (a partir de 12 meses)<\/strong><br data-start=\"112\" data-end=\"115\" \/>Un libro pensado para acompa\u00f1ar el desarrollo de tu beb\u00e9 a trav\u00e9s del juego:<\/p>\n<ul data-start=\"194\" data-end=\"556\">\n<li data-start=\"194\" data-end=\"266\">\n<p data-start=\"196\" data-end=\"266\">\ud83d\udc4b\u00a0<strong data-start=\"199\" data-end=\"224\">Coordinaci\u00f3n ojo-mano<\/strong>: ejercita la concentraci\u00f3n y precisi\u00f3n.<\/p>\n<\/li>\n<li data-start=\"267\" data-end=\"332\">\n<p data-start=\"269\" data-end=\"332\">\u270b\u00a0<strong data-start=\"271\" data-end=\"290\">Motricidad fina<\/strong>: favorece el movimiento de los deditos.<\/p>\n<\/li>\n<li data-start=\"333\" data-end=\"387\">\n<p data-start=\"335\" data-end=\"387\">\ud83e\uddf5\u00a0<strong data-start=\"338\" data-end=\"351\">Enhebrado<\/strong>: desarrolla paciencia y destreza.<\/p>\n<\/li>\n<li data-start=\"388\" data-end=\"467\">\n<p data-start=\"390\" data-end=\"467\">\ud83d\udc3b\u00a0<strong data-start=\"393\" data-end=\"416\">Animales escondidos<\/strong>: estimula la curiosidad y el pensamiento l\u00f3gico.<\/p>\n<\/li>\n<\/ul>\n","protected":false},"excerpt":{"rendered":"<p>Libro de actividades para beb\u00e9s (a partir de 12 meses)Un libro pensado para acompa\u00f1ar el desarrollo de tu beb\u00e9 a trav\u00e9s del juego: \ud83d\udc4b\u00a0Coordinaci\u00f3n ojo-mano: ejercita la concentraci\u00f3n y precisi\u00f3n. \u270b\u00a0Motricidad fina: favorece el movimiento de los deditos. \ud83e\uddf5\u00a0Enhebrado: desarrolla paciencia y destreza. \ud83d\udc3b\u00a0Animales escondidos: estimula la curiosidad y el pensamiento l\u00f3gico.<\/p>\n","protected":false},"featured_media":27516,"comment_status":"open","ping_status":"closed","template":"","meta":{"site-sidebar-layout":"default","site-content-layout":"","ast-site-content-layout":"default","site-content-style":"default","site-sidebar-style":"default","ast-global-header-display":"","ast-banner-title-visibility":"","ast-main-header-display":"","ast-hfb-above-header-display":"","ast-hfb-below-header-display":"","ast-hfb-mobile-header-display":"","site-post-title":"","ast-breadcrumbs-content":"","ast-featured-img":"","footer-sml-layout":"","theme-transparent-header-meta":"default","adv-header-id-meta":"","stick-header-meta":"","header-above-stick-meta":"","header-main-stick-meta":"","header-below-stick-meta":"","astra-migrate-meta-layouts":"set","ast-page-background-enabled":"default","ast-page-background-meta":{"desktop":{"background-color":"","background-image":"","background-repeat":"repeat","background-position":"center center","background-size":"auto","background-attachment":"scroll","background-type":"","background-media":"","overlay-type":"","overlay-color":"","overlay-opacity":"","overlay-gradient":""},"tablet":{"background-color":"","background-image":"","background-repeat":"repeat","background-position":"center center","background-size":"auto","background-attachment":"scroll","background-type":"","background-media":"","overlay-type":"","overlay-color":"","overlay-opacity":"","overlay-gradient":""},"mobile":{"background-color":"","background-image":"","background-repeat":"repeat","background-position":"center center","background-size":"auto","background-attachment":"scroll","background-type":"","background-media":"","overlay-type":"","overlay-color":"","overlay-opacity":"","overlay-gradient":""}},"ast-content-background-meta":{"desktop":{"background-color":"var(--ast-global-color-5)","background-image":"","background-repeat":"repeat","background-position":"center center","background-size":"auto","background-attachment":"scroll","background-type":"","background-media":"","overlay-type":"","overlay-color":"","overlay-opacity":"","overlay-gradient":""},"tablet":{"background-color":"var(--ast-global-color-5)","background-image":"","background-repeat":"repeat","background-position":"center center","background-size":"auto","background-attachment":"scroll","background-type":"","background-media":"","overlay-type":"","overlay-color":"","overlay-opacity":"","overlay-gradient":""},"mobile":{"background-color":"var(--ast-global-color-5)","background-image":"","background-repeat":"repeat","background-position":"center center","background-size":"auto","background-attachment":"scroll","background-type":"","background-media":"","overlay-type":"","overlay-color":"","overlay-opacity":"","overlay-gradient":""}},"spay_email":""},"product_cat":[162,161,163,164,146,76,196,145,159],"product_tag":[],"_links":{"self":[{"href":"https:\/\/jugueterialudico.com.ar\/index.php?rest_route=\/wp\/v2\/product\/27515"}],"collection":[{"href":"https:\/\/jugueterialudico.com.ar\/index.php?rest_route=\/wp\/v2\/product"}],"about":[{"href":"https:\/\/jugueterialudico.com.ar\/index.php?rest_route=\/wp\/v2\/types\/product"}],"replies":[{"embeddable":true,"href":"https:\/\/jugueterialudico.com.ar\/index.php?rest_route=%2Fwp%2Fv2%2Fcomments&post=27515"}],"wp:featuredmedia":[{"embeddable":true,"href":"https:\/\/jugueterialudico.com.ar\/index.php?rest_route=\/wp\/v2\/media\/27516"}],"wp:attachment":[{"href":"https:\/\/jugueterialudico.com.ar\/index.php?rest_route=%2Fwp%2Fv2%2Fmedia&parent=27515"}],"wp:term":[{"taxonomy":"product_cat","embeddable":true,"href":"https:\/\/jugueterialudico.com.ar\/index.php?rest_route=%2Fwp%2Fv2%2Fproduct_cat&post=27515"},{"taxonomy":"product_tag","embeddable":true,"href":"https:\/\/jugueterialudico.com.ar\/index.php?rest_route=%2Fwp%2Fv2%2Fproduct_tag&post=27515"}],"curies":[{"name":"wp","href":"https:\/\/api.w.org\/{rel}","templated":true}]}}